
{"id":1782,"date":"2018-02-07T21:07:59","date_gmt":"2018-02-07T21:07:59","guid":{"rendered":"https:\/\/dev.originltd.com\/?page_id=1782"},"modified":"2024-01-04T14:30:35","modified_gmt":"2024-01-04T14:30:35","slug":"corporate-responsibility","status":"publish","type":"page","link":"https:\/\/originltd.com\/de\/about-us\/corporate-responsibility\/","title":{"rendered":"Soziale Unternehmensverantwortung"},"content":{"rendered":"<div class=\"wpb-content-wrapper\"><div class=\"vc_row wpb_row vc_row-fluid\"><div class=\"wpb_column vc_column_container vc_col-sm-12\"><div class=\"vc_column-inner\"><div class=\"wpb_wrapper\">\n\t<div class=\"wpb_text_column wpb_content_element wpb_animate_when_almost_visible wpb_fadeInUp fadeInUp\" >\n\t\t<div class=\"wpb_wrapper\">\n\t\t\t<p>Im Mittelpunkt unseres Handelns bei Origin steht unser Grundwert \"F\u00fcr die Gesundheit. F\u00fcr das Leben\". Wir arbeiten zielstrebig darauf hin, dass dieser Wert in alle Elemente unseres Unternehmens einflie\u00dft, von der Art und Weise, wie wir mit unseren Kunden und Lieferanten zusammenarbeiten, bis hin zu unseren gemeinn\u00fctzigen und wohlt\u00e4tigen Aktivit\u00e4ten.<\/p>\n<p class=\"translation-block\">Die Werte von Origin sind in allen internen und externen Dienstleistungen des Unternehmens tief verankert. Das Ziel von Origin ist der Schutz der Gesundheit und die Antwort auf Hoffnungen von sieben Milliarden M\u00e4nnern und Frauen auf der ganzen Welt. Wir f\u00fchlen uns allen unseren <strong>Stakeholdern<\/strong> gegen\u00fcber verantwortlich. Au\u00dferdem setzen wir uns f\u00fcr einen besseren Zugang zu innovativen und sicheren Gesundheitsl\u00f6sungen f\u00fcr Patienten, f\u00fcr die Einhaltung hoher ethischen Standards bei allen unseren T\u00e4tigkeiten, f\u00fcr die F\u00f6rderung der Weiterentwicklung unserer Mitarbeiter und f\u00fcr den Respekt f\u00fcr die Umwelt.<\/p>\n<p>Entsprechend dem Wesen und der Vision unseres Unternehmens sch\u00e4tzen und unterst\u00fctzen wir die gemeinn\u00fctzigen Wohlt\u00e4tigkeitsorganisationen.<\/p>\n<p>Die Spenden sind das Ergebnis direkter Spenden und von Verpackungsaktionen in Zusammenarbeit mit benannten Wohlt\u00e4tigkeitsorganisationen. Einige Au\u00dfenverpackungen der Marke Origin tragen das Logo repr\u00e4sentativer Wohlt\u00e4tigkeitsorganisationen.<\/p>\n\n\t\t<\/div>\n\t<\/div>\n\r\n\n\t<div class=\"wpb_text_column wpb_content_element\" >\n\t\t<div class=\"wpb_wrapper\">\n\t\t\t<p>Bitte laden Sie unser offizielles Dokument zur sozialen Verantwortung von Unternehmen aus dem Jahr 2022 herunter, in dem wir unsere Initiativen innerhalb und au\u00dferhalb unseres Unternehmens erl\u00e4utern. Von der ethischen Verantwortung bis hin zur Unterst\u00fctzung von Wohlt\u00e4tigkeitsorganisationen, die unserer Meinung nach soziale und gesundheitliche Ziele verfolgen, geben wir einen Einblick in unsere Arbeit, die zu einer guten Corporate Social Responsibility-Praxis f\u00fchrt.<\/p>\n\n\t\t<\/div>\n\t<\/div>\n\r\n<div class=\"vc_btn3-container  btn-child-resistant-landing vc_btn3-center vc_do_btn\" ><a class=\"vc_general vc_btn3 vc_btn3-size-md vc_btn3-shape-rounded vc_btn3-style-flat vc_btn3-icon-right vc_btn3-color-turquoise\" href=\"https:\/\/originltd.in-beta.dev\/wp-content\/uploads\/2022\/04\/Origin-Corporate-Social-Responsibility-2022.pdf\" title=\"\" target=\"_blank\">Herunterladen <i class=\"vc_btn3-icon fas fa-arrow-alt-circle-down\"><\/i><\/a><\/div>\r\n\n\t<div class=\"wpb_text_column wpb_content_element wpb_animate_when_almost_visible wpb_fadeInUp fadeInUp\" >\n\t\t<div class=\"wpb_wrapper\">\n\t\t\t<div id='gallery-1' class='gallery galleryid-1782 gallery-columns-4 gallery-size-medium'><figure class='gallery-item'>\n\t\t\t<div class='gallery-icon landscape'>\n\t\t\t\t<a href='https:\/\/originltd.com\/wp-content\/uploads\/2018\/02\/barnardos.jpg'><img loading=\"lazy\" decoding=\"async\" width=\"250\" height=\"250\" src=\"https:\/\/originltd.com\/wp-content\/uploads\/2018\/02\/barnardos.jpg\" class=\"attachment-medium size-medium\" alt=\"Barnardos\" srcset=\"https:\/\/originltd.com\/wp-content\/uploads\/2018\/02\/barnardos.jpg 250w, https:\/\/originltd.com\/wp-content\/uploads\/2018\/02\/barnardos-100x100.jpg 100w, https:\/\/originltd.com\/wp-content\/uploads\/2018\/02\/barnardos-150x150.jpg 150w\" sizes=\"auto, (max-width: 250px) 100vw, 250px\" \/><\/a>\n\t\t\t<\/div><\/figure><figure class='gallery-item'>\n\t\t\t<div class='gallery-icon landscape'>\n\t\t\t\t<a href='https:\/\/originltd.com\/wp-content\/uploads\/2018\/02\/cancer-research.jpg'><img loading=\"lazy\" decoding=\"async\" width=\"250\" height=\"250\" src=\"https:\/\/originltd.com\/wp-content\/uploads\/2018\/02\/cancer-research.jpg\" class=\"attachment-medium size-medium\" alt=\"Krebsforschung\" srcset=\"https:\/\/originltd.com\/wp-content\/uploads\/2018\/02\/cancer-research.jpg 250w, https:\/\/originltd.com\/wp-content\/uploads\/2018\/02\/cancer-research-100x100.jpg 100w, https:\/\/originltd.com\/wp-content\/uploads\/2018\/02\/cancer-research-150x150.jpg 150w\" sizes=\"auto, (max-width: 250px) 100vw, 250px\" \/><\/a>\n\t\t\t<\/div><\/figure><figure class='gallery-item'>\n\t\t\t<div class='gallery-icon landscape'>\n\t\t\t\t<a href='https:\/\/originltd.com\/wp-content\/uploads\/2018\/02\/great-ormond-street.jpg'><img loading=\"lazy\" decoding=\"async\" width=\"250\" height=\"250\" src=\"https:\/\/originltd.com\/wp-content\/uploads\/2018\/02\/great-ormond-street.jpg\" class=\"attachment-medium size-medium\" alt=\"Gro\u00dfe Ormondstra\u00dfe\" srcset=\"https:\/\/originltd.com\/wp-content\/uploads\/2018\/02\/great-ormond-street.jpg 250w, https:\/\/originltd.com\/wp-content\/uploads\/2018\/02\/great-ormond-street-100x100.jpg 100w, https:\/\/originltd.com\/wp-content\/uploads\/2018\/02\/great-ormond-street-150x150.jpg 150w\" sizes=\"auto, (max-width: 250px) 100vw, 250px\" \/><\/a>\n\t\t\t<\/div><\/figure><figure class='gallery-item'>\n\t\t\t<div class='gallery-icon landscape'>\n\t\t\t\t<a href='https:\/\/originltd.com\/wp-content\/uploads\/2018\/02\/help-for-heroes.jpg'><img loading=\"lazy\" decoding=\"async\" width=\"250\" height=\"250\" src=\"https:\/\/originltd.com\/wp-content\/uploads\/2018\/02\/help-for-heroes.jpg\" class=\"attachment-medium size-medium\" alt=\"Hilfe f\u00fcr Helden\" srcset=\"https:\/\/originltd.com\/wp-content\/uploads\/2018\/02\/help-for-heroes.jpg 250w, https:\/\/originltd.com\/wp-content\/uploads\/2018\/02\/help-for-heroes-100x100.jpg 100w, https:\/\/originltd.com\/wp-content\/uploads\/2018\/02\/help-for-heroes-150x150.jpg 150w\" sizes=\"auto, (max-width: 250px) 100vw, 250px\" \/><\/a>\n\t\t\t<\/div><\/figure><figure class='gallery-item'>\n\t\t\t<div class='gallery-icon landscape'>\n\t\t\t\t<a href='https:\/\/originltd.com\/wp-content\/uploads\/2018\/02\/macmillan.jpg'><img loading=\"lazy\" decoding=\"async\" width=\"250\" height=\"250\" src=\"https:\/\/originltd.com\/wp-content\/uploads\/2018\/02\/macmillan.jpg\" class=\"attachment-medium size-medium\" alt=\"Wir sind Macmillan\" srcset=\"https:\/\/originltd.com\/wp-content\/uploads\/2018\/02\/macmillan.jpg 250w, https:\/\/originltd.com\/wp-content\/uploads\/2018\/02\/macmillan-100x100.jpg 100w, https:\/\/originltd.com\/wp-content\/uploads\/2018\/02\/macmillan-150x150.jpg 150w\" sizes=\"auto, (max-width: 250px) 100vw, 250px\" \/><\/a>\n\t\t\t<\/div><\/figure><figure class='gallery-item'>\n\t\t\t<div class='gallery-icon landscape'>\n\t\t\t\t<a href='https:\/\/originltd.com\/wp-content\/uploads\/2018\/02\/marie-curie.jpg'><img loading=\"lazy\" decoding=\"async\" width=\"250\" height=\"250\" src=\"https:\/\/originltd.com\/wp-content\/uploads\/2018\/02\/marie-curie.jpg\" class=\"attachment-medium size-medium\" alt=\"Marie Curie\" srcset=\"https:\/\/originltd.com\/wp-content\/uploads\/2018\/02\/marie-curie.jpg 250w, https:\/\/originltd.com\/wp-content\/uploads\/2018\/02\/marie-curie-100x100.jpg 100w, https:\/\/originltd.com\/wp-content\/uploads\/2018\/02\/marie-curie-150x150.jpg 150w\" sizes=\"auto, (max-width: 250px) 100vw, 250px\" \/><\/a>\n\t\t\t<\/div><\/figure><figure class='gallery-item'>\n\t\t\t<div class='gallery-icon landscape'>\n\t\t\t\t<a href='https:\/\/originltd.com\/wp-content\/uploads\/2018\/02\/oxfam.jpg'><img loading=\"lazy\" decoding=\"async\" width=\"250\" height=\"250\" src=\"https:\/\/originltd.com\/wp-content\/uploads\/2018\/02\/oxfam.jpg\" class=\"attachment-medium size-medium\" alt=\"Oxfam\" srcset=\"https:\/\/originltd.com\/wp-content\/uploads\/2018\/02\/oxfam.jpg 250w, https:\/\/originltd.com\/wp-content\/uploads\/2018\/02\/oxfam-100x100.jpg 100w, https:\/\/originltd.com\/wp-content\/uploads\/2018\/02\/oxfam-150x150.jpg 150w\" sizes=\"auto, (max-width: 250px) 100vw, 250px\" \/><\/a>\n\t\t\t<\/div><\/figure><figure class='gallery-item'>\n\t\t\t<div class='gallery-icon landscape'>\n\t\t\t\t<a href='https:\/\/originltd.com\/wp-content\/uploads\/2018\/02\/rnib.jpg'><img loading=\"lazy\" decoding=\"async\" width=\"250\" height=\"250\" src=\"https:\/\/originltd.com\/wp-content\/uploads\/2018\/02\/rnib.jpg\" class=\"attachment-medium size-medium\" alt=\"RNIB\" srcset=\"https:\/\/originltd.com\/wp-content\/uploads\/2018\/02\/rnib.jpg 250w, https:\/\/originltd.com\/wp-content\/uploads\/2018\/02\/rnib-100x100.jpg 100w, https:\/\/originltd.com\/wp-content\/uploads\/2018\/02\/rnib-150x150.jpg 150w\" sizes=\"auto, (max-width: 250px) 100vw, 250px\" \/><\/a>\n\t\t\t<\/div><\/figure><figure class='gallery-item'>\n\t\t\t<div class='gallery-icon landscape'>\n\t\t\t\t<a href='https:\/\/originltd.com\/wp-content\/uploads\/2018\/02\/lifeboats.jpg'><img loading=\"lazy\" decoding=\"async\" width=\"250\" height=\"250\" src=\"https:\/\/originltd.com\/wp-content\/uploads\/2018\/02\/lifeboats.jpg\" class=\"attachment-medium size-medium\" alt=\"Rettungsboote\" srcset=\"https:\/\/originltd.com\/wp-content\/uploads\/2018\/02\/lifeboats.jpg 250w, https:\/\/originltd.com\/wp-content\/uploads\/2018\/02\/lifeboats-100x100.jpg 100w, https:\/\/originltd.com\/wp-content\/uploads\/2018\/02\/lifeboats-150x150.jpg 150w\" sizes=\"auto, (max-width: 250px) 100vw, 250px\" \/><\/a>\n\t\t\t<\/div><\/figure><figure class='gallery-item'>\n\t\t\t<div class='gallery-icon landscape'>\n\t\t\t\t<a href='https:\/\/originltd.com\/wp-content\/uploads\/2018\/02\/save-the-children.jpg'><img loading=\"lazy\" decoding=\"async\" width=\"250\" height=\"250\" src=\"https:\/\/originltd.com\/wp-content\/uploads\/2018\/02\/save-the-children.jpg\" class=\"attachment-medium size-medium\" alt=\"Rettet die Kinder\" srcset=\"https:\/\/originltd.com\/wp-content\/uploads\/2018\/02\/save-the-children.jpg 250w, https:\/\/originltd.com\/wp-content\/uploads\/2018\/02\/save-the-children-100x100.jpg 100w, https:\/\/originltd.com\/wp-content\/uploads\/2018\/02\/save-the-children-150x150.jpg 150w\" sizes=\"auto, (max-width: 250px) 100vw, 250px\" \/><\/a>\n\t\t\t<\/div><\/figure><figure class='gallery-item'>\n\t\t\t<div class='gallery-icon landscape'>\n\t\t\t\t<a href='https:\/\/originltd.com\/wp-content\/uploads\/2022\/03\/ocd.jpg'><img loading=\"lazy\" decoding=\"async\" width=\"250\" height=\"250\" src=\"https:\/\/originltd.com\/wp-content\/uploads\/2022\/03\/ocd.jpg\" class=\"attachment-medium size-medium\" alt=\"OCD UK\" srcset=\"https:\/\/originltd.com\/wp-content\/uploads\/2022\/03\/ocd.jpg 250w, https:\/\/originltd.com\/wp-content\/uploads\/2022\/03\/ocd-100x100.jpg 100w, https:\/\/originltd.com\/wp-content\/uploads\/2022\/03\/ocd-150x150.jpg 150w, https:\/\/originltd.com\/wp-content\/uploads\/2022\/03\/ocd-12x12.jpg 12w, https:\/\/originltd.com\/wp-content\/uploads\/2022\/03\/ocd-120x120.jpg 120w\" sizes=\"auto, (max-width: 250px) 100vw, 250px\" \/><\/a>\n\t\t\t<\/div><\/figure><figure class='gallery-item'>\n\t\t\t<div class='gallery-icon landscape'>\n\t\t\t\t<a href='https:\/\/originltd.com\/wp-content\/uploads\/2022\/03\/seed.jpg'><img loading=\"lazy\" decoding=\"async\" width=\"250\" height=\"250\" src=\"https:\/\/originltd.com\/wp-content\/uploads\/2022\/03\/seed.jpg\" class=\"attachment-medium size-medium\" alt=\"seed - eat disorder support service\" srcset=\"https:\/\/originltd.com\/wp-content\/uploads\/2022\/03\/seed.jpg 250w, https:\/\/originltd.com\/wp-content\/uploads\/2022\/03\/seed-100x100.jpg 100w, https:\/\/originltd.com\/wp-content\/uploads\/2022\/03\/seed-150x150.jpg 150w, https:\/\/originltd.com\/wp-content\/uploads\/2022\/03\/seed-12x12.jpg 12w, https:\/\/originltd.com\/wp-content\/uploads\/2022\/03\/seed-120x120.jpg 120w\" sizes=\"auto, (max-width: 250px) 100vw, 250px\" \/><\/a>\n\t\t\t<\/div><\/figure><figure class='gallery-item'>\n\t\t\t<div class='gallery-icon landscape'>\n\t\t\t\t<a href='https:\/\/originltd.com\/wp-content\/uploads\/2024\/01\/CAPT-silver-patron-RGB-hi-res-e1704378476398.jpg'><img loading=\"lazy\" decoding=\"async\" width=\"300\" height=\"157\" src=\"https:\/\/originltd.com\/wp-content\/uploads\/2024\/01\/CAPT-silver-patron-RGB-hi-res-300x157.jpg\" class=\"attachment-medium size-medium\" alt=\"Silbernes Patronatslogo des Child Accident Prevention Trust\" srcset=\"https:\/\/originltd.com\/wp-content\/uploads\/2024\/01\/CAPT-silver-patron-RGB-hi-res-300x157.jpg 300w, https:\/\/originltd.com\/wp-content\/uploads\/2024\/01\/CAPT-silver-patron-RGB-hi-res-768x401.jpg 768w, https:\/\/originltd.com\/wp-content\/uploads\/2024\/01\/CAPT-silver-patron-RGB-hi-res-18x9.jpg 18w, https:\/\/originltd.com\/wp-content\/uploads\/2024\/01\/CAPT-silver-patron-RGB-hi-res-560x293.jpg 560w, https:\/\/originltd.com\/wp-content\/uploads\/2024\/01\/CAPT-silver-patron-RGB-hi-res-150x78.jpg 150w, https:\/\/originltd.com\/wp-content\/uploads\/2024\/01\/CAPT-silver-patron-RGB-hi-res-120x63.jpg 120w, https:\/\/originltd.com\/wp-content\/uploads\/2024\/01\/CAPT-silver-patron-RGB-hi-res-e1704378476398.jpg 250w\" sizes=\"auto, (max-width: 300px) 100vw, 300px\" \/><\/a>\n\t\t\t<\/div><\/figure>\n\t\t<\/div>\n\r\n\n\n\t\t<\/div>\n\t<\/div>\n\r\n<\/div><\/div><\/div>\r\n<\/div>\r\n\n<\/div>","protected":false},"excerpt":{"rendered":"Im Mittelpunkt unseres Handelns bei Origin steht unser Grundwert \"F\u00fcr die Gesundheit. F\u00fcr das Leben\". Wir arbeiten zielstrebig darauf hin, dass dieser Wert in alle Elemente unseres Unternehmens einflie\u00dft, von der Art und Weise, wie wir mit unseren Kunden und Lieferanten zusammenarbeiten, bis hin zu unseren gemeinn\u00fctzigen und wohlt\u00e4tigen Aktivit\u00e4ten. Die Werte von Origin...","protected":false},"author":1,"featured_media":1783,"parent":1764,"menu_order":0,"comment_status":"closed","ping_status":"closed","template":"","meta":{"_acf_changed":false,"footnotes":""},"class_list":["post-1782","page","type-page","status-publish","has-post-thumbnail","hentry"],"acf":[],"yoast_head":"<!-- This site is optimized with the Yoast SEO plugin v27.3 - https:\/\/yoast.com\/product\/yoast-seo-wordpress\/ -->\n<title>Corporate Social Responsibility | Origin Pharma Packaging<\/title>\n<meta name=\"description\" content=\"Contributions are the result of direct giving, and packaging promotions in cooperation with nominated charities. Some Origin-branded outer packaging carries the logo of representative charities.\" \/>\n<meta name=\"robots\" content=\"index, follow, max-snippet:-1, max-image-preview:large, max-video-preview:-1\" \/>\n<link rel=\"canonical\" href=\"https:\/\/originltd.com\/de\/about-us\/corporate-responsibility\/\" \/>\n<meta property=\"og:locale\" content=\"de_DE\" \/>\n<meta property=\"og:type\" content=\"article\" \/>\n<meta property=\"og:title\" content=\"Corporate Social Responsibility | Origin Pharma Packaging\" \/>\n<meta property=\"og:description\" content=\"Contributions are the result of direct giving, and packaging promotions in cooperation with nominated charities. Some Origin-branded outer packaging carries the logo of representative charities.\" \/>\n<meta property=\"og:url\" content=\"https:\/\/originltd.com\/de\/about-us\/corporate-responsibility\/\" \/>\n<meta property=\"og:site_name\" content=\"Origin Pharma Packaging\" \/>\n<meta property=\"article:publisher\" content=\"https:\/\/www.facebook.com\/originpharmapackaging\" \/>\n<meta property=\"article:modified_time\" content=\"2024-01-04T14:30:35+00:00\" \/>\n<meta property=\"og:image\" content=\"https:\/\/originltd.com\/wp-content\/uploads\/2018\/02\/about-csr-header.jpg\" \/>\n\t<meta property=\"og:image:width\" content=\"1400\" \/>\n\t<meta property=\"og:image:height\" content=\"450\" \/>\n\t<meta property=\"og:image:type\" content=\"image\/jpeg\" \/>\n<meta name=\"twitter:card\" content=\"summary_large_image\" \/>\n<meta name=\"twitter:site\" content=\"@originpharma\" \/>\n<meta name=\"twitter:label1\" content=\"Gesch\u00e4tzte Lesezeit\" \/>\n\t<meta name=\"twitter:data1\" content=\"2\u00a0Minuten\" \/>\n<script type=\"application\/ld+json\" class=\"yoast-schema-graph\">{\"@context\":\"https:\\\/\\\/schema.org\",\"@graph\":[{\"@type\":\"WebPage\",\"@id\":\"https:\\\/\\\/originltd.com\\\/about-us\\\/corporate-responsibility\\\/\",\"url\":\"https:\\\/\\\/originltd.com\\\/about-us\\\/corporate-responsibility\\\/\",\"name\":\"Corporate Social Responsibility | Origin Pharma Packaging\",\"isPartOf\":{\"@id\":\"https:\\\/\\\/originltd.com\\\/#website\"},\"primaryImageOfPage\":{\"@id\":\"https:\\\/\\\/originltd.com\\\/about-us\\\/corporate-responsibility\\\/#primaryimage\"},\"image\":{\"@id\":\"https:\\\/\\\/originltd.com\\\/about-us\\\/corporate-responsibility\\\/#primaryimage\"},\"thumbnailUrl\":\"https:\\\/\\\/originltd.com\\\/wp-content\\\/uploads\\\/2018\\\/02\\\/about-csr-header.jpg\",\"datePublished\":\"2018-02-07T21:07:59+00:00\",\"dateModified\":\"2024-01-04T14:30:35+00:00\",\"description\":\"Contributions are the result of direct giving, and packaging promotions in cooperation with nominated charities. Some Origin-branded outer packaging carries the logo of representative charities.\",\"breadcrumb\":{\"@id\":\"https:\\\/\\\/originltd.com\\\/about-us\\\/corporate-responsibility\\\/#breadcrumb\"},\"inLanguage\":\"de\",\"potentialAction\":[{\"@type\":\"ReadAction\",\"target\":[\"https:\\\/\\\/originltd.com\\\/about-us\\\/corporate-responsibility\\\/\"]}]},{\"@type\":\"ImageObject\",\"inLanguage\":\"de\",\"@id\":\"https:\\\/\\\/originltd.com\\\/about-us\\\/corporate-responsibility\\\/#primaryimage\",\"url\":\"https:\\\/\\\/originltd.com\\\/wp-content\\\/uploads\\\/2018\\\/02\\\/about-csr-header.jpg\",\"contentUrl\":\"https:\\\/\\\/originltd.com\\\/wp-content\\\/uploads\\\/2018\\\/02\\\/about-csr-header.jpg\",\"width\":1400,\"height\":450,\"caption\":\"Corporate Social Responsibility\"},{\"@type\":\"BreadcrumbList\",\"@id\":\"https:\\\/\\\/originltd.com\\\/about-us\\\/corporate-responsibility\\\/#breadcrumb\",\"itemListElement\":[{\"@type\":\"ListItem\",\"position\":1,\"name\":\"Home\",\"item\":\"https:\\\/\\\/originltd.com\\\/\"},{\"@type\":\"ListItem\",\"position\":2,\"name\":\"About Us\",\"item\":\"https:\\\/\\\/originltd.com\\\/about-us\\\/\"},{\"@type\":\"ListItem\",\"position\":3,\"name\":\"Corporate Social Responsibility\"}]},{\"@type\":\"WebSite\",\"@id\":\"https:\\\/\\\/originltd.com\\\/#website\",\"url\":\"https:\\\/\\\/originltd.com\\\/\",\"name\":\"Origin Pharma Packaging\",\"description\":\"\",\"publisher\":{\"@id\":\"https:\\\/\\\/originltd.com\\\/#organization\"},\"alternateName\":\"Origin Ltd.\",\"potentialAction\":[{\"@type\":\"SearchAction\",\"target\":{\"@type\":\"EntryPoint\",\"urlTemplate\":\"https:\\\/\\\/originltd.com\\\/?s={search_term_string}\"},\"query-input\":{\"@type\":\"PropertyValueSpecification\",\"valueRequired\":true,\"valueName\":\"search_term_string\"}}],\"inLanguage\":\"de\"},{\"@type\":\"Organization\",\"@id\":\"https:\\\/\\\/originltd.com\\\/#organization\",\"name\":\"Origin Pharma Packaging\",\"url\":\"https:\\\/\\\/originltd.com\\\/\",\"logo\":{\"@type\":\"ImageObject\",\"inLanguage\":\"de\",\"@id\":\"https:\\\/\\\/originltd.com\\\/#\\\/schema\\\/logo\\\/image\\\/\",\"url\":\"https:\\\/\\\/originltd.com\\\/wp-content\\\/uploads\\\/2024\\\/06\\\/cropped-Origin-logo-For-Health-For-Life-RGB@10x.png\",\"contentUrl\":\"https:\\\/\\\/originltd.com\\\/wp-content\\\/uploads\\\/2024\\\/06\\\/cropped-Origin-logo-For-Health-For-Life-RGB@10x.png\",\"width\":227,\"height\":65,\"caption\":\"Origin Pharma Packaging\"},\"image\":{\"@id\":\"https:\\\/\\\/originltd.com\\\/#\\\/schema\\\/logo\\\/image\\\/\"},\"sameAs\":[\"https:\\\/\\\/www.facebook.com\\\/originpharmapackaging\",\"https:\\\/\\\/x.com\\\/originpharma\",\"https:\\\/\\\/www.linkedin.com\\\/company\\\/origin-packaging-ltd\\\/\",\"https:\\\/\\\/www.youtube.com\\\/channel\\\/UCOOJl3eFOiO7lJT6f5qHygA\"]}]}<\/script>\n<!-- \/ Yoast SEO plugin. -->","yoast_head_json":{"title":"Soziale Unternehmensverantwortung | Origin Pharma Packaging","description":"Die Spenden sind das Ergebnis direkter Spenden und von Verpackungsaktionen in Zusammenarbeit mit benannten Wohlt\u00e4tigkeitsorganisationen. Einige Au\u00dfenverpackungen der Marke Origin tragen das Logo repr\u00e4sentativer Wohlt\u00e4tigkeitsorganisationen.","robots":{"index":"index","follow":"follow","max-snippet":"max-snippet:-1","max-image-preview":"max-image-preview:large","max-video-preview":"max-video-preview:-1"},"canonical":"https:\/\/originltd.com\/de\/about-us\/corporate-responsibility\/","og_locale":"de_DE","og_type":"article","og_title":"Corporate Social Responsibility | Origin Pharma Packaging","og_description":"Contributions are the result of direct giving, and packaging promotions in cooperation with nominated charities. Some Origin-branded outer packaging carries the logo of representative charities.","og_url":"https:\/\/originltd.com\/de\/about-us\/corporate-responsibility\/","og_site_name":"Origin Pharma Packaging","article_publisher":"https:\/\/www.facebook.com\/originpharmapackaging","article_modified_time":"2024-01-04T14:30:35+00:00","og_image":[{"width":1400,"height":450,"url":"https:\/\/originltd.com\/wp-content\/uploads\/2018\/02\/about-csr-header.jpg","type":"image\/jpeg"}],"twitter_card":"summary_large_image","twitter_site":"@originpharma","twitter_misc":{"Gesch\u00e4tzte Lesezeit":"2\u00a0Minuten"},"schema":{"@context":"https:\/\/schema.org","@graph":[{"@type":"WebPage","@id":"https:\/\/originltd.com\/about-us\/corporate-responsibility\/","url":"https:\/\/originltd.com\/about-us\/corporate-responsibility\/","name":"Soziale Unternehmensverantwortung | Origin Pharma Packaging","isPartOf":{"@id":"https:\/\/originltd.com\/#website"},"primaryImageOfPage":{"@id":"https:\/\/originltd.com\/about-us\/corporate-responsibility\/#primaryimage"},"image":{"@id":"https:\/\/originltd.com\/about-us\/corporate-responsibility\/#primaryimage"},"thumbnailUrl":"https:\/\/originltd.com\/wp-content\/uploads\/2018\/02\/about-csr-header.jpg","datePublished":"2018-02-07T21:07:59+00:00","dateModified":"2024-01-04T14:30:35+00:00","description":"Die Spenden sind das Ergebnis direkter Spenden und von Verpackungsaktionen in Zusammenarbeit mit benannten Wohlt\u00e4tigkeitsorganisationen. Einige Au\u00dfenverpackungen der Marke Origin tragen das Logo repr\u00e4sentativer Wohlt\u00e4tigkeitsorganisationen.","breadcrumb":{"@id":"https:\/\/originltd.com\/about-us\/corporate-responsibility\/#breadcrumb"},"inLanguage":"de","potentialAction":[{"@type":"ReadAction","target":["https:\/\/originltd.com\/about-us\/corporate-responsibility\/"]}]},{"@type":"ImageObject","inLanguage":"de","@id":"https:\/\/originltd.com\/about-us\/corporate-responsibility\/#primaryimage","url":"https:\/\/originltd.com\/wp-content\/uploads\/2018\/02\/about-csr-header.jpg","contentUrl":"https:\/\/originltd.com\/wp-content\/uploads\/2018\/02\/about-csr-header.jpg","width":1400,"height":450,"caption":"Corporate Social Responsibility"},{"@type":"BreadcrumbList","@id":"https:\/\/originltd.com\/about-us\/corporate-responsibility\/#breadcrumb","itemListElement":[{"@type":"ListItem","position":1,"name":"Home","item":"https:\/\/originltd.com\/"},{"@type":"ListItem","position":2,"name":"About Us","item":"https:\/\/originltd.com\/about-us\/"},{"@type":"ListItem","position":3,"name":"Corporate Social Responsibility"}]},{"@type":"WebSite","@id":"https:\/\/originltd.com\/#website","url":"https:\/\/originltd.com\/","name":"Origin Pharma Packaging","description":"","publisher":{"@id":"https:\/\/originltd.com\/#organization"},"alternateName":"Origin Ltd.","potentialAction":[{"@type":"SearchAction","target":{"@type":"EntryPoint","urlTemplate":"https:\/\/originltd.com\/?s={search_term_string}"},"query-input":{"@type":"PropertyValueSpecification","valueRequired":true,"valueName":"search_term_string"}}],"inLanguage":"de"},{"@type":"Organization","@id":"https:\/\/originltd.com\/#organization","name":"Origin Pharma Packaging","url":"https:\/\/originltd.com\/","logo":{"@type":"ImageObject","inLanguage":"de","@id":"https:\/\/originltd.com\/#\/schema\/logo\/image\/","url":"https:\/\/originltd.com\/wp-content\/uploads\/2024\/06\/cropped-Origin-logo-For-Health-For-Life-RGB@10x.png","contentUrl":"https:\/\/originltd.com\/wp-content\/uploads\/2024\/06\/cropped-Origin-logo-For-Health-For-Life-RGB@10x.png","width":227,"height":65,"caption":"Origin Pharma Packaging"},"image":{"@id":"https:\/\/originltd.com\/#\/schema\/logo\/image\/"},"sameAs":["https:\/\/www.facebook.com\/originpharmapackaging","https:\/\/x.com\/originpharma","https:\/\/www.linkedin.com\/company\/origin-packaging-ltd\/","https:\/\/www.youtube.com\/channel\/UCOOJl3eFOiO7lJT6f5qHygA"]}]}},"_links":{"self":[{"href":"https:\/\/originltd.com\/de\/wp-json\/wp\/v2\/pages\/1782","targetHints":{"allow":["GET"]}}],"collection":[{"href":"https:\/\/originltd.com\/de\/wp-json\/wp\/v2\/pages"}],"about":[{"href":"https:\/\/originltd.com\/de\/wp-json\/wp\/v2\/types\/page"}],"author":[{"embeddable":true,"href":"https:\/\/originltd.com\/de\/wp-json\/wp\/v2\/users\/1"}],"replies":[{"embeddable":true,"href":"https:\/\/originltd.com\/de\/wp-json\/wp\/v2\/comments?post=1782"}],"version-history":[{"count":0,"href":"https:\/\/originltd.com\/de\/wp-json\/wp\/v2\/pages\/1782\/revisions"}],"up":[{"embeddable":true,"href":"https:\/\/originltd.com\/de\/wp-json\/wp\/v2\/pages\/1764"}],"wp:featuredmedia":[{"embeddable":true,"href":"https:\/\/originltd.com\/de\/wp-json\/wp\/v2\/media\/1783"}],"wp:attachment":[{"href":"https:\/\/originltd.com\/de\/wp-json\/wp\/v2\/media?parent=1782"}],"curies":[{"name":"wp","href":"https:\/\/api.w.org\/{rel}","templated":true}]}}