
{"id":1122,"date":"2018-02-07T16:47:47","date_gmt":"2018-02-07T16:47:47","guid":{"rendered":"https:\/\/dev.originltd.com\/?post_type=product&#038;p=1122"},"modified":"2025-10-16T10:22:18","modified_gmt":"2025-10-16T09:22:18","slug":"amber-kingston-bottles","status":"publish","type":"product","link":"https:\/\/originltd.com\/de\/product\/amber-kingston-bottles\/","title":{"rendered":"Braunglas-Tropfflaschen (Kingston)"},"content":{"rendered":"<p><span style=\"font-weight: 400;\">Unsere Braunglas-Tropfflaschen sind sowohl in kleineren als auch in gr\u00f6\u00dferen Gr\u00f6\u00dfen erh\u00e4ltlich, von 2,5 ml bis 100 ml, und sind kompatibel mit vielen unserer <\/span><a href=\"https:\/\/originltd.com\/de\/produkt\/child-resistant-dropper-caps\/\"><span style=\"font-weight: 400;\">kindersichere Tropfkappen<\/span><\/a><span style=\"font-weight: 400;\">.<\/span><\/p>","protected":false},"excerpt":{"rendered":"<p><span style=\"font-weight: 400;\">Unser <\/span><a href=\"https:\/\/originltd.com\/de\/packaging\/amber-glass-bottles\/\"><span style=\"font-weight: 400;\">Braunglasflaschen<\/span><\/a><span style=\"font-weight: 400;\"> kann f\u00fcr eine Reihe von Anwendungen genutzt werden, <\/span><span style=\"font-weight: 400;\">wie zum Beispiel das Speichern<\/span><span style=\"font-weight: 400;\"> pharmazeutische Fl\u00fcssigkeiten (f\u00fcr den medizinischen Gebrauch geeignet), zugelassene Medikamente auf Cannabidiolbasis und Produkte auf therapeutischer Basis. <\/span><span style=\"font-weight: 400;\">F\u00fcr kleinere Dosen haben wir 10ml Braunglas-Tropfflaschen und 30ml Braunglas-Tropfflaschen. F\u00fcr gr\u00f6\u00dfere Dosen k\u00f6nnen Sie unsere 100ml Braunglas-Tropfflasche w\u00e4hlen.<\/span><\/p>\n<h3><span style=\"font-weight: 400;\">Wesentliche Merkmale:<\/span><\/h3>\n<ul>\n<li style=\"font-weight: 400;\" aria-level=\"1\"><span style=\"font-weight: 400;\">USP Typ III Braunglas<\/span><\/li>\n<li style=\"font-weight: 400;\" aria-level=\"1\"><span style=\"font-weight: 400;\">Sch\u00fctzt vor UV-Licht<\/span><\/li>\n<li style=\"font-weight: 400;\" aria-level=\"1\"><span style=\"font-weight: 400;\">Manipulationssicher oder <\/span><a href=\"https:\/\/originltd.com\/de\/packaging\/child-resistant-packaging\/closures\/\"><span style=\"font-weight: 400;\">kindersicherer Verschluss<\/span><\/a><span style=\"font-weight: 400;\"> Varianten<\/span><\/li>\n<\/ul>\n<h3><span style=\"font-weight: 400;\">Geeignete Verwendungszwecke:<\/span><\/h3>\n<ul>\n<li style=\"font-weight: 400;\" aria-level=\"1\"><span style=\"font-weight: 400;\">Verpackung pharmazeutischer Fl\u00fcssigkeiten<\/span><\/li>\n<li style=\"font-weight: 400;\" aria-level=\"1\"><span style=\"font-weight: 400;\">Aufbewahrung von Arzneimitteln auf Cannabidiolbasis\u00a0<\/span><\/li>\n<li style=\"font-weight: 400;\" aria-level=\"1\"><span style=\"font-weight: 400;\">Lagerung von pharmazeutischen Fl\u00fcssigkeiten<\/span><\/li>\n<\/ul>","protected":false},"featured_media":3393,"comment_status":"open","ping_status":"closed","template":"","meta":{"_acf_changed":false},"product_brand":[],"product_cat":[2213,2180,2224,2185,102,119,2225,2227,2228,2226,2223,103,95],"product_tag":[],"class_list":{"0":"post-1122","1":"product","2":"type-product","3":"status-publish","4":"has-post-thumbnail","6":"product_cat-amber-glass-bottles","7":"product_cat-amber-bottles","8":"product_cat-cbd","9":"product_cat-cosmetic-containers","10":"product_cat-glass-bottles","11":"product_cat-cosmetic-bottles","12":"product_cat-home-fragrance","13":"product_cat-lifestyle","14":"product_cat-perfume","15":"product_cat-personal-fragrance","16":"product_cat-skincare-bodycare","17":"product_cat-glass-dropper-bottles","18":"product_cat-glass","20":"first","21":"instock","22":"sold-individually","23":"shipping-taxable","24":"purchasable","25":"product-type-simple"},"acf":[],"yoast_head":"<!-- This site is optimized with the Yoast SEO plugin v27.3 - https:\/\/yoast.com\/product\/yoast-seo-wordpress\/ -->\n<title>Amber Glass Dropper Bottles (Kingston) | Origin Pharma Packaging<\/title>\n<meta name=\"description\" content=\"Explore our wide range of amber glass dropper bottles here at Origin. From 10ml amber glass dropper bottles to 100ml amber glass dropper bottles, find more here.\" \/>\n<meta name=\"robots\" content=\"index, follow, max-snippet:-1, max-image-preview:large, max-video-preview:-1\" \/>\n<link rel=\"canonical\" href=\"https:\/\/originltd.com\/de\/produkt\/amber-kingston-bottles\/\" \/>\n<meta property=\"og:locale\" content=\"de_DE\" \/>\n<meta property=\"og:type\" content=\"article\" \/>\n<meta property=\"og:title\" content=\"Amber Glass Dropper Bottles (Kingston) | Origin Pharma Packaging\" \/>\n<meta property=\"og:description\" content=\"Explore our wide range of amber glass dropper bottles here at Origin. From 10ml amber glass dropper bottles to 100ml amber glass dropper bottles, find more here.\" \/>\n<meta property=\"og:url\" content=\"https:\/\/originltd.com\/de\/produkt\/amber-kingston-bottles\/\" \/>\n<meta property=\"og:site_name\" content=\"Origin Pharma Packaging\" \/>\n<meta property=\"article:publisher\" content=\"https:\/\/www.facebook.com\/originpharmapackaging\" \/>\n<meta property=\"article:modified_time\" content=\"2025-10-16T09:22:18+00:00\" \/>\n<meta property=\"og:image\" content=\"https:\/\/originltd.com\/wp-content\/uploads\/2018\/03\/amber-glass-dropper-kingston-scaled.jpg\" \/>\n\t<meta property=\"og:image:width\" content=\"1707\" \/>\n\t<meta property=\"og:image:height\" content=\"2560\" \/>\n\t<meta property=\"og:image:type\" content=\"image\/jpeg\" \/>\n<meta name=\"twitter:card\" content=\"summary_large_image\" \/>\n<meta name=\"twitter:site\" content=\"@originpharma\" \/>\n<meta name=\"twitter:label1\" content=\"Gesch\u00e4tzte Lesezeit\" \/>\n\t<meta name=\"twitter:data1\" content=\"1\u00a0Minute\" \/>\n<script type=\"application\/ld+json\" class=\"yoast-schema-graph\">{\"@context\":\"https:\\\/\\\/schema.org\",\"@graph\":[{\"@type\":\"WebPage\",\"@id\":\"https:\\\/\\\/originltd.com\\\/product\\\/amber-kingston-bottles\\\/\",\"url\":\"https:\\\/\\\/originltd.com\\\/product\\\/amber-kingston-bottles\\\/\",\"name\":\"Amber Glass Dropper Bottles (Kingston) | Origin Pharma Packaging\",\"isPartOf\":{\"@id\":\"https:\\\/\\\/originltd.com\\\/#website\"},\"primaryImageOfPage\":{\"@id\":\"https:\\\/\\\/originltd.com\\\/product\\\/amber-kingston-bottles\\\/#primaryimage\"},\"image\":{\"@id\":\"https:\\\/\\\/originltd.com\\\/product\\\/amber-kingston-bottles\\\/#primaryimage\"},\"thumbnailUrl\":\"https:\\\/\\\/originltd.com\\\/wp-content\\\/uploads\\\/2018\\\/03\\\/amber-glass-dropper-kingston-scaled.jpg\",\"datePublished\":\"2018-02-07T16:47:47+00:00\",\"dateModified\":\"2025-10-16T09:22:18+00:00\",\"description\":\"Explore our wide range of amber glass dropper bottles here at Origin. From 10ml amber glass dropper bottles to 100ml amber glass dropper bottles, find more here.\",\"breadcrumb\":{\"@id\":\"https:\\\/\\\/originltd.com\\\/product\\\/amber-kingston-bottles\\\/#breadcrumb\"},\"inLanguage\":\"de\",\"potentialAction\":[{\"@type\":\"ReadAction\",\"target\":[\"https:\\\/\\\/originltd.com\\\/product\\\/amber-kingston-bottles\\\/\"]}]},{\"@type\":\"ImageObject\",\"inLanguage\":\"de\",\"@id\":\"https:\\\/\\\/originltd.com\\\/product\\\/amber-kingston-bottles\\\/#primaryimage\",\"url\":\"https:\\\/\\\/originltd.com\\\/wp-content\\\/uploads\\\/2018\\\/03\\\/amber-glass-dropper-kingston-scaled.jpg\",\"contentUrl\":\"https:\\\/\\\/originltd.com\\\/wp-content\\\/uploads\\\/2018\\\/03\\\/amber-glass-dropper-kingston-scaled.jpg\",\"width\":1707,\"height\":2560,\"caption\":\"Kingston amber glass dropper bottle\"},{\"@type\":\"BreadcrumbList\",\"@id\":\"https:\\\/\\\/originltd.com\\\/product\\\/amber-kingston-bottles\\\/#breadcrumb\",\"itemListElement\":[{\"@type\":\"ListItem\",\"position\":1,\"name\":\"Home\",\"item\":\"https:\\\/\\\/originltd.com\\\/\"},{\"@type\":\"ListItem\",\"position\":2,\"name\":\"Pharmaceutical Packaging Products\",\"item\":\"https:\\\/\\\/originltd.com\\\/pharmaceutical-packaging\\\/\"},{\"@type\":\"ListItem\",\"position\":3,\"name\":\"Wholesale Glass Packaging\",\"item\":\"https:\\\/\\\/originltd.com\\\/packaging\\\/glass\\\/\"},{\"@type\":\"ListItem\",\"position\":4,\"name\":\"Amber Glass Dropper Bottles (Kingston)\"}]},{\"@type\":\"WebSite\",\"@id\":\"https:\\\/\\\/originltd.com\\\/#website\",\"url\":\"https:\\\/\\\/originltd.com\\\/\",\"name\":\"Origin Pharma Packaging\",\"description\":\"\",\"publisher\":{\"@id\":\"https:\\\/\\\/originltd.com\\\/#organization\"},\"alternateName\":\"Origin Ltd.\",\"potentialAction\":[{\"@type\":\"SearchAction\",\"target\":{\"@type\":\"EntryPoint\",\"urlTemplate\":\"https:\\\/\\\/originltd.com\\\/?s={search_term_string}\"},\"query-input\":{\"@type\":\"PropertyValueSpecification\",\"valueRequired\":true,\"valueName\":\"search_term_string\"}}],\"inLanguage\":\"de\"},{\"@type\":\"Organization\",\"@id\":\"https:\\\/\\\/originltd.com\\\/#organization\",\"name\":\"Origin Pharma Packaging\",\"url\":\"https:\\\/\\\/originltd.com\\\/\",\"logo\":{\"@type\":\"ImageObject\",\"inLanguage\":\"de\",\"@id\":\"https:\\\/\\\/originltd.com\\\/#\\\/schema\\\/logo\\\/image\\\/\",\"url\":\"https:\\\/\\\/originltd.com\\\/wp-content\\\/uploads\\\/2024\\\/06\\\/cropped-Origin-logo-For-Health-For-Life-RGB@10x.png\",\"contentUrl\":\"https:\\\/\\\/originltd.com\\\/wp-content\\\/uploads\\\/2024\\\/06\\\/cropped-Origin-logo-For-Health-For-Life-RGB@10x.png\",\"width\":227,\"height\":65,\"caption\":\"Origin Pharma Packaging\"},\"image\":{\"@id\":\"https:\\\/\\\/originltd.com\\\/#\\\/schema\\\/logo\\\/image\\\/\"},\"sameAs\":[\"https:\\\/\\\/www.facebook.com\\\/originpharmapackaging\",\"https:\\\/\\\/x.com\\\/originpharma\",\"https:\\\/\\\/www.linkedin.com\\\/company\\\/origin-packaging-ltd\\\/\",\"https:\\\/\\\/www.youtube.com\\\/channel\\\/UCOOJl3eFOiO7lJT6f5qHygA\"]}]}<\/script>\n<!-- \/ Yoast SEO plugin. -->","yoast_head_json":{"title":"Braunglas-Tropfflaschen (Kingston) | Origin Pharma Packaging","description":"Entdecken Sie unsere gro\u00dfe Auswahl an Braunglas-Tropfflaschen hier bei Origin. Von 10ml-Braunglas-Tropfflaschen bis zu 100ml-Braunglas-Tropfflaschen, finden Sie hier mehr.","robots":{"index":"index","follow":"follow","max-snippet":"max-snippet:-1","max-image-preview":"max-image-preview:large","max-video-preview":"max-video-preview:-1"},"canonical":"https:\/\/originltd.com\/de\/produkt\/amber-kingston-bottles\/","og_locale":"de_DE","og_type":"article","og_title":"Amber Glass Dropper Bottles (Kingston) | Origin Pharma Packaging","og_description":"Explore our wide range of amber glass dropper bottles here at Origin. From 10ml amber glass dropper bottles to 100ml amber glass dropper bottles, find more here.","og_url":"https:\/\/originltd.com\/de\/produkt\/amber-kingston-bottles\/","og_site_name":"Origin Pharma Packaging","article_publisher":"https:\/\/www.facebook.com\/originpharmapackaging","article_modified_time":"2025-10-16T09:22:18+00:00","og_image":[{"width":1707,"height":2560,"url":"https:\/\/originltd.com\/wp-content\/uploads\/2018\/03\/amber-glass-dropper-kingston-scaled.jpg","type":"image\/jpeg"}],"twitter_card":"summary_large_image","twitter_site":"@originpharma","twitter_misc":{"Gesch\u00e4tzte Lesezeit":"1\u00a0Minute"},"schema":{"@context":"https:\/\/schema.org","@graph":[{"@type":"WebPage","@id":"https:\/\/originltd.com\/product\/amber-kingston-bottles\/","url":"https:\/\/originltd.com\/product\/amber-kingston-bottles\/","name":"Braunglas-Tropfflaschen (Kingston) | Origin Pharma Packaging","isPartOf":{"@id":"https:\/\/originltd.com\/#website"},"primaryImageOfPage":{"@id":"https:\/\/originltd.com\/product\/amber-kingston-bottles\/#primaryimage"},"image":{"@id":"https:\/\/originltd.com\/product\/amber-kingston-bottles\/#primaryimage"},"thumbnailUrl":"https:\/\/originltd.com\/wp-content\/uploads\/2018\/03\/amber-glass-dropper-kingston-scaled.jpg","datePublished":"2018-02-07T16:47:47+00:00","dateModified":"2025-10-16T09:22:18+00:00","description":"Entdecken Sie unsere gro\u00dfe Auswahl an Braunglas-Tropfflaschen hier bei Origin. Von 10ml-Braunglas-Tropfflaschen bis zu 100ml-Braunglas-Tropfflaschen, finden Sie hier mehr.","breadcrumb":{"@id":"https:\/\/originltd.com\/product\/amber-kingston-bottles\/#breadcrumb"},"inLanguage":"de","potentialAction":[{"@type":"ReadAction","target":["https:\/\/originltd.com\/product\/amber-kingston-bottles\/"]}]},{"@type":"ImageObject","inLanguage":"de","@id":"https:\/\/originltd.com\/product\/amber-kingston-bottles\/#primaryimage","url":"https:\/\/originltd.com\/wp-content\/uploads\/2018\/03\/amber-glass-dropper-kingston-scaled.jpg","contentUrl":"https:\/\/originltd.com\/wp-content\/uploads\/2018\/03\/amber-glass-dropper-kingston-scaled.jpg","width":1707,"height":2560,"caption":"Kingston amber glass dropper bottle"},{"@type":"BreadcrumbList","@id":"https:\/\/originltd.com\/product\/amber-kingston-bottles\/#breadcrumb","itemListElement":[{"@type":"ListItem","position":1,"name":"Home","item":"https:\/\/originltd.com\/"},{"@type":"ListItem","position":2,"name":"Pharmaceutical Packaging Products","item":"https:\/\/originltd.com\/pharmaceutical-packaging\/"},{"@type":"ListItem","position":3,"name":"Wholesale Glass Packaging","item":"https:\/\/originltd.com\/packaging\/glass\/"},{"@type":"ListItem","position":4,"name":"Amber Glass Dropper Bottles (Kingston)"}]},{"@type":"WebSite","@id":"https:\/\/originltd.com\/#website","url":"https:\/\/originltd.com\/","name":"Origin Pharma Packaging","description":"","publisher":{"@id":"https:\/\/originltd.com\/#organization"},"alternateName":"Origin Ltd.","potentialAction":[{"@type":"SearchAction","target":{"@type":"EntryPoint","urlTemplate":"https:\/\/originltd.com\/?s={search_term_string}"},"query-input":{"@type":"PropertyValueSpecification","valueRequired":true,"valueName":"search_term_string"}}],"inLanguage":"de"},{"@type":"Organization","@id":"https:\/\/originltd.com\/#organization","name":"Origin Pharma Packaging","url":"https:\/\/originltd.com\/","logo":{"@type":"ImageObject","inLanguage":"de","@id":"https:\/\/originltd.com\/#\/schema\/logo\/image\/","url":"https:\/\/originltd.com\/wp-content\/uploads\/2024\/06\/cropped-Origin-logo-For-Health-For-Life-RGB@10x.png","contentUrl":"https:\/\/originltd.com\/wp-content\/uploads\/2024\/06\/cropped-Origin-logo-For-Health-For-Life-RGB@10x.png","width":227,"height":65,"caption":"Origin Pharma Packaging"},"image":{"@id":"https:\/\/originltd.com\/#\/schema\/logo\/image\/"},"sameAs":["https:\/\/www.facebook.com\/originpharmapackaging","https:\/\/x.com\/originpharma","https:\/\/www.linkedin.com\/company\/origin-packaging-ltd\/","https:\/\/www.youtube.com\/channel\/UCOOJl3eFOiO7lJT6f5qHygA"]}]}},"_links":{"self":[{"href":"https:\/\/originltd.com\/de\/wp-json\/wp\/v2\/product\/1122","targetHints":{"allow":["GET"]}}],"collection":[{"href":"https:\/\/originltd.com\/de\/wp-json\/wp\/v2\/product"}],"about":[{"href":"https:\/\/originltd.com\/de\/wp-json\/wp\/v2\/types\/product"}],"replies":[{"embeddable":true,"href":"https:\/\/originltd.com\/de\/wp-json\/wp\/v2\/comments?post=1122"}],"wp:featuredmedia":[{"embeddable":true,"href":"https:\/\/originltd.com\/de\/wp-json\/wp\/v2\/media\/3393"}],"wp:attachment":[{"href":"https:\/\/originltd.com\/de\/wp-json\/wp\/v2\/media?parent=1122"}],"wp:term":[{"taxonomy":"product_brand","embeddable":true,"href":"https:\/\/originltd.com\/de\/wp-json\/wp\/v2\/product_brand?post=1122"},{"taxonomy":"product_cat","embeddable":true,"href":"https:\/\/originltd.com\/de\/wp-json\/wp\/v2\/product_cat?post=1122"},{"taxonomy":"product_tag","embeddable":true,"href":"https:\/\/originltd.com\/de\/wp-json\/wp\/v2\/product_tag?post=1122"}],"curies":[{"name":"wp","href":"https:\/\/api.w.org\/{rel}","templated":true}]}}