
{"id":1150,"date":"2018-02-07T16:48:23","date_gmt":"2018-02-07T16:48:23","guid":{"rendered":"https:\/\/dev.originltd.com\/product\/twist-off\/"},"modified":"2025-10-07T16:14:54","modified_gmt":"2025-10-07T15:14:54","slug":"twist-off","status":"publish","type":"product","link":"https:\/\/originltd.com\/de\/product\/twist-off\/","title":{"rendered":"15ml-600ml Twist-Off-Verschluss-HDPE-Flaschen"},"content":{"rendered":"<p><span style=\"font-weight: 400;\">Unsere 15ml-600ml HDPE-Flaschen mit Twist-off-Verschluss sind in vielen verschiedenen Gr\u00f6\u00dfen erh\u00e4ltlich und verf\u00fcgen \u00fcber ein innovatives, seniorenfreundliches Twist-off-Verschlusssystem.<\/span><\/p>","protected":false},"excerpt":{"rendered":"<p><span style=\"font-weight: 400;\">Unsere 15ml-600ml HDPE-Flaschen mit Twist-off-Verschluss sind<\/span><span style=\"font-weight: 400;\"> speziell f\u00fcr feste Arzneimittel entwickelt, ein geeigneter Beh\u00e4lter zum Schutz Ihrer Medikamente in einem innovativen Twist-off-Verschlusssystem. Erh\u00e4ltlich mit seniorengerechtem Verschluss, mit und ohne Kindersicherung. Diese <\/span><a href=\"https:\/\/originltd.com\/de\/packaging\/plastic\/hdpe-bottles\/\"><span style=\"font-weight: 400;\">HDPE-Flaschen<\/span><\/a><span style=\"font-weight: 400;\"> sind<\/span><span style=\"font-weight: 400;\"> in einer Reinraumumgebung hergestellt.<\/span><\/p>\n<p><span style=\"font-weight: 400;\">Es sind 18 verschiedene Twist-off-Gr\u00f6\u00dfen erh\u00e4ltlich, die von 15 ml bis 600 ml reichen und die Aufbewahrung unterschiedlicher Mengen von Arzneimitteln in unserem <\/span><a href=\"https:\/\/originltd.com\/de\/packaging\/pharmaceutical-packaging\/\"><span style=\"font-weight: 400;\">pharmazeutische Verpackungen<\/span><\/a><span style=\"font-weight: 400;\">.\u00a0<\/span><\/p>\n<h3><span style=\"font-weight: 400;\">Wesentliche Merkmale:<\/span><\/h3>\n<ul>\n<li style=\"font-weight: 400;\" aria-level=\"1\"><span style=\"font-weight: 400;\">Eine gro\u00dfe Auswahl an Gr\u00f6\u00dfen verf\u00fcgbar<\/span><\/li>\n<li style=\"font-weight: 400;\" aria-level=\"1\"><span style=\"font-weight: 400;\">Erh\u00e4ltlich mit einem eingebauten und \nbefestigten Trockenmittel (0,5 - 6 g)<\/span><\/li>\n<li style=\"font-weight: 400;\" aria-level=\"1\"><span style=\"font-weight: 400;\">FDA-registriert, DMF Typ III, DMF Nr. 12077<\/span><\/li>\n<li style=\"font-weight: 400;\" aria-level=\"1\"><span style=\"font-weight: 400;\">Manipulationssicher<\/span><\/li>\n<li style=\"font-weight: 400;\" aria-level=\"1\"><span style=\"font-weight: 400;\">Verf\u00fcgbar mit <\/span><a href=\"https:\/\/originltd.com\/de\/packaging\/child-resistant-packaging\/closures\/\"><span style=\"font-weight: 400;\">kindersichere Verschl\u00fcsse<\/span><\/a><\/li>\n<li style=\"font-weight: 400;\" aria-level=\"1\"><span style=\"font-weight: 400;\">Beh\u00e4lter werden in Spritzblas-\/Blasform-Technik hergestellt<\/span><\/li>\n<li style=\"font-weight: 400;\" aria-level=\"1\"><span style=\"font-weight: 400;\">Verschl\u00fcsse werden durch Spritzgie\u00dfen hergestellt<\/span><\/li>\n<li style=\"font-weight: 400;\" aria-level=\"1\"><span style=\"font-weight: 400;\">Einige Beh\u00e4ltergr\u00f6\u00dfen sind in einer dickwandigen Variante erh\u00e4ltlich<\/span><\/li>\n<\/ul>\n<h3><span style=\"font-weight: 400;\">Geeignete Verwendungszwecke:<\/span><\/h3>\n<ul>\n<li style=\"font-weight: 400;\" aria-level=\"1\"><span style=\"font-weight: 400;\">Lagerung von festen Arzneimitteln <\/span><\/li>\n<\/ul>","protected":false},"featured_media":3475,"comment_status":"open","ping_status":"closed","template":"","meta":{"_acf_changed":false},"product_brand":[],"product_cat":[2158,2185,2227,96,2223],"product_tag":[],"class_list":{"0":"post-1150","1":"product","2":"type-product","3":"status-publish","4":"has-post-thumbnail","6":"product_cat-child-resistant-packaging","7":"product_cat-cosmetic-containers","8":"product_cat-lifestyle","9":"product_cat-plastic","10":"product_cat-skincare-bodycare","12":"first","13":"instock","14":"sold-individually","15":"shipping-taxable","16":"purchasable","17":"product-type-simple"},"acf":[],"yoast_head":"<!-- This site is optimized with the Yoast SEO plugin v27.3 - https:\/\/yoast.com\/product\/yoast-seo-wordpress\/ -->\n<title>15ml\u2013600ml Twist-Off-Cap-HDPE-Bottles | Origin Pharma Packaging<\/title>\n<meta name=\"description\" content=\"Order 15ml-600ml twist-off-cap HDPE bottles from Origin. The senior-friendly design ensures you can get to your medicine easily while also keeping it protected.\" \/>\n<meta name=\"robots\" content=\"index, follow, max-snippet:-1, max-image-preview:large, max-video-preview:-1\" \/>\n<link rel=\"canonical\" href=\"https:\/\/originltd.com\/de\/produkt\/twist-off\/\" \/>\n<meta property=\"og:locale\" content=\"de_DE\" \/>\n<meta property=\"og:type\" content=\"article\" \/>\n<meta property=\"og:title\" content=\"15ml\u2013600ml Twist-Off-Cap-HDPE-Bottles | Origin Pharma Packaging\" \/>\n<meta property=\"og:description\" content=\"Order 15ml-600ml twist-off-cap HDPE bottles from Origin. The senior-friendly design ensures you can get to your medicine easily while also keeping it protected.\" \/>\n<meta property=\"og:url\" content=\"https:\/\/originltd.com\/de\/produkt\/twist-off\/\" \/>\n<meta property=\"og:site_name\" content=\"Origin Pharma Packaging\" \/>\n<meta property=\"article:publisher\" content=\"https:\/\/www.facebook.com\/originpharmapackaging\" \/>\n<meta property=\"article:modified_time\" content=\"2025-10-07T15:14:54+00:00\" \/>\n<meta property=\"og:image\" content=\"https:\/\/originltd.com\/wp-content\/uploads\/2018\/03\/hdpe-bottle-twist-off-cap-scaled.jpg\" \/>\n\t<meta property=\"og:image:width\" content=\"1707\" \/>\n\t<meta property=\"og:image:height\" content=\"2560\" \/>\n\t<meta property=\"og:image:type\" content=\"image\/jpeg\" \/>\n<meta name=\"twitter:card\" content=\"summary_large_image\" \/>\n<meta name=\"twitter:site\" content=\"@originpharma\" \/>\n<meta name=\"twitter:label1\" content=\"Gesch\u00e4tzte Lesezeit\" \/>\n\t<meta name=\"twitter:data1\" content=\"1\u00a0Minute\" \/>\n<script type=\"application\/ld+json\" class=\"yoast-schema-graph\">{\"@context\":\"https:\\\/\\\/schema.org\",\"@graph\":[{\"@type\":\"WebPage\",\"@id\":\"https:\\\/\\\/originltd.com\\\/product\\\/twist-off\\\/\",\"url\":\"https:\\\/\\\/originltd.com\\\/product\\\/twist-off\\\/\",\"name\":\"15ml\u2013600ml Twist-Off-Cap-HDPE-Bottles | Origin Pharma Packaging\",\"isPartOf\":{\"@id\":\"https:\\\/\\\/originltd.com\\\/#website\"},\"primaryImageOfPage\":{\"@id\":\"https:\\\/\\\/originltd.com\\\/product\\\/twist-off\\\/#primaryimage\"},\"image\":{\"@id\":\"https:\\\/\\\/originltd.com\\\/product\\\/twist-off\\\/#primaryimage\"},\"thumbnailUrl\":\"https:\\\/\\\/originltd.com\\\/wp-content\\\/uploads\\\/2018\\\/03\\\/hdpe-bottle-twist-off-cap-scaled.jpg\",\"datePublished\":\"2018-02-07T16:48:23+00:00\",\"dateModified\":\"2025-10-07T15:14:54+00:00\",\"description\":\"Order 15ml-600ml twist-off-cap HDPE bottles from Origin. The senior-friendly design ensures you can get to your medicine easily while also keeping it protected.\",\"breadcrumb\":{\"@id\":\"https:\\\/\\\/originltd.com\\\/product\\\/twist-off\\\/#breadcrumb\"},\"inLanguage\":\"de\",\"potentialAction\":[{\"@type\":\"ReadAction\",\"target\":[\"https:\\\/\\\/originltd.com\\\/product\\\/twist-off\\\/\"]}]},{\"@type\":\"ImageObject\",\"inLanguage\":\"de\",\"@id\":\"https:\\\/\\\/originltd.com\\\/product\\\/twist-off\\\/#primaryimage\",\"url\":\"https:\\\/\\\/originltd.com\\\/wp-content\\\/uploads\\\/2018\\\/03\\\/hdpe-bottle-twist-off-cap-scaled.jpg\",\"contentUrl\":\"https:\\\/\\\/originltd.com\\\/wp-content\\\/uploads\\\/2018\\\/03\\\/hdpe-bottle-twist-off-cap-scaled.jpg\",\"width\":1707,\"height\":2560,\"caption\":\"HDPE bottle, twist off cap\"},{\"@type\":\"BreadcrumbList\",\"@id\":\"https:\\\/\\\/originltd.com\\\/product\\\/twist-off\\\/#breadcrumb\",\"itemListElement\":[{\"@type\":\"ListItem\",\"position\":1,\"name\":\"Home\",\"item\":\"https:\\\/\\\/originltd.com\\\/\"},{\"@type\":\"ListItem\",\"position\":2,\"name\":\"Pharmaceutical Packaging Products\",\"item\":\"https:\\\/\\\/originltd.com\\\/pharmaceutical-packaging\\\/\"},{\"@type\":\"ListItem\",\"position\":3,\"name\":\"Child-Resistant Packaging\",\"item\":\"https:\\\/\\\/originltd.com\\\/packaging\\\/child-resistant-packaging\\\/\"},{\"@type\":\"ListItem\",\"position\":4,\"name\":\"15ml\u2013600ml Twist-Off-Cap-HDPE-Bottles\"}]},{\"@type\":\"WebSite\",\"@id\":\"https:\\\/\\\/originltd.com\\\/#website\",\"url\":\"https:\\\/\\\/originltd.com\\\/\",\"name\":\"Origin Pharma Packaging\",\"description\":\"\",\"publisher\":{\"@id\":\"https:\\\/\\\/originltd.com\\\/#organization\"},\"alternateName\":\"Origin Ltd.\",\"potentialAction\":[{\"@type\":\"SearchAction\",\"target\":{\"@type\":\"EntryPoint\",\"urlTemplate\":\"https:\\\/\\\/originltd.com\\\/?s={search_term_string}\"},\"query-input\":{\"@type\":\"PropertyValueSpecification\",\"valueRequired\":true,\"valueName\":\"search_term_string\"}}],\"inLanguage\":\"de\"},{\"@type\":\"Organization\",\"@id\":\"https:\\\/\\\/originltd.com\\\/#organization\",\"name\":\"Origin Pharma Packaging\",\"url\":\"https:\\\/\\\/originltd.com\\\/\",\"logo\":{\"@type\":\"ImageObject\",\"inLanguage\":\"de\",\"@id\":\"https:\\\/\\\/originltd.com\\\/#\\\/schema\\\/logo\\\/image\\\/\",\"url\":\"https:\\\/\\\/originltd.com\\\/wp-content\\\/uploads\\\/2024\\\/06\\\/cropped-Origin-logo-For-Health-For-Life-RGB@10x.png\",\"contentUrl\":\"https:\\\/\\\/originltd.com\\\/wp-content\\\/uploads\\\/2024\\\/06\\\/cropped-Origin-logo-For-Health-For-Life-RGB@10x.png\",\"width\":227,\"height\":65,\"caption\":\"Origin Pharma Packaging\"},\"image\":{\"@id\":\"https:\\\/\\\/originltd.com\\\/#\\\/schema\\\/logo\\\/image\\\/\"},\"sameAs\":[\"https:\\\/\\\/www.facebook.com\\\/originpharmapackaging\",\"https:\\\/\\\/x.com\\\/originpharma\",\"https:\\\/\\\/www.linkedin.com\\\/company\\\/origin-packaging-ltd\\\/\",\"https:\\\/\\\/www.youtube.com\\\/channel\\\/UCOOJl3eFOiO7lJT6f5qHygA\"]}]}<\/script>\n<!-- \/ Yoast SEO plugin. -->","yoast_head_json":{"title":"15ml-600ml Twist-Off-Cap-HDPE-Flaschen | Origin Pharma Packaging","description":"Bestellen Sie 15ml-600ml HDPE-Flaschen mit Twist-off-Verschluss bei Origin. Das seniorenfreundliche Design sorgt daf\u00fcr, dass Sie Ihre Medikamente leicht erreichen k\u00f6nnen und sie gleichzeitig gesch\u00fctzt sind.","robots":{"index":"index","follow":"follow","max-snippet":"max-snippet:-1","max-image-preview":"max-image-preview:large","max-video-preview":"max-video-preview:-1"},"canonical":"https:\/\/originltd.com\/de\/produkt\/twist-off\/","og_locale":"de_DE","og_type":"article","og_title":"15ml\u2013600ml Twist-Off-Cap-HDPE-Bottles | Origin Pharma Packaging","og_description":"Order 15ml-600ml twist-off-cap HDPE bottles from Origin. The senior-friendly design ensures you can get to your medicine easily while also keeping it protected.","og_url":"https:\/\/originltd.com\/de\/produkt\/twist-off\/","og_site_name":"Origin Pharma Packaging","article_publisher":"https:\/\/www.facebook.com\/originpharmapackaging","article_modified_time":"2025-10-07T15:14:54+00:00","og_image":[{"width":1707,"height":2560,"url":"https:\/\/originltd.com\/wp-content\/uploads\/2018\/03\/hdpe-bottle-twist-off-cap-scaled.jpg","type":"image\/jpeg"}],"twitter_card":"summary_large_image","twitter_site":"@originpharma","twitter_misc":{"Gesch\u00e4tzte Lesezeit":"1\u00a0Minute"},"schema":{"@context":"https:\/\/schema.org","@graph":[{"@type":"WebPage","@id":"https:\/\/originltd.com\/product\/twist-off\/","url":"https:\/\/originltd.com\/product\/twist-off\/","name":"15ml-600ml Twist-Off-Cap-HDPE-Flaschen | Origin Pharma Packaging","isPartOf":{"@id":"https:\/\/originltd.com\/#website"},"primaryImageOfPage":{"@id":"https:\/\/originltd.com\/product\/twist-off\/#primaryimage"},"image":{"@id":"https:\/\/originltd.com\/product\/twist-off\/#primaryimage"},"thumbnailUrl":"https:\/\/originltd.com\/wp-content\/uploads\/2018\/03\/hdpe-bottle-twist-off-cap-scaled.jpg","datePublished":"2018-02-07T16:48:23+00:00","dateModified":"2025-10-07T15:14:54+00:00","description":"Bestellen Sie 15ml-600ml HDPE-Flaschen mit Twist-off-Verschluss bei Origin. Das seniorenfreundliche Design sorgt daf\u00fcr, dass Sie Ihre Medikamente leicht erreichen k\u00f6nnen und sie gleichzeitig gesch\u00fctzt sind.","breadcrumb":{"@id":"https:\/\/originltd.com\/product\/twist-off\/#breadcrumb"},"inLanguage":"de","potentialAction":[{"@type":"ReadAction","target":["https:\/\/originltd.com\/product\/twist-off\/"]}]},{"@type":"ImageObject","inLanguage":"de","@id":"https:\/\/originltd.com\/product\/twist-off\/#primaryimage","url":"https:\/\/originltd.com\/wp-content\/uploads\/2018\/03\/hdpe-bottle-twist-off-cap-scaled.jpg","contentUrl":"https:\/\/originltd.com\/wp-content\/uploads\/2018\/03\/hdpe-bottle-twist-off-cap-scaled.jpg","width":1707,"height":2560,"caption":"HDPE bottle, twist off cap"},{"@type":"BreadcrumbList","@id":"https:\/\/originltd.com\/product\/twist-off\/#breadcrumb","itemListElement":[{"@type":"ListItem","position":1,"name":"Home","item":"https:\/\/originltd.com\/"},{"@type":"ListItem","position":2,"name":"Pharmaceutical Packaging Products","item":"https:\/\/originltd.com\/pharmaceutical-packaging\/"},{"@type":"ListItem","position":3,"name":"Child-Resistant Packaging","item":"https:\/\/originltd.com\/packaging\/child-resistant-packaging\/"},{"@type":"ListItem","position":4,"name":"15ml\u2013600ml Twist-Off-Cap-HDPE-Bottles"}]},{"@type":"WebSite","@id":"https:\/\/originltd.com\/#website","url":"https:\/\/originltd.com\/","name":"Origin Pharma Packaging","description":"","publisher":{"@id":"https:\/\/originltd.com\/#organization"},"alternateName":"Origin Ltd.","potentialAction":[{"@type":"SearchAction","target":{"@type":"EntryPoint","urlTemplate":"https:\/\/originltd.com\/?s={search_term_string}"},"query-input":{"@type":"PropertyValueSpecification","valueRequired":true,"valueName":"search_term_string"}}],"inLanguage":"de"},{"@type":"Organization","@id":"https:\/\/originltd.com\/#organization","name":"Origin Pharma Packaging","url":"https:\/\/originltd.com\/","logo":{"@type":"ImageObject","inLanguage":"de","@id":"https:\/\/originltd.com\/#\/schema\/logo\/image\/","url":"https:\/\/originltd.com\/wp-content\/uploads\/2024\/06\/cropped-Origin-logo-For-Health-For-Life-RGB@10x.png","contentUrl":"https:\/\/originltd.com\/wp-content\/uploads\/2024\/06\/cropped-Origin-logo-For-Health-For-Life-RGB@10x.png","width":227,"height":65,"caption":"Origin Pharma Packaging"},"image":{"@id":"https:\/\/originltd.com\/#\/schema\/logo\/image\/"},"sameAs":["https:\/\/www.facebook.com\/originpharmapackaging","https:\/\/x.com\/originpharma","https:\/\/www.linkedin.com\/company\/origin-packaging-ltd\/","https:\/\/www.youtube.com\/channel\/UCOOJl3eFOiO7lJT6f5qHygA"]}]}},"_links":{"self":[{"href":"https:\/\/originltd.com\/de\/wp-json\/wp\/v2\/product\/1150","targetHints":{"allow":["GET"]}}],"collection":[{"href":"https:\/\/originltd.com\/de\/wp-json\/wp\/v2\/product"}],"about":[{"href":"https:\/\/originltd.com\/de\/wp-json\/wp\/v2\/types\/product"}],"replies":[{"embeddable":true,"href":"https:\/\/originltd.com\/de\/wp-json\/wp\/v2\/comments?post=1150"}],"wp:featuredmedia":[{"embeddable":true,"href":"https:\/\/originltd.com\/de\/wp-json\/wp\/v2\/media\/3475"}],"wp:attachment":[{"href":"https:\/\/originltd.com\/de\/wp-json\/wp\/v2\/media?parent=1150"}],"wp:term":[{"taxonomy":"product_brand","embeddable":true,"href":"https:\/\/originltd.com\/de\/wp-json\/wp\/v2\/product_brand?post=1150"},{"taxonomy":"product_cat","embeddable":true,"href":"https:\/\/originltd.com\/de\/wp-json\/wp\/v2\/product_cat?post=1150"},{"taxonomy":"product_tag","embeddable":true,"href":"https:\/\/originltd.com\/de\/wp-json\/wp\/v2\/product_tag?post=1150"}],"curies":[{"name":"wp","href":"https:\/\/api.w.org\/{rel}","templated":true}]}}