
{"id":1181,"date":"2018-02-07T16:48:30","date_gmt":"2018-02-07T16:48:30","guid":{"rendered":"https:\/\/dev.originltd.com\/product\/pet-ready-to-fill-vials\/"},"modified":"2024-05-02T15:31:55","modified_gmt":"2024-05-02T14:31:55","slug":"pet-ready-to-fill-vials","status":"publish","type":"product","link":"https:\/\/originltd.com\/de\/product\/pet-ready-to-fill-vials\/","title":{"rendered":"50ml-500ml PET-Fl\u00e4schchen zum Abf\u00fcllen"},"content":{"rendered":"","protected":false},"excerpt":{"rendered":"<p>Ready-to-Fill (RTF)-Fl\u00e4schchen werden nach strengen Qualit\u00e4tskriterien hergestellt und anschlie\u00dfend sterilisiert. Das macht die Vorbereitungsprozesse in der Nachproduktion wie Waschen, Trocknen und Sterilisieren, die in einer pharmazeutischen Produktionsst\u00e4tte unmittelbar vor der Arzneimittelabf\u00fcllung durchgef\u00fchrt werden, \u00fcberfl\u00fcssig.<\/p>\n<p>Diese Vorbehandlungsschritte, die \u00fcblicherweise am Abf\u00fcllort durchgef\u00fchrt werden, stellen eine erhebliche Belastung f\u00fcr Arzneimittelhersteller dar, die unter st\u00e4ndigem Druck stehen, die Kosten zu senken und die Effizienz ihrer Abf\u00fcllanlagen zu verbessern. Die Vorteile von RTF werden zunehmend anerkannt, und das Konzept entwickelt sich in vielen Formen weiter. R\u00f6hrenf\u00f6rmige Glasprodukte und Spritzen sind inzwischen weit verbreitet, und die Einf\u00fchrung von sterilen RTF-Fl\u00e4schchen aus Kunststoff ist ein offensichtlicher Fortschritt.<\/p>\n<p>Kurz gesagt, diese RTF-Kunststofffl\u00e4schchen (pet) werden in Europa unter Verwendung pharmagerechter Materialien in einer sterilen Reinraumumgebung hergestellt und verpackt. Die Produkte werden dann in ihrer Originalverpackung sterilisiert, um ihre Integrit\u00e4t zu bewahren, bevor sie direkt an Ihre Produktionslinie geliefert werden. Auf diese Weise kommt die sterile Produktionslinie Ihrer eigenen sterilen Produktionslinie so nahe wie m\u00f6glich.<\/p>\n<p>Durch den Einsatz des Lieferkettenmanagements von Origin sind wir au\u00dferdem in der Lage, Ihnen neben den gew\u00fcnschten Mengen auch noch die entsprechende chargenspezifische Dokumentation zu liefern. Die resultierende Kosteneinsparung und Effizienzgewinn liegen auf der Hand.<\/p>\n<p><strong>Auch in Polylpropylen erh\u00e4ltlich<\/strong><\/p>\n<p>RTF-Fl\u00e4schchen erm\u00f6glichen Folgendes:<\/p>\n<ul>\n<li>Weniger Inspektionen, Tests und Abweichungen<\/li>\n<li>Weniger Dokumentation und Prozeduren<\/li>\n<li>Wegfall von Vorbereitungsprozessen und Reinigungsanlagen<\/li>\n<li>Reduzierung der Produktionsfl\u00e4che<\/li>\n<li>Weniger Lagerhaltung und unfertige Erzeugnisse<\/li>\n<li>Weniger Materialbedarfsplanung<\/li>\n<\/ul>\n<p>Wir freuen uns darauf, mit Ihnen zu besprechen, wie wir unser Angebot an Ihre spezifische Anwendung anpassen k\u00f6nnen.<\/p>","protected":false},"featured_media":3503,"comment_status":"open","ping_status":"closed","template":"","meta":{"_acf_changed":false},"product_brand":[],"product_cat":[107,2206,96,2188],"product_tag":[],"class_list":{"0":"post-1181","1":"product","2":"type-product","3":"status-publish","4":"has-post-thumbnail","6":"product_cat-pet-bottles","7":"product_cat-pharmaceutical-packaging","8":"product_cat-plastic","9":"product_cat-round-bottles","11":"first","12":"instock","13":"sold-individually","14":"shipping-taxable","15":"purchasable","16":"product-type-simple"},"acf":[],"yoast_head":"<!-- This site is optimized with the Yoast SEO plugin v27.3 - https:\/\/yoast.com\/product\/yoast-seo-wordpress\/ -->\n<title>PET Ready to Fill Vials | Origin Pharma Packaging<\/title>\n<meta name=\"description\" content=\"Find out about &lt;ready to fill vials available from Origin, bulk supplier of packaging for use in the pharmaceutical industry. Order a sample or get in touch for more details.\" \/>\n<meta name=\"robots\" content=\"index, follow, max-snippet:-1, max-image-preview:large, max-video-preview:-1\" \/>\n<link rel=\"canonical\" href=\"https:\/\/originltd.com\/de\/produkt\/pet-ready-to-fill-vials\/\" \/>\n<meta property=\"og:locale\" content=\"de_DE\" \/>\n<meta property=\"og:type\" content=\"article\" \/>\n<meta property=\"og:title\" content=\"PET Ready to Fill Vials | Origin Pharma Packaging\" \/>\n<meta property=\"og:description\" content=\"Find out about &lt;ready to fill vials available from Origin, bulk supplier of packaging for use in the pharmaceutical industry. Order a sample or get in touch for more details.\" \/>\n<meta property=\"og:url\" content=\"https:\/\/originltd.com\/de\/produkt\/pet-ready-to-fill-vials\/\" \/>\n<meta property=\"og:site_name\" content=\"Origin Pharma Packaging\" \/>\n<meta property=\"article:publisher\" content=\"https:\/\/www.facebook.com\/originpharmapackaging\" \/>\n<meta property=\"article:modified_time\" content=\"2024-05-02T14:31:55+00:00\" \/>\n<meta property=\"og:image\" content=\"https:\/\/originltd.com\/wp-content\/uploads\/2018\/03\/vial-vet-scaled.jpg\" \/>\n\t<meta property=\"og:image:width\" content=\"1707\" \/>\n\t<meta property=\"og:image:height\" content=\"2560\" \/>\n\t<meta property=\"og:image:type\" content=\"image\/jpeg\" \/>\n<meta name=\"twitter:card\" content=\"summary_large_image\" \/>\n<meta name=\"twitter:site\" content=\"@originpharma\" \/>\n<meta name=\"twitter:label1\" content=\"Gesch\u00e4tzte Lesezeit\" \/>\n\t<meta name=\"twitter:data1\" content=\"1\u00a0Minute\" \/>\n<script type=\"application\/ld+json\" class=\"yoast-schema-graph\">{\"@context\":\"https:\\\/\\\/schema.org\",\"@graph\":[{\"@type\":\"WebPage\",\"@id\":\"https:\\\/\\\/originltd.com\\\/product\\\/pet-ready-to-fill-vials\\\/\",\"url\":\"https:\\\/\\\/originltd.com\\\/product\\\/pet-ready-to-fill-vials\\\/\",\"name\":\"PET Ready to Fill Vials | Origin Pharma Packaging\",\"isPartOf\":{\"@id\":\"https:\\\/\\\/originltd.com\\\/#website\"},\"primaryImageOfPage\":{\"@id\":\"https:\\\/\\\/originltd.com\\\/product\\\/pet-ready-to-fill-vials\\\/#primaryimage\"},\"image\":{\"@id\":\"https:\\\/\\\/originltd.com\\\/product\\\/pet-ready-to-fill-vials\\\/#primaryimage\"},\"thumbnailUrl\":\"https:\\\/\\\/originltd.com\\\/wp-content\\\/uploads\\\/2018\\\/03\\\/vial-vet-scaled.jpg\",\"datePublished\":\"2018-02-07T16:48:30+00:00\",\"dateModified\":\"2024-05-02T14:31:55+00:00\",\"description\":\"Find out about &lt;ready to fill vials available from Origin, bulk supplier of packaging for use in the pharmaceutical industry. Order a sample or get in touch for more details.\",\"breadcrumb\":{\"@id\":\"https:\\\/\\\/originltd.com\\\/product\\\/pet-ready-to-fill-vials\\\/#breadcrumb\"},\"inLanguage\":\"de\",\"potentialAction\":[{\"@type\":\"ReadAction\",\"target\":[\"https:\\\/\\\/originltd.com\\\/product\\\/pet-ready-to-fill-vials\\\/\"]}]},{\"@type\":\"ImageObject\",\"inLanguage\":\"de\",\"@id\":\"https:\\\/\\\/originltd.com\\\/product\\\/pet-ready-to-fill-vials\\\/#primaryimage\",\"url\":\"https:\\\/\\\/originltd.com\\\/wp-content\\\/uploads\\\/2018\\\/03\\\/vial-vet-scaled.jpg\",\"contentUrl\":\"https:\\\/\\\/originltd.com\\\/wp-content\\\/uploads\\\/2018\\\/03\\\/vial-vet-scaled.jpg\",\"width\":1707,\"height\":2560,\"caption\":\"Ready to Use Vial\"},{\"@type\":\"BreadcrumbList\",\"@id\":\"https:\\\/\\\/originltd.com\\\/product\\\/pet-ready-to-fill-vials\\\/#breadcrumb\",\"itemListElement\":[{\"@type\":\"ListItem\",\"position\":1,\"name\":\"Home\",\"item\":\"https:\\\/\\\/originltd.com\\\/\"},{\"@type\":\"ListItem\",\"position\":2,\"name\":\"Pharmaceutical Packaging Products\",\"item\":\"https:\\\/\\\/originltd.com\\\/pharmaceutical-packaging\\\/\"},{\"@type\":\"ListItem\",\"position\":3,\"name\":\"Plastic Packaging\",\"item\":\"https:\\\/\\\/originltd.com\\\/packaging\\\/plastic\\\/\"},{\"@type\":\"ListItem\",\"position\":4,\"name\":\"50ml-500ml PET Ready to Fill Vials\"}]},{\"@type\":\"WebSite\",\"@id\":\"https:\\\/\\\/originltd.com\\\/#website\",\"url\":\"https:\\\/\\\/originltd.com\\\/\",\"name\":\"Origin Pharma Packaging\",\"description\":\"\",\"publisher\":{\"@id\":\"https:\\\/\\\/originltd.com\\\/#organization\"},\"alternateName\":\"Origin Ltd.\",\"potentialAction\":[{\"@type\":\"SearchAction\",\"target\":{\"@type\":\"EntryPoint\",\"urlTemplate\":\"https:\\\/\\\/originltd.com\\\/?s={search_term_string}\"},\"query-input\":{\"@type\":\"PropertyValueSpecification\",\"valueRequired\":true,\"valueName\":\"search_term_string\"}}],\"inLanguage\":\"de\"},{\"@type\":\"Organization\",\"@id\":\"https:\\\/\\\/originltd.com\\\/#organization\",\"name\":\"Origin Pharma Packaging\",\"url\":\"https:\\\/\\\/originltd.com\\\/\",\"logo\":{\"@type\":\"ImageObject\",\"inLanguage\":\"de\",\"@id\":\"https:\\\/\\\/originltd.com\\\/#\\\/schema\\\/logo\\\/image\\\/\",\"url\":\"https:\\\/\\\/originltd.com\\\/wp-content\\\/uploads\\\/2024\\\/06\\\/cropped-Origin-logo-For-Health-For-Life-RGB@10x.png\",\"contentUrl\":\"https:\\\/\\\/originltd.com\\\/wp-content\\\/uploads\\\/2024\\\/06\\\/cropped-Origin-logo-For-Health-For-Life-RGB@10x.png\",\"width\":227,\"height\":65,\"caption\":\"Origin Pharma Packaging\"},\"image\":{\"@id\":\"https:\\\/\\\/originltd.com\\\/#\\\/schema\\\/logo\\\/image\\\/\"},\"sameAs\":[\"https:\\\/\\\/www.facebook.com\\\/originpharmapackaging\",\"https:\\\/\\\/x.com\\\/originpharma\",\"https:\\\/\\\/www.linkedin.com\\\/company\\\/origin-packaging-ltd\\\/\",\"https:\\\/\\\/www.youtube.com\\\/channel\\\/UCOOJl3eFOiO7lJT6f5qHygA\"]}]}<\/script>\n<!-- \/ Yoast SEO plugin. -->","yoast_head_json":{"title":"Abf\u00fcllfertige PET-Fl\u00e4schchen | Origin Pharma Packaging","description":"Informieren Sie sich \u00fcber die  von Origin, dem Gro\u00dflieferanten von Verpackungen f\u00fcr die Pharmaindustrie. Bestellen Sie ein Muster oder kontaktieren Sie uns f\u00fcr weitere Informationen.","robots":{"index":"index","follow":"follow","max-snippet":"max-snippet:-1","max-image-preview":"max-image-preview:large","max-video-preview":"max-video-preview:-1"},"canonical":"https:\/\/originltd.com\/de\/produkt\/pet-ready-to-fill-vials\/","og_locale":"de_DE","og_type":"article","og_title":"PET Ready to Fill Vials | Origin Pharma Packaging","og_description":"Find out about &lt;ready to fill vials available from Origin, bulk supplier of packaging for use in the pharmaceutical industry. Order a sample or get in touch for more details.","og_url":"https:\/\/originltd.com\/de\/produkt\/pet-ready-to-fill-vials\/","og_site_name":"Origin Pharma Packaging","article_publisher":"https:\/\/www.facebook.com\/originpharmapackaging","article_modified_time":"2024-05-02T14:31:55+00:00","og_image":[{"width":1707,"height":2560,"url":"https:\/\/originltd.com\/wp-content\/uploads\/2018\/03\/vial-vet-scaled.jpg","type":"image\/jpeg"}],"twitter_card":"summary_large_image","twitter_site":"@originpharma","twitter_misc":{"Gesch\u00e4tzte Lesezeit":"1\u00a0Minute"},"schema":{"@context":"https:\/\/schema.org","@graph":[{"@type":"WebPage","@id":"https:\/\/originltd.com\/product\/pet-ready-to-fill-vials\/","url":"https:\/\/originltd.com\/product\/pet-ready-to-fill-vials\/","name":"Abf\u00fcllfertige PET-Fl\u00e4schchen | Origin Pharma Packaging","isPartOf":{"@id":"https:\/\/originltd.com\/#website"},"primaryImageOfPage":{"@id":"https:\/\/originltd.com\/product\/pet-ready-to-fill-vials\/#primaryimage"},"image":{"@id":"https:\/\/originltd.com\/product\/pet-ready-to-fill-vials\/#primaryimage"},"thumbnailUrl":"https:\/\/originltd.com\/wp-content\/uploads\/2018\/03\/vial-vet-scaled.jpg","datePublished":"2018-02-07T16:48:30+00:00","dateModified":"2024-05-02T14:31:55+00:00","description":"Informieren Sie sich \u00fcber die  von Origin, dem Gro\u00dflieferanten von Verpackungen f\u00fcr die Pharmaindustrie. Bestellen Sie ein Muster oder kontaktieren Sie uns f\u00fcr weitere Informationen.","breadcrumb":{"@id":"https:\/\/originltd.com\/product\/pet-ready-to-fill-vials\/#breadcrumb"},"inLanguage":"de","potentialAction":[{"@type":"ReadAction","target":["https:\/\/originltd.com\/product\/pet-ready-to-fill-vials\/"]}]},{"@type":"ImageObject","inLanguage":"de","@id":"https:\/\/originltd.com\/product\/pet-ready-to-fill-vials\/#primaryimage","url":"https:\/\/originltd.com\/wp-content\/uploads\/2018\/03\/vial-vet-scaled.jpg","contentUrl":"https:\/\/originltd.com\/wp-content\/uploads\/2018\/03\/vial-vet-scaled.jpg","width":1707,"height":2560,"caption":"Ready to Use Vial"},{"@type":"BreadcrumbList","@id":"https:\/\/originltd.com\/product\/pet-ready-to-fill-vials\/#breadcrumb","itemListElement":[{"@type":"ListItem","position":1,"name":"Home","item":"https:\/\/originltd.com\/"},{"@type":"ListItem","position":2,"name":"Pharmaceutical Packaging Products","item":"https:\/\/originltd.com\/pharmaceutical-packaging\/"},{"@type":"ListItem","position":3,"name":"Plastic Packaging","item":"https:\/\/originltd.com\/packaging\/plastic\/"},{"@type":"ListItem","position":4,"name":"50ml-500ml PET Ready to Fill Vials"}]},{"@type":"WebSite","@id":"https:\/\/originltd.com\/#website","url":"https:\/\/originltd.com\/","name":"Origin Pharma Packaging","description":"","publisher":{"@id":"https:\/\/originltd.com\/#organization"},"alternateName":"Origin Ltd.","potentialAction":[{"@type":"SearchAction","target":{"@type":"EntryPoint","urlTemplate":"https:\/\/originltd.com\/?s={search_term_string}"},"query-input":{"@type":"PropertyValueSpecification","valueRequired":true,"valueName":"search_term_string"}}],"inLanguage":"de"},{"@type":"Organization","@id":"https:\/\/originltd.com\/#organization","name":"Origin Pharma Packaging","url":"https:\/\/originltd.com\/","logo":{"@type":"ImageObject","inLanguage":"de","@id":"https:\/\/originltd.com\/#\/schema\/logo\/image\/","url":"https:\/\/originltd.com\/wp-content\/uploads\/2024\/06\/cropped-Origin-logo-For-Health-For-Life-RGB@10x.png","contentUrl":"https:\/\/originltd.com\/wp-content\/uploads\/2024\/06\/cropped-Origin-logo-For-Health-For-Life-RGB@10x.png","width":227,"height":65,"caption":"Origin Pharma Packaging"},"image":{"@id":"https:\/\/originltd.com\/#\/schema\/logo\/image\/"},"sameAs":["https:\/\/www.facebook.com\/originpharmapackaging","https:\/\/x.com\/originpharma","https:\/\/www.linkedin.com\/company\/origin-packaging-ltd\/","https:\/\/www.youtube.com\/channel\/UCOOJl3eFOiO7lJT6f5qHygA"]}]}},"_links":{"self":[{"href":"https:\/\/originltd.com\/de\/wp-json\/wp\/v2\/product\/1181","targetHints":{"allow":["GET"]}}],"collection":[{"href":"https:\/\/originltd.com\/de\/wp-json\/wp\/v2\/product"}],"about":[{"href":"https:\/\/originltd.com\/de\/wp-json\/wp\/v2\/types\/product"}],"replies":[{"embeddable":true,"href":"https:\/\/originltd.com\/de\/wp-json\/wp\/v2\/comments?post=1181"}],"wp:featuredmedia":[{"embeddable":true,"href":"https:\/\/originltd.com\/de\/wp-json\/wp\/v2\/media\/3503"}],"wp:attachment":[{"href":"https:\/\/originltd.com\/de\/wp-json\/wp\/v2\/media?parent=1181"}],"wp:term":[{"taxonomy":"product_brand","embeddable":true,"href":"https:\/\/originltd.com\/de\/wp-json\/wp\/v2\/product_brand?post=1181"},{"taxonomy":"product_cat","embeddable":true,"href":"https:\/\/originltd.com\/de\/wp-json\/wp\/v2\/product_cat?post=1181"},{"taxonomy":"product_tag","embeddable":true,"href":"https:\/\/originltd.com\/de\/wp-json\/wp\/v2\/product_tag?post=1181"}],"curies":[{"name":"wp","href":"https:\/\/api.w.org\/{rel}","templated":true}]}}