
{"id":8559,"date":"2022-06-15T10:57:17","date_gmt":"2022-06-15T09:57:17","guid":{"rendered":"https:\/\/originltd.in-beta.dev\/?post_type=product&#038;p=8559"},"modified":"2025-10-16T10:12:10","modified_gmt":"2025-10-16T09:12:10","slug":"10ml-blue-glass-dropper-bottle","status":"publish","type":"product","link":"https:\/\/originltd.com\/de\/product\/10ml-blue-glass-dropper-bottle\/","title":{"rendered":"10ml Blaue York Glas Tropfflasche"},"content":{"rendered":"<p><span style=\"font-weight: 400;\">Diese blaue Yorker Glastropfflasche ist in einer Gr\u00f6\u00dfe von 10 ml erh\u00e4ltlich. Es gibt sie aber auch in vielen anderen Gr\u00f6\u00dfen, sowohl in kleineren als auch in gr\u00f6\u00dferen Varianten, wie zum Beispiel unsere <\/span><a href=\"https:\/\/originltd.com\/de\/produkt\/5ml-blue-glass-dropper-bottle-york\/\"><span style=\"font-weight: 400;\">5ml blaue Glas-Tropfflaschen<\/span><\/a><span style=\"font-weight: 400;\"> und <\/span><a href=\"https:\/\/originltd.com\/de\/produkt\/15ml-blue-glass-dropper-bottle\/\"><span style=\"font-weight: 400;\">15ml blaue Glas-Tropfflaschen<\/span><\/a><span style=\"font-weight: 400;\">.<\/span><\/p>","protected":false},"excerpt":{"rendered":"<p><span style=\"font-weight: 400;\">Diese<\/span><span style=\"font-weight: 400;\"> 10ml blaues Glas Tropfflasche kommt mit <\/span><span style=\"font-weight: 400;\">verschiedene<\/span><span style=\"font-weight: 400;\"> Verschluss <\/span><span style=\"font-weight: 400;\">Optionen,<\/span><span style=\"font-weight: 400;\"> einschlie\u00dflich <\/span><span style=\"font-weight: 400;\">mit Originalit\u00e4tssicherung<\/span><span style=\"font-weight: 400;\"> und CRC-Varianten. <\/span><span style=\"font-weight: 400;\">Als<\/span><span style=\"font-weight: 400;\"> ein ideales Produkt f\u00fcr Fl\u00fcssigkeiten in der Medizin- oder Aromatherapieindustrie, <\/span><span style=\"font-weight: 400;\">diese <\/span><a href=\"https:\/\/originltd.com\/de\/packaging\/glass\/glass-dropper-bottles\/\"><span style=\"font-weight: 400;\">Glas-Tropfflaschen<\/span><\/a><span style=\"font-weight: 400;\"> bieten eine Vintage-Apotheken\u00e4sthetik, die Ihre Produkte im Regal hervorhebt. Au\u00dferdem sind sowohl kleinere als auch gr\u00f6\u00dfere Gr\u00f6\u00dfen erh\u00e4ltlich, falls Sie diese ben\u00f6tigen.<\/span><\/p>\n<h3><span style=\"font-weight: 400;\">Wesentliche Merkmale:<\/span><\/h3>\n<ul>\n<li style=\"font-weight: 400;\" aria-level=\"1\"><span style=\"font-weight: 400;\">Blaues USP Typ III Glas<\/span><\/li>\n<li style=\"font-weight: 400;\" aria-level=\"1\"><span style=\"font-weight: 400;\">Vintage-Apotheker-\u00c4sthetik<\/span><\/li>\n<li style=\"font-weight: 400;\" aria-level=\"1\"><span style=\"font-weight: 400;\">Auch in abweichenden Abmessungen verf\u00fcgbar<\/span><\/li>\n<li style=\"font-weight: 400;\" aria-level=\"1\"><span style=\"font-weight: 400;\">Klassisches medizinisches Aussehen<\/span><\/li>\n<\/ul>\n<h3><span style=\"font-weight: 400;\">Geeignete Verwendungszwecke:<\/span><\/h3>\n<ul>\n<li style=\"font-weight: 400;\" aria-level=\"1\"><span style=\"font-weight: 400;\">Aufbewahrung von Medikamenten, Aromatherapieprodukten, \u00e4therischen \u00d6len und mehr<\/span><\/li>\n<\/ul>","protected":false},"featured_media":8550,"comment_status":"closed","ping_status":"closed","template":"","meta":{"_acf_changed":false},"product_brand":[],"product_cat":[2224,2185,2181,102,119,2225,2227,2228,2226,2223,103,95],"product_tag":[],"class_list":{"0":"post-8559","1":"product","2":"type-product","3":"status-publish","4":"has-post-thumbnail","6":"product_cat-cbd","7":"product_cat-cosmetic-containers","8":"product_cat-apothecary-bottles","9":"product_cat-glass-bottles","10":"product_cat-cosmetic-bottles","11":"product_cat-home-fragrance","12":"product_cat-lifestyle","13":"product_cat-perfume","14":"product_cat-personal-fragrance","15":"product_cat-skincare-bodycare","16":"product_cat-glass-dropper-bottles","17":"product_cat-glass","19":"first","20":"instock","21":"sold-individually","22":"shipping-taxable","23":"product-type-simple"},"acf":[],"yoast_head":"<!-- This site is optimized with the Yoast SEO plugin v27.4 - https:\/\/yoast.com\/product\/yoast-seo-wordpress\/ -->\n<title>10ml Blue York Glass Dropper Bottle | Origin Pharma Packaging<\/title>\n<meta name=\"description\" content=\"Order 10ml blue York glass dropper bottles from Origin. These blue bottles are resilient, vibrant, and suitable for storing various products.\" \/>\n<meta name=\"robots\" content=\"index, follow, max-snippet:-1, max-image-preview:large, max-video-preview:-1\" \/>\n<link rel=\"canonical\" href=\"https:\/\/originltd.com\/de\/produkt\/10ml-blue-glass-dropper-bottle\/\" \/>\n<meta property=\"og:locale\" content=\"de_DE\" \/>\n<meta property=\"og:type\" content=\"article\" \/>\n<meta property=\"og:title\" content=\"10ml Blue York Glass Dropper Bottle | Origin Pharma Packaging\" \/>\n<meta property=\"og:description\" content=\"Order 10ml blue York glass dropper bottles from Origin. These blue bottles are resilient, vibrant, and suitable for storing various products.\" \/>\n<meta property=\"og:url\" content=\"https:\/\/originltd.com\/de\/produkt\/10ml-blue-glass-dropper-bottle\/\" \/>\n<meta property=\"og:site_name\" content=\"Origin Pharma Packaging\" \/>\n<meta property=\"article:publisher\" content=\"https:\/\/www.facebook.com\/originpharmapackaging\" \/>\n<meta property=\"article:modified_time\" content=\"2025-10-16T09:12:10+00:00\" \/>\n<meta property=\"og:image\" content=\"https:\/\/originltd.com\/wp-content\/uploads\/2022\/06\/ygl180010b-10ml-blue-glass-dropper-bottle-scaled.jpg\" \/>\n\t<meta property=\"og:image:width\" content=\"1707\" \/>\n\t<meta property=\"og:image:height\" content=\"2560\" \/>\n\t<meta property=\"og:image:type\" content=\"image\/jpeg\" \/>\n<meta name=\"twitter:card\" content=\"summary_large_image\" \/>\n<meta name=\"twitter:site\" content=\"@originpharma\" \/>\n<meta name=\"twitter:label1\" content=\"Gesch\u00e4tzte Lesezeit\" \/>\n\t<meta name=\"twitter:data1\" content=\"1\u00a0Minute\" \/>\n<script type=\"application\/ld+json\" class=\"yoast-schema-graph\">{\"@context\":\"https:\\\/\\\/schema.org\",\"@graph\":[{\"@type\":\"WebPage\",\"@id\":\"https:\\\/\\\/originltd.com\\\/product\\\/10ml-blue-glass-dropper-bottle\\\/\",\"url\":\"https:\\\/\\\/originltd.com\\\/product\\\/10ml-blue-glass-dropper-bottle\\\/\",\"name\":\"10ml Blue York Glass Dropper Bottle | Origin Pharma Packaging\",\"isPartOf\":{\"@id\":\"https:\\\/\\\/originltd.com\\\/#website\"},\"primaryImageOfPage\":{\"@id\":\"https:\\\/\\\/originltd.com\\\/product\\\/10ml-blue-glass-dropper-bottle\\\/#primaryimage\"},\"image\":{\"@id\":\"https:\\\/\\\/originltd.com\\\/product\\\/10ml-blue-glass-dropper-bottle\\\/#primaryimage\"},\"thumbnailUrl\":\"https:\\\/\\\/originltd.com\\\/wp-content\\\/uploads\\\/2022\\\/06\\\/ygl180010b-10ml-blue-glass-dropper-bottle-scaled.jpg\",\"datePublished\":\"2022-06-15T09:57:17+00:00\",\"dateModified\":\"2025-10-16T09:12:10+00:00\",\"description\":\"Order 10ml blue York glass dropper bottles from Origin. These blue bottles are resilient, vibrant, and suitable for storing various products.\",\"breadcrumb\":{\"@id\":\"https:\\\/\\\/originltd.com\\\/product\\\/10ml-blue-glass-dropper-bottle\\\/#breadcrumb\"},\"inLanguage\":\"de\",\"potentialAction\":[{\"@type\":\"ReadAction\",\"target\":[\"https:\\\/\\\/originltd.com\\\/product\\\/10ml-blue-glass-dropper-bottle\\\/\"]}]},{\"@type\":\"ImageObject\",\"inLanguage\":\"de\",\"@id\":\"https:\\\/\\\/originltd.com\\\/product\\\/10ml-blue-glass-dropper-bottle\\\/#primaryimage\",\"url\":\"https:\\\/\\\/originltd.com\\\/wp-content\\\/uploads\\\/2022\\\/06\\\/ygl180010b-10ml-blue-glass-dropper-bottle-scaled.jpg\",\"contentUrl\":\"https:\\\/\\\/originltd.com\\\/wp-content\\\/uploads\\\/2022\\\/06\\\/ygl180010b-10ml-blue-glass-dropper-bottle-scaled.jpg\",\"width\":1707,\"height\":2560,\"caption\":\"10ml-blue-glass-dropper-bottle\"},{\"@type\":\"BreadcrumbList\",\"@id\":\"https:\\\/\\\/originltd.com\\\/product\\\/10ml-blue-glass-dropper-bottle\\\/#breadcrumb\",\"itemListElement\":[{\"@type\":\"ListItem\",\"position\":1,\"name\":\"Home\",\"item\":\"https:\\\/\\\/originltd.com\\\/\"},{\"@type\":\"ListItem\",\"position\":2,\"name\":\"Pharmaceutical Packaging Products\",\"item\":\"https:\\\/\\\/originltd.com\\\/pharmaceutical-packaging\\\/\"},{\"@type\":\"ListItem\",\"position\":3,\"name\":\"Cosmetic Packaging\",\"item\":\"https:\\\/\\\/originltd.com\\\/packaging\\\/cosmetic-containers\\\/\"},{\"@type\":\"ListItem\",\"position\":4,\"name\":\"10ml Blue York Glass Dropper Bottle\"}]},{\"@type\":\"WebSite\",\"@id\":\"https:\\\/\\\/originltd.com\\\/#website\",\"url\":\"https:\\\/\\\/originltd.com\\\/\",\"name\":\"Origin Pharma Packaging\",\"description\":\"\",\"publisher\":{\"@id\":\"https:\\\/\\\/originltd.com\\\/#organization\"},\"alternateName\":\"Origin Ltd.\",\"potentialAction\":[{\"@type\":\"SearchAction\",\"target\":{\"@type\":\"EntryPoint\",\"urlTemplate\":\"https:\\\/\\\/originltd.com\\\/?s={search_term_string}\"},\"query-input\":{\"@type\":\"PropertyValueSpecification\",\"valueRequired\":true,\"valueName\":\"search_term_string\"}}],\"inLanguage\":\"de\"},{\"@type\":\"Organization\",\"@id\":\"https:\\\/\\\/originltd.com\\\/#organization\",\"name\":\"Origin Pharma Packaging\",\"url\":\"https:\\\/\\\/originltd.com\\\/\",\"logo\":{\"@type\":\"ImageObject\",\"inLanguage\":\"de\",\"@id\":\"https:\\\/\\\/originltd.com\\\/#\\\/schema\\\/logo\\\/image\\\/\",\"url\":\"https:\\\/\\\/originltd.com\\\/wp-content\\\/uploads\\\/2024\\\/06\\\/cropped-Origin-logo-For-Health-For-Life-RGB@10x.png\",\"contentUrl\":\"https:\\\/\\\/originltd.com\\\/wp-content\\\/uploads\\\/2024\\\/06\\\/cropped-Origin-logo-For-Health-For-Life-RGB@10x.png\",\"width\":227,\"height\":65,\"caption\":\"Origin Pharma Packaging\"},\"image\":{\"@id\":\"https:\\\/\\\/originltd.com\\\/#\\\/schema\\\/logo\\\/image\\\/\"},\"sameAs\":[\"https:\\\/\\\/www.facebook.com\\\/originpharmapackaging\",\"https:\\\/\\\/x.com\\\/originpharma\",\"https:\\\/\\\/www.linkedin.com\\\/company\\\/origin-packaging-ltd\\\/\",\"https:\\\/\\\/www.youtube.com\\\/channel\\\/UCOOJl3eFOiO7lJT6f5qHygA\"]}]}<\/script>\n<!-- \/ Yoast SEO plugin. -->","yoast_head_json":{"title":"10ml Blaue York Glas Tropfflasche | Origin Pharma Verpackung","description":"Bestellen Sie 10ml blaue York-Glastropfflaschen bei Origin. Diese blauen Flaschen sind widerstandsf\u00e4hig, lebendig und f\u00fcr die Aufbewahrung verschiedener Produkte geeignet.","robots":{"index":"index","follow":"follow","max-snippet":"max-snippet:-1","max-image-preview":"max-image-preview:large","max-video-preview":"max-video-preview:-1"},"canonical":"https:\/\/originltd.com\/de\/produkt\/10ml-blue-glass-dropper-bottle\/","og_locale":"de_DE","og_type":"article","og_title":"10ml Blue York Glass Dropper Bottle | Origin Pharma Packaging","og_description":"Order 10ml blue York glass dropper bottles from Origin. These blue bottles are resilient, vibrant, and suitable for storing various products.","og_url":"https:\/\/originltd.com\/de\/produkt\/10ml-blue-glass-dropper-bottle\/","og_site_name":"Origin Pharma Packaging","article_publisher":"https:\/\/www.facebook.com\/originpharmapackaging","article_modified_time":"2025-10-16T09:12:10+00:00","og_image":[{"width":1707,"height":2560,"url":"https:\/\/originltd.com\/wp-content\/uploads\/2022\/06\/ygl180010b-10ml-blue-glass-dropper-bottle-scaled.jpg","type":"image\/jpeg"}],"twitter_card":"summary_large_image","twitter_site":"@originpharma","twitter_misc":{"Gesch\u00e4tzte Lesezeit":"1\u00a0Minute"},"schema":{"@context":"https:\/\/schema.org","@graph":[{"@type":"WebPage","@id":"https:\/\/originltd.com\/product\/10ml-blue-glass-dropper-bottle\/","url":"https:\/\/originltd.com\/product\/10ml-blue-glass-dropper-bottle\/","name":"10ml Blaue York Glas Tropfflasche | Origin Pharma Verpackung","isPartOf":{"@id":"https:\/\/originltd.com\/#website"},"primaryImageOfPage":{"@id":"https:\/\/originltd.com\/product\/10ml-blue-glass-dropper-bottle\/#primaryimage"},"image":{"@id":"https:\/\/originltd.com\/product\/10ml-blue-glass-dropper-bottle\/#primaryimage"},"thumbnailUrl":"https:\/\/originltd.com\/wp-content\/uploads\/2022\/06\/ygl180010b-10ml-blue-glass-dropper-bottle-scaled.jpg","datePublished":"2022-06-15T09:57:17+00:00","dateModified":"2025-10-16T09:12:10+00:00","description":"Bestellen Sie 10ml blaue York-Glastropfflaschen bei Origin. Diese blauen Flaschen sind widerstandsf\u00e4hig, lebendig und f\u00fcr die Aufbewahrung verschiedener Produkte geeignet.","breadcrumb":{"@id":"https:\/\/originltd.com\/product\/10ml-blue-glass-dropper-bottle\/#breadcrumb"},"inLanguage":"de","potentialAction":[{"@type":"ReadAction","target":["https:\/\/originltd.com\/product\/10ml-blue-glass-dropper-bottle\/"]}]},{"@type":"ImageObject","inLanguage":"de","@id":"https:\/\/originltd.com\/product\/10ml-blue-glass-dropper-bottle\/#primaryimage","url":"https:\/\/originltd.com\/wp-content\/uploads\/2022\/06\/ygl180010b-10ml-blue-glass-dropper-bottle-scaled.jpg","contentUrl":"https:\/\/originltd.com\/wp-content\/uploads\/2022\/06\/ygl180010b-10ml-blue-glass-dropper-bottle-scaled.jpg","width":1707,"height":2560,"caption":"10ml-blue-glass-dropper-bottle"},{"@type":"BreadcrumbList","@id":"https:\/\/originltd.com\/product\/10ml-blue-glass-dropper-bottle\/#breadcrumb","itemListElement":[{"@type":"ListItem","position":1,"name":"Home","item":"https:\/\/originltd.com\/"},{"@type":"ListItem","position":2,"name":"Pharmaceutical Packaging Products","item":"https:\/\/originltd.com\/pharmaceutical-packaging\/"},{"@type":"ListItem","position":3,"name":"Cosmetic Packaging","item":"https:\/\/originltd.com\/packaging\/cosmetic-containers\/"},{"@type":"ListItem","position":4,"name":"10ml Blue York Glass Dropper Bottle"}]},{"@type":"WebSite","@id":"https:\/\/originltd.com\/#website","url":"https:\/\/originltd.com\/","name":"Origin Pharma Packaging","description":"","publisher":{"@id":"https:\/\/originltd.com\/#organization"},"alternateName":"Origin Ltd.","potentialAction":[{"@type":"SearchAction","target":{"@type":"EntryPoint","urlTemplate":"https:\/\/originltd.com\/?s={search_term_string}"},"query-input":{"@type":"PropertyValueSpecification","valueRequired":true,"valueName":"search_term_string"}}],"inLanguage":"de"},{"@type":"Organization","@id":"https:\/\/originltd.com\/#organization","name":"Origin Pharma Packaging","url":"https:\/\/originltd.com\/","logo":{"@type":"ImageObject","inLanguage":"de","@id":"https:\/\/originltd.com\/#\/schema\/logo\/image\/","url":"https:\/\/originltd.com\/wp-content\/uploads\/2024\/06\/cropped-Origin-logo-For-Health-For-Life-RGB@10x.png","contentUrl":"https:\/\/originltd.com\/wp-content\/uploads\/2024\/06\/cropped-Origin-logo-For-Health-For-Life-RGB@10x.png","width":227,"height":65,"caption":"Origin Pharma Packaging"},"image":{"@id":"https:\/\/originltd.com\/#\/schema\/logo\/image\/"},"sameAs":["https:\/\/www.facebook.com\/originpharmapackaging","https:\/\/x.com\/originpharma","https:\/\/www.linkedin.com\/company\/origin-packaging-ltd\/","https:\/\/www.youtube.com\/channel\/UCOOJl3eFOiO7lJT6f5qHygA"]}]}},"_links":{"self":[{"href":"https:\/\/originltd.com\/de\/wp-json\/wp\/v2\/product\/8559","targetHints":{"allow":["GET"]}}],"collection":[{"href":"https:\/\/originltd.com\/de\/wp-json\/wp\/v2\/product"}],"about":[{"href":"https:\/\/originltd.com\/de\/wp-json\/wp\/v2\/types\/product"}],"replies":[{"embeddable":true,"href":"https:\/\/originltd.com\/de\/wp-json\/wp\/v2\/comments?post=8559"}],"wp:featuredmedia":[{"embeddable":true,"href":"https:\/\/originltd.com\/de\/wp-json\/wp\/v2\/media\/8550"}],"wp:attachment":[{"href":"https:\/\/originltd.com\/de\/wp-json\/wp\/v2\/media?parent=8559"}],"wp:term":[{"taxonomy":"product_brand","embeddable":true,"href":"https:\/\/originltd.com\/de\/wp-json\/wp\/v2\/product_brand?post=8559"},{"taxonomy":"product_cat","embeddable":true,"href":"https:\/\/originltd.com\/de\/wp-json\/wp\/v2\/product_cat?post=8559"},{"taxonomy":"product_tag","embeddable":true,"href":"https:\/\/originltd.com\/de\/wp-json\/wp\/v2\/product_tag?post=8559"}],"curies":[{"name":"wp","href":"https:\/\/api.w.org\/{rel}","templated":true}]}}