
{"id":8652,"date":"2022-06-29T14:04:04","date_gmt":"2022-06-29T13:04:04","guid":{"rendered":"https:\/\/originltd.in-beta.dev\/?post_type=product&#038;p=8652"},"modified":"2025-10-07T15:57:09","modified_gmt":"2025-10-07T14:57:09","slug":"2000ml-amber-glass-reagent-bottle-ground-stopper","status":"publish","type":"product","link":"https:\/\/originltd.com\/de\/product\/2000ml-amber-glass-reagent-bottle-ground-stopper\/","title":{"rendered":"2000ml Braunglas-Reagenzienflasche &amp; Bodenstopfen"},"content":{"rendered":"","protected":false},"excerpt":{"rendered":"<p><span style=\"font-weight: 400;\">Diese 2-Liter-Braunglasflasche mit Stopfen ist die gr\u00f6\u00dfte verf\u00fcgbare Gr\u00f6\u00dfe f\u00fcr die zuverl\u00e4ssige Aufbewahrung gr\u00f6\u00dferer Mengen.<\/span><\/p>\n<p><span style=\"font-weight: 400;\">Mit <\/span><span style=\"font-weight: 400;\">starke chemische und physikalische Eigenschaften<\/span><span style=\"font-weight: 400;\">diese <\/span><a href=\"https:\/\/originltd.com\/de\/packaging\/amber-glass-bottles\/\"><span style=\"font-weight: 400;\">Braunglasflasche<\/span><\/a><span style=\"font-weight: 400;\"> bietet zuverl\u00e4ssigen Schutz f\u00fcr eine Reihe von pharmazeutischen Produkten. Diese 2L-Braunglasflasche bietet UV-Schutz f\u00fcr lichtempfindliche Produkte und ist eine ausgezeichnete Wahl f\u00fcr <\/span><a href=\"https:\/\/originltd.com\/de\/packaging\/glass\/\"><span style=\"font-weight: 400;\">Glasverpackungen<\/span><\/a><span style=\"font-weight: 400;\">.<\/span><\/p>\n<h3><span style=\"font-weight: 400;\">Wesentliche Merkmale:<\/span><\/h3>\n<ul>\n<li style=\"font-weight: 400;\" aria-level=\"1\"><span style=\"font-weight: 400;\">UV-Schutz<\/span><\/li>\n<li style=\"font-weight: 400;\" aria-level=\"1\"><span style=\"font-weight: 400;\">Chemische und physikalische Best\u00e4ndigkeit<\/span><\/li>\n<li style=\"font-weight: 400;\" aria-level=\"1\"><span style=\"font-weight: 400;\">Dank breiter M\u00fcndung geeignet f\u00fcr Dosierung fl\u00fcssiger oder fester Medikamente<\/span><\/li>\n<li style=\"font-weight: 400;\" aria-level=\"1\"><span style=\"font-weight: 400;\">Verf\u00fcgt \u00fcber eine tropffreie Ausgusslippe<\/span><\/li>\n<li style=\"font-weight: 400;\" aria-level=\"1\"><span style=\"font-weight: 400;\">Stabiler, robuster und individuell geschliffener Rundglasstopfen, der sicher sitzt und eine Verunreinigung des Produkts im Inneren der Flasche verhindert<\/span><\/li>\n<\/ul>\n<h3><span style=\"font-weight: 400;\">Geeignete Verwendungszwecke:<\/span><\/h3>\n<ul>\n<li style=\"font-weight: 400;\" aria-level=\"1\"><span style=\"font-weight: 400;\">Medizinische Verwendung<\/span><\/li>\n<li style=\"font-weight: 400;\" aria-level=\"1\"><span style=\"font-weight: 400;\">Anwendungen, die nicht mit hohen thermischen Belastungen verbunden sind<\/span><\/li>\n<\/ul>","protected":false},"featured_media":8636,"comment_status":"closed","ping_status":"closed","template":"","meta":{"_acf_changed":false},"product_brand":[],"product_cat":[2185,119,2225,2227,2228,2226,95],"product_tag":[],"class_list":{"0":"post-8652","1":"product","2":"type-product","3":"status-publish","4":"has-post-thumbnail","6":"product_cat-cosmetic-containers","7":"product_cat-cosmetic-bottles","8":"product_cat-home-fragrance","9":"product_cat-lifestyle","10":"product_cat-perfume","11":"product_cat-personal-fragrance","12":"product_cat-glass","14":"first","15":"instock","16":"sold-individually","17":"shipping-taxable","18":"product-type-simple"},"acf":[],"yoast_head":"<!-- This site is optimized with the Yoast SEO plugin v27.3 - https:\/\/yoast.com\/product\/yoast-seo-wordpress\/ -->\n<title>2000ml Amber Glass Reagent Bottle &amp; Ground Stopper | Origin<\/title>\n<meta name=\"description\" content=\"Order 2L amber glass reagent bottles &amp; ground stoppers from Origin, suitable for medical use and offering strong chemical and physical resistance.\" \/>\n<meta name=\"robots\" content=\"index, follow, max-snippet:-1, max-image-preview:large, max-video-preview:-1\" \/>\n<link rel=\"canonical\" href=\"https:\/\/originltd.com\/de\/produkt\/2000ml-amber-glass-reagent-bottle-ground-stopper\/\" \/>\n<meta property=\"og:locale\" content=\"de_DE\" \/>\n<meta property=\"og:type\" content=\"article\" \/>\n<meta property=\"og:title\" content=\"2000ml Amber Glass Reagent Bottle &amp; Ground Stopper | Origin\" \/>\n<meta property=\"og:description\" content=\"Order 2L amber glass reagent bottles &amp; ground stoppers from Origin, suitable for medical use and offering strong chemical and physical resistance.\" \/>\n<meta property=\"og:url\" content=\"https:\/\/originltd.com\/de\/produkt\/2000ml-amber-glass-reagent-bottle-ground-stopper\/\" \/>\n<meta property=\"og:site_name\" content=\"Origin Pharma Packaging\" \/>\n<meta property=\"article:publisher\" content=\"https:\/\/www.facebook.com\/originpharmapackaging\" \/>\n<meta property=\"article:modified_time\" content=\"2025-10-07T14:57:09+00:00\" \/>\n<meta property=\"og:image\" content=\"https:\/\/originltd.com\/wp-content\/uploads\/2022\/06\/rbg772000a-2000ml-amber-reagent-bottle-ground-stopper-scaled.jpg\" \/>\n\t<meta property=\"og:image:width\" content=\"1707\" \/>\n\t<meta property=\"og:image:height\" content=\"2560\" \/>\n\t<meta property=\"og:image:type\" content=\"image\/jpeg\" \/>\n<meta name=\"twitter:card\" content=\"summary_large_image\" \/>\n<meta name=\"twitter:site\" content=\"@originpharma\" \/>\n<meta name=\"twitter:label1\" content=\"Gesch\u00e4tzte Lesezeit\" \/>\n\t<meta name=\"twitter:data1\" content=\"1\u00a0Minute\" \/>\n<script type=\"application\/ld+json\" class=\"yoast-schema-graph\">{\"@context\":\"https:\\\/\\\/schema.org\",\"@graph\":[{\"@type\":\"WebPage\",\"@id\":\"https:\\\/\\\/originltd.com\\\/product\\\/2000ml-amber-glass-reagent-bottle-ground-stopper\\\/\",\"url\":\"https:\\\/\\\/originltd.com\\\/product\\\/2000ml-amber-glass-reagent-bottle-ground-stopper\\\/\",\"name\":\"2000ml Amber Glass Reagent Bottle & Ground Stopper | Origin\",\"isPartOf\":{\"@id\":\"https:\\\/\\\/originltd.com\\\/#website\"},\"primaryImageOfPage\":{\"@id\":\"https:\\\/\\\/originltd.com\\\/product\\\/2000ml-amber-glass-reagent-bottle-ground-stopper\\\/#primaryimage\"},\"image\":{\"@id\":\"https:\\\/\\\/originltd.com\\\/product\\\/2000ml-amber-glass-reagent-bottle-ground-stopper\\\/#primaryimage\"},\"thumbnailUrl\":\"https:\\\/\\\/originltd.com\\\/wp-content\\\/uploads\\\/2022\\\/06\\\/rbg772000a-2000ml-amber-reagent-bottle-ground-stopper-scaled.jpg\",\"datePublished\":\"2022-06-29T13:04:04+00:00\",\"dateModified\":\"2025-10-07T14:57:09+00:00\",\"description\":\"Order 2L amber glass reagent bottles & ground stoppers from Origin, suitable for medical use and offering strong chemical and physical resistance.\",\"breadcrumb\":{\"@id\":\"https:\\\/\\\/originltd.com\\\/product\\\/2000ml-amber-glass-reagent-bottle-ground-stopper\\\/#breadcrumb\"},\"inLanguage\":\"de\",\"potentialAction\":[{\"@type\":\"ReadAction\",\"target\":[\"https:\\\/\\\/originltd.com\\\/product\\\/2000ml-amber-glass-reagent-bottle-ground-stopper\\\/\"]}]},{\"@type\":\"ImageObject\",\"inLanguage\":\"de\",\"@id\":\"https:\\\/\\\/originltd.com\\\/product\\\/2000ml-amber-glass-reagent-bottle-ground-stopper\\\/#primaryimage\",\"url\":\"https:\\\/\\\/originltd.com\\\/wp-content\\\/uploads\\\/2022\\\/06\\\/rbg772000a-2000ml-amber-reagent-bottle-ground-stopper-scaled.jpg\",\"contentUrl\":\"https:\\\/\\\/originltd.com\\\/wp-content\\\/uploads\\\/2022\\\/06\\\/rbg772000a-2000ml-amber-reagent-bottle-ground-stopper-scaled.jpg\",\"width\":1707,\"height\":2560,\"caption\":\"2000ml Amber Glass Reagent Bottle\"},{\"@type\":\"BreadcrumbList\",\"@id\":\"https:\\\/\\\/originltd.com\\\/product\\\/2000ml-amber-glass-reagent-bottle-ground-stopper\\\/#breadcrumb\",\"itemListElement\":[{\"@type\":\"ListItem\",\"position\":1,\"name\":\"Home\",\"item\":\"https:\\\/\\\/originltd.com\\\/\"},{\"@type\":\"ListItem\",\"position\":2,\"name\":\"Pharmaceutical Packaging Products\",\"item\":\"https:\\\/\\\/originltd.com\\\/pharmaceutical-packaging\\\/\"},{\"@type\":\"ListItem\",\"position\":3,\"name\":\"Wholesale Glass Packaging\",\"item\":\"https:\\\/\\\/originltd.com\\\/packaging\\\/glass\\\/\"},{\"@type\":\"ListItem\",\"position\":4,\"name\":\"2000ml Amber Glass Reagent Bottle &#038; Ground Stopper\"}]},{\"@type\":\"WebSite\",\"@id\":\"https:\\\/\\\/originltd.com\\\/#website\",\"url\":\"https:\\\/\\\/originltd.com\\\/\",\"name\":\"Origin Pharma Packaging\",\"description\":\"\",\"publisher\":{\"@id\":\"https:\\\/\\\/originltd.com\\\/#organization\"},\"alternateName\":\"Origin Ltd.\",\"potentialAction\":[{\"@type\":\"SearchAction\",\"target\":{\"@type\":\"EntryPoint\",\"urlTemplate\":\"https:\\\/\\\/originltd.com\\\/?s={search_term_string}\"},\"query-input\":{\"@type\":\"PropertyValueSpecification\",\"valueRequired\":true,\"valueName\":\"search_term_string\"}}],\"inLanguage\":\"de\"},{\"@type\":\"Organization\",\"@id\":\"https:\\\/\\\/originltd.com\\\/#organization\",\"name\":\"Origin Pharma Packaging\",\"url\":\"https:\\\/\\\/originltd.com\\\/\",\"logo\":{\"@type\":\"ImageObject\",\"inLanguage\":\"de\",\"@id\":\"https:\\\/\\\/originltd.com\\\/#\\\/schema\\\/logo\\\/image\\\/\",\"url\":\"https:\\\/\\\/originltd.com\\\/wp-content\\\/uploads\\\/2024\\\/06\\\/cropped-Origin-logo-For-Health-For-Life-RGB@10x.png\",\"contentUrl\":\"https:\\\/\\\/originltd.com\\\/wp-content\\\/uploads\\\/2024\\\/06\\\/cropped-Origin-logo-For-Health-For-Life-RGB@10x.png\",\"width\":227,\"height\":65,\"caption\":\"Origin Pharma Packaging\"},\"image\":{\"@id\":\"https:\\\/\\\/originltd.com\\\/#\\\/schema\\\/logo\\\/image\\\/\"},\"sameAs\":[\"https:\\\/\\\/www.facebook.com\\\/originpharmapackaging\",\"https:\\\/\\\/x.com\\\/originpharma\",\"https:\\\/\\\/www.linkedin.com\\\/company\\\/origin-packaging-ltd\\\/\",\"https:\\\/\\\/www.youtube.com\\\/channel\\\/UCOOJl3eFOiO7lJT6f5qHygA\"]}]}<\/script>\n<!-- \/ Yoast SEO plugin. -->","yoast_head_json":{"title":"2000ml Braunglas-Reagenzienflasche &amp; Bodenstopfen | Herkunft","description":"Bestellen Sie bei Origin 2L Reagenzienflaschen aus Braunglas und geschliffene Stopfen, die f\u00fcr den medizinischen Gebrauch geeignet sind und eine hohe chemische und physikalische Best\u00e4ndigkeit aufweisen.","robots":{"index":"index","follow":"follow","max-snippet":"max-snippet:-1","max-image-preview":"max-image-preview:large","max-video-preview":"max-video-preview:-1"},"canonical":"https:\/\/originltd.com\/de\/produkt\/2000ml-amber-glass-reagent-bottle-ground-stopper\/","og_locale":"de_DE","og_type":"article","og_title":"2000ml Amber Glass Reagent Bottle & Ground Stopper | Origin","og_description":"Order 2L amber glass reagent bottles & ground stoppers from Origin, suitable for medical use and offering strong chemical and physical resistance.","og_url":"https:\/\/originltd.com\/de\/produkt\/2000ml-amber-glass-reagent-bottle-ground-stopper\/","og_site_name":"Origin Pharma Packaging","article_publisher":"https:\/\/www.facebook.com\/originpharmapackaging","article_modified_time":"2025-10-07T14:57:09+00:00","og_image":[{"width":1707,"height":2560,"url":"https:\/\/originltd.com\/wp-content\/uploads\/2022\/06\/rbg772000a-2000ml-amber-reagent-bottle-ground-stopper-scaled.jpg","type":"image\/jpeg"}],"twitter_card":"summary_large_image","twitter_site":"@originpharma","twitter_misc":{"Gesch\u00e4tzte Lesezeit":"1\u00a0Minute"},"schema":{"@context":"https:\/\/schema.org","@graph":[{"@type":"WebPage","@id":"https:\/\/originltd.com\/product\/2000ml-amber-glass-reagent-bottle-ground-stopper\/","url":"https:\/\/originltd.com\/product\/2000ml-amber-glass-reagent-bottle-ground-stopper\/","name":"2000ml Braunglas-Reagenzienflasche &amp; Bodenstopfen | Herkunft","isPartOf":{"@id":"https:\/\/originltd.com\/#website"},"primaryImageOfPage":{"@id":"https:\/\/originltd.com\/product\/2000ml-amber-glass-reagent-bottle-ground-stopper\/#primaryimage"},"image":{"@id":"https:\/\/originltd.com\/product\/2000ml-amber-glass-reagent-bottle-ground-stopper\/#primaryimage"},"thumbnailUrl":"https:\/\/originltd.com\/wp-content\/uploads\/2022\/06\/rbg772000a-2000ml-amber-reagent-bottle-ground-stopper-scaled.jpg","datePublished":"2022-06-29T13:04:04+00:00","dateModified":"2025-10-07T14:57:09+00:00","description":"Bestellen Sie bei Origin 2L Reagenzienflaschen aus Braunglas und geschliffene Stopfen, die f\u00fcr den medizinischen Gebrauch geeignet sind und eine hohe chemische und physikalische Best\u00e4ndigkeit aufweisen.","breadcrumb":{"@id":"https:\/\/originltd.com\/product\/2000ml-amber-glass-reagent-bottle-ground-stopper\/#breadcrumb"},"inLanguage":"de","potentialAction":[{"@type":"ReadAction","target":["https:\/\/originltd.com\/product\/2000ml-amber-glass-reagent-bottle-ground-stopper\/"]}]},{"@type":"ImageObject","inLanguage":"de","@id":"https:\/\/originltd.com\/product\/2000ml-amber-glass-reagent-bottle-ground-stopper\/#primaryimage","url":"https:\/\/originltd.com\/wp-content\/uploads\/2022\/06\/rbg772000a-2000ml-amber-reagent-bottle-ground-stopper-scaled.jpg","contentUrl":"https:\/\/originltd.com\/wp-content\/uploads\/2022\/06\/rbg772000a-2000ml-amber-reagent-bottle-ground-stopper-scaled.jpg","width":1707,"height":2560,"caption":"2000ml Amber Glass Reagent Bottle"},{"@type":"BreadcrumbList","@id":"https:\/\/originltd.com\/product\/2000ml-amber-glass-reagent-bottle-ground-stopper\/#breadcrumb","itemListElement":[{"@type":"ListItem","position":1,"name":"Home","item":"https:\/\/originltd.com\/"},{"@type":"ListItem","position":2,"name":"Pharmaceutical Packaging Products","item":"https:\/\/originltd.com\/pharmaceutical-packaging\/"},{"@type":"ListItem","position":3,"name":"Wholesale Glass Packaging","item":"https:\/\/originltd.com\/packaging\/glass\/"},{"@type":"ListItem","position":4,"name":"2000ml Amber Glass Reagent Bottle &#038; Ground Stopper"}]},{"@type":"WebSite","@id":"https:\/\/originltd.com\/#website","url":"https:\/\/originltd.com\/","name":"Origin Pharma Packaging","description":"","publisher":{"@id":"https:\/\/originltd.com\/#organization"},"alternateName":"Origin Ltd.","potentialAction":[{"@type":"SearchAction","target":{"@type":"EntryPoint","urlTemplate":"https:\/\/originltd.com\/?s={search_term_string}"},"query-input":{"@type":"PropertyValueSpecification","valueRequired":true,"valueName":"search_term_string"}}],"inLanguage":"de"},{"@type":"Organization","@id":"https:\/\/originltd.com\/#organization","name":"Origin Pharma Packaging","url":"https:\/\/originltd.com\/","logo":{"@type":"ImageObject","inLanguage":"de","@id":"https:\/\/originltd.com\/#\/schema\/logo\/image\/","url":"https:\/\/originltd.com\/wp-content\/uploads\/2024\/06\/cropped-Origin-logo-For-Health-For-Life-RGB@10x.png","contentUrl":"https:\/\/originltd.com\/wp-content\/uploads\/2024\/06\/cropped-Origin-logo-For-Health-For-Life-RGB@10x.png","width":227,"height":65,"caption":"Origin Pharma Packaging"},"image":{"@id":"https:\/\/originltd.com\/#\/schema\/logo\/image\/"},"sameAs":["https:\/\/www.facebook.com\/originpharmapackaging","https:\/\/x.com\/originpharma","https:\/\/www.linkedin.com\/company\/origin-packaging-ltd\/","https:\/\/www.youtube.com\/channel\/UCOOJl3eFOiO7lJT6f5qHygA"]}]}},"_links":{"self":[{"href":"https:\/\/originltd.com\/de\/wp-json\/wp\/v2\/product\/8652","targetHints":{"allow":["GET"]}}],"collection":[{"href":"https:\/\/originltd.com\/de\/wp-json\/wp\/v2\/product"}],"about":[{"href":"https:\/\/originltd.com\/de\/wp-json\/wp\/v2\/types\/product"}],"replies":[{"embeddable":true,"href":"https:\/\/originltd.com\/de\/wp-json\/wp\/v2\/comments?post=8652"}],"wp:featuredmedia":[{"embeddable":true,"href":"https:\/\/originltd.com\/de\/wp-json\/wp\/v2\/media\/8636"}],"wp:attachment":[{"href":"https:\/\/originltd.com\/de\/wp-json\/wp\/v2\/media?parent=8652"}],"wp:term":[{"taxonomy":"product_brand","embeddable":true,"href":"https:\/\/originltd.com\/de\/wp-json\/wp\/v2\/product_brand?post=8652"},{"taxonomy":"product_cat","embeddable":true,"href":"https:\/\/originltd.com\/de\/wp-json\/wp\/v2\/product_cat?post=8652"},{"taxonomy":"product_tag","embeddable":true,"href":"https:\/\/originltd.com\/de\/wp-json\/wp\/v2\/product_tag?post=8652"}],"curies":[{"name":"wp","href":"https:\/\/api.w.org\/{rel}","templated":true}]}}