
{"id":8681,"date":"2022-07-04T12:51:39","date_gmt":"2022-07-04T11:51:39","guid":{"rendered":"https:\/\/originltd.in-beta.dev\/?post_type=product&#038;p=8681"},"modified":"2025-10-16T10:08:46","modified_gmt":"2025-10-16T09:08:46","slug":"5ml-green-glass-dropper-bottle-durham","status":"publish","type":"product","link":"https:\/\/originltd.com\/de\/product\/5ml-green-glass-dropper-bottle-durham\/","title":{"rendered":"5ml Durham Glas Tropfflasche gr\u00fcn"},"content":{"rendered":"<p><span style=\"font-weight: 400;\">Diese gr\u00fcne Durham Glas-Tropfflasche hat eine Gr\u00f6\u00dfe von 5 ml. Obwohl diese Flaschen auch in vielen gr\u00f6\u00dferen Gr\u00f6\u00dfen erh\u00e4ltlich sind, einschlie\u00dflich unserer <\/span><a href=\"https:\/\/originltd.com\/de\/produkt\/10ml-green-glass-dropper-bottle-durham\/\"><span style=\"font-weight: 400;\">10ml gr\u00fcne Glas-Tropfflaschen<\/span><\/a><span style=\"font-weight: 400;\"> und <\/span><a href=\"https:\/\/originltd.com\/de\/produkt\/15ml-green-glass-dropper-bottle-durham\/\"><span style=\"font-weight: 400;\">15ml gr\u00fcne Glastropfflaschen<\/span><\/a><span style=\"font-weight: 400;\">.<\/span><\/p>","protected":false},"excerpt":{"rendered":"<p><span style=\"font-weight: 400;\">Diese<\/span><span style=\"font-weight: 400;\"> 5ml gr\u00fcner Glastropfer <\/span><span style=\"font-weight: 400;\">Flaschen kommen<\/span><span style=\"font-weight: 400;\"> mit <\/span><span style=\"font-weight: 400;\">verschiedene <\/span><a href=\"https:\/\/originltd.com\/de\/packaging\/closures-dispensers\/\"><span style=\"font-weight: 400;\">Pharmazeutischer Verschluss<\/span><\/a><span style=\"font-weight: 400;\"> Optionen,<\/span><span style=\"font-weight: 400;\"> einschlie\u00dflich <\/span><span style=\"font-weight: 400;\">mit Originalit\u00e4tssicherung<\/span><span style=\"font-weight: 400;\"> und CRC-Varianten. <\/span><span style=\"font-weight: 400;\">Diese <\/span><a href=\"https:\/\/originltd.com\/de\/packaging\/glass\/glass-dropper-bottles\/\"><span style=\"font-weight: 400;\">Glas-Tropfflaschen<\/span><\/a><span style=\"font-weight: 400;\"> haben eine klassische Apotheken\u00e4sthetik, die Ihren Produkten mehr Pr\u00e4senz im Regal verleiht und sie von anderen Produkten abhebt<\/span><span style=\"font-weight: 400;\">. <\/span><span style=\"font-weight: 400;\">Dar\u00fcber hinaus sind diese Flaschen auch in gr\u00f6\u00dferen Gr\u00f6\u00dfen erh\u00e4ltlich, falls Sie sie ben\u00f6tigen.<\/span><\/p>\n<h3><span style=\"font-weight: 400;\">Wesentliche Merkmale:<\/span><\/h3>\n<ul>\n<li style=\"font-weight: 400;\" aria-level=\"1\"><span style=\"font-weight: 400;\">Gr\u00fcnes USP Typ III Glas<\/span><\/li>\n<li style=\"font-weight: 400;\" aria-level=\"1\"><span style=\"font-weight: 400;\">\u00c4sthetik der Vintage-Apotheke<\/span><\/li>\n<li style=\"font-weight: 400;\" aria-level=\"1\"><span style=\"font-weight: 400;\">Auch in abweichenden Abmessungen verf\u00fcgbar<\/span><\/li>\n<li style=\"font-weight: 400;\" aria-level=\"1\"><span style=\"font-weight: 400;\">Klassisches medizinisches Aussehen<\/span><\/li>\n<\/ul>\n<h3><span style=\"font-weight: 400;\">Geeignete Verwendungszwecke:<\/span><\/h3>\n<ul>\n<li style=\"font-weight: 400;\" aria-level=\"1\"><span style=\"font-weight: 400;\">Aufbewahrung von Medikamenten, Aromatherapieprodukten, \u00e4therischen \u00d6len und mehr<\/span><\/li>\n<\/ul>","protected":false},"featured_media":8821,"comment_status":"closed","ping_status":"closed","template":"","meta":{"_acf_changed":false},"product_brand":[],"product_cat":[2224,2185,2181,102,119,2225,2227,2228,2226,2223,103,95],"product_tag":[],"class_list":{"0":"post-8681","1":"product","2":"type-product","3":"status-publish","4":"has-post-thumbnail","6":"product_cat-cbd","7":"product_cat-cosmetic-containers","8":"product_cat-apothecary-bottles","9":"product_cat-glass-bottles","10":"product_cat-cosmetic-bottles","11":"product_cat-home-fragrance","12":"product_cat-lifestyle","13":"product_cat-perfume","14":"product_cat-personal-fragrance","15":"product_cat-skincare-bodycare","16":"product_cat-glass-dropper-bottles","17":"product_cat-glass","19":"first","20":"instock","21":"sold-individually","22":"shipping-taxable","23":"product-type-simple"},"acf":[],"yoast_head":"<!-- This site is optimized with the Yoast SEO plugin v27.3 - https:\/\/yoast.com\/product\/yoast-seo-wordpress\/ -->\n<title>5ml Green Durham Glass Dropper Bottle | Origin Pharma Packaging<\/title>\n<meta name=\"description\" content=\"Order 5ml green Durham glass dropper bottles from Origin. These bottles can store various products, featuring a vintage apothecary aesthetic and high durability.\" \/>\n<meta name=\"robots\" content=\"index, follow, max-snippet:-1, max-image-preview:large, max-video-preview:-1\" \/>\n<link rel=\"canonical\" href=\"https:\/\/originltd.com\/de\/produkt\/5ml-green-glass-dropper-bottle-durham\/\" \/>\n<meta property=\"og:locale\" content=\"de_DE\" \/>\n<meta property=\"og:type\" content=\"article\" \/>\n<meta property=\"og:title\" content=\"5ml Green Durham Glass Dropper Bottle | Origin Pharma Packaging\" \/>\n<meta property=\"og:description\" content=\"Order 5ml green Durham glass dropper bottles from Origin. These bottles can store various products, featuring a vintage apothecary aesthetic and high durability.\" \/>\n<meta property=\"og:url\" content=\"https:\/\/originltd.com\/de\/produkt\/5ml-green-glass-dropper-bottle-durham\/\" \/>\n<meta property=\"og:site_name\" content=\"Origin Pharma Packaging\" \/>\n<meta property=\"article:publisher\" content=\"https:\/\/www.facebook.com\/originpharmapackaging\" \/>\n<meta property=\"article:modified_time\" content=\"2025-10-16T09:08:46+00:00\" \/>\n<meta property=\"og:image\" content=\"https:\/\/originltd.com\/wp-content\/uploads\/2022\/07\/dgl180005g0-green-dropper-bottle-sq-scaled.jpg\" \/>\n\t<meta property=\"og:image:width\" content=\"1707\" \/>\n\t<meta property=\"og:image:height\" content=\"2560\" \/>\n\t<meta property=\"og:image:type\" content=\"image\/jpeg\" \/>\n<meta name=\"twitter:card\" content=\"summary_large_image\" \/>\n<meta name=\"twitter:site\" content=\"@originpharma\" \/>\n<meta name=\"twitter:label1\" content=\"Gesch\u00e4tzte Lesezeit\" \/>\n\t<meta name=\"twitter:data1\" content=\"1\u00a0Minute\" \/>\n<script type=\"application\/ld+json\" class=\"yoast-schema-graph\">{\"@context\":\"https:\\\/\\\/schema.org\",\"@graph\":[{\"@type\":\"WebPage\",\"@id\":\"https:\\\/\\\/originltd.com\\\/product\\\/5ml-green-glass-dropper-bottle-durham\\\/\",\"url\":\"https:\\\/\\\/originltd.com\\\/product\\\/5ml-green-glass-dropper-bottle-durham\\\/\",\"name\":\"5ml Green Durham Glass Dropper Bottle | Origin Pharma Packaging\",\"isPartOf\":{\"@id\":\"https:\\\/\\\/originltd.com\\\/#website\"},\"primaryImageOfPage\":{\"@id\":\"https:\\\/\\\/originltd.com\\\/product\\\/5ml-green-glass-dropper-bottle-durham\\\/#primaryimage\"},\"image\":{\"@id\":\"https:\\\/\\\/originltd.com\\\/product\\\/5ml-green-glass-dropper-bottle-durham\\\/#primaryimage\"},\"thumbnailUrl\":\"https:\\\/\\\/originltd.com\\\/wp-content\\\/uploads\\\/2022\\\/07\\\/dgl180005g0-green-dropper-bottle-sq-scaled.jpg\",\"datePublished\":\"2022-07-04T11:51:39+00:00\",\"dateModified\":\"2025-10-16T09:08:46+00:00\",\"description\":\"Order 5ml green Durham glass dropper bottles from Origin. These bottles can store various products, featuring a vintage apothecary aesthetic and high durability.\",\"breadcrumb\":{\"@id\":\"https:\\\/\\\/originltd.com\\\/product\\\/5ml-green-glass-dropper-bottle-durham\\\/#breadcrumb\"},\"inLanguage\":\"de\",\"potentialAction\":[{\"@type\":\"ReadAction\",\"target\":[\"https:\\\/\\\/originltd.com\\\/product\\\/5ml-green-glass-dropper-bottle-durham\\\/\"]}]},{\"@type\":\"ImageObject\",\"inLanguage\":\"de\",\"@id\":\"https:\\\/\\\/originltd.com\\\/product\\\/5ml-green-glass-dropper-bottle-durham\\\/#primaryimage\",\"url\":\"https:\\\/\\\/originltd.com\\\/wp-content\\\/uploads\\\/2022\\\/07\\\/dgl180005g0-green-dropper-bottle-sq-scaled.jpg\",\"contentUrl\":\"https:\\\/\\\/originltd.com\\\/wp-content\\\/uploads\\\/2022\\\/07\\\/dgl180005g0-green-dropper-bottle-sq-scaled.jpg\",\"width\":1707,\"height\":2560,\"caption\":\"Green Dropper Bottle\"},{\"@type\":\"BreadcrumbList\",\"@id\":\"https:\\\/\\\/originltd.com\\\/product\\\/5ml-green-glass-dropper-bottle-durham\\\/#breadcrumb\",\"itemListElement\":[{\"@type\":\"ListItem\",\"position\":1,\"name\":\"Home\",\"item\":\"https:\\\/\\\/originltd.com\\\/\"},{\"@type\":\"ListItem\",\"position\":2,\"name\":\"Pharmaceutical Packaging Products\",\"item\":\"https:\\\/\\\/originltd.com\\\/pharmaceutical-packaging\\\/\"},{\"@type\":\"ListItem\",\"position\":3,\"name\":\"Wholesale Glass Packaging\",\"item\":\"https:\\\/\\\/originltd.com\\\/packaging\\\/glass\\\/\"},{\"@type\":\"ListItem\",\"position\":4,\"name\":\"5ml Green Durham Glass Dropper Bottle\"}]},{\"@type\":\"WebSite\",\"@id\":\"https:\\\/\\\/originltd.com\\\/#website\",\"url\":\"https:\\\/\\\/originltd.com\\\/\",\"name\":\"Origin Pharma Packaging\",\"description\":\"\",\"publisher\":{\"@id\":\"https:\\\/\\\/originltd.com\\\/#organization\"},\"alternateName\":\"Origin Ltd.\",\"potentialAction\":[{\"@type\":\"SearchAction\",\"target\":{\"@type\":\"EntryPoint\",\"urlTemplate\":\"https:\\\/\\\/originltd.com\\\/?s={search_term_string}\"},\"query-input\":{\"@type\":\"PropertyValueSpecification\",\"valueRequired\":true,\"valueName\":\"search_term_string\"}}],\"inLanguage\":\"de\"},{\"@type\":\"Organization\",\"@id\":\"https:\\\/\\\/originltd.com\\\/#organization\",\"name\":\"Origin Pharma Packaging\",\"url\":\"https:\\\/\\\/originltd.com\\\/\",\"logo\":{\"@type\":\"ImageObject\",\"inLanguage\":\"de\",\"@id\":\"https:\\\/\\\/originltd.com\\\/#\\\/schema\\\/logo\\\/image\\\/\",\"url\":\"https:\\\/\\\/originltd.com\\\/wp-content\\\/uploads\\\/2024\\\/06\\\/cropped-Origin-logo-For-Health-For-Life-RGB@10x.png\",\"contentUrl\":\"https:\\\/\\\/originltd.com\\\/wp-content\\\/uploads\\\/2024\\\/06\\\/cropped-Origin-logo-For-Health-For-Life-RGB@10x.png\",\"width\":227,\"height\":65,\"caption\":\"Origin Pharma Packaging\"},\"image\":{\"@id\":\"https:\\\/\\\/originltd.com\\\/#\\\/schema\\\/logo\\\/image\\\/\"},\"sameAs\":[\"https:\\\/\\\/www.facebook.com\\\/originpharmapackaging\",\"https:\\\/\\\/x.com\\\/originpharma\",\"https:\\\/\\\/www.linkedin.com\\\/company\\\/origin-packaging-ltd\\\/\",\"https:\\\/\\\/www.youtube.com\\\/channel\\\/UCOOJl3eFOiO7lJT6f5qHygA\"]}]}<\/script>\n<!-- \/ Yoast SEO plugin. -->","yoast_head_json":{"title":"5ml Gr\u00fcne Durham Glas Tropfflasche | Origin Pharma Packaging","description":"Bestellen Sie 5ml gr\u00fcne Durham-Glastropfflaschen bei Origin. In diesen Flaschen k\u00f6nnen verschiedene Produkte aufbewahrt werden. Sie haben eine Vintage-Apotheker-\u00c4sthetik und eine hohe Haltbarkeit.","robots":{"index":"index","follow":"follow","max-snippet":"max-snippet:-1","max-image-preview":"max-image-preview:large","max-video-preview":"max-video-preview:-1"},"canonical":"https:\/\/originltd.com\/de\/produkt\/5ml-green-glass-dropper-bottle-durham\/","og_locale":"de_DE","og_type":"article","og_title":"5ml Green Durham Glass Dropper Bottle | Origin Pharma Packaging","og_description":"Order 5ml green Durham glass dropper bottles from Origin. These bottles can store various products, featuring a vintage apothecary aesthetic and high durability.","og_url":"https:\/\/originltd.com\/de\/produkt\/5ml-green-glass-dropper-bottle-durham\/","og_site_name":"Origin Pharma Packaging","article_publisher":"https:\/\/www.facebook.com\/originpharmapackaging","article_modified_time":"2025-10-16T09:08:46+00:00","og_image":[{"width":1707,"height":2560,"url":"https:\/\/originltd.com\/wp-content\/uploads\/2022\/07\/dgl180005g0-green-dropper-bottle-sq-scaled.jpg","type":"image\/jpeg"}],"twitter_card":"summary_large_image","twitter_site":"@originpharma","twitter_misc":{"Gesch\u00e4tzte Lesezeit":"1\u00a0Minute"},"schema":{"@context":"https:\/\/schema.org","@graph":[{"@type":"WebPage","@id":"https:\/\/originltd.com\/product\/5ml-green-glass-dropper-bottle-durham\/","url":"https:\/\/originltd.com\/product\/5ml-green-glass-dropper-bottle-durham\/","name":"5ml Gr\u00fcne Durham Glas Tropfflasche | Origin Pharma Packaging","isPartOf":{"@id":"https:\/\/originltd.com\/#website"},"primaryImageOfPage":{"@id":"https:\/\/originltd.com\/product\/5ml-green-glass-dropper-bottle-durham\/#primaryimage"},"image":{"@id":"https:\/\/originltd.com\/product\/5ml-green-glass-dropper-bottle-durham\/#primaryimage"},"thumbnailUrl":"https:\/\/originltd.com\/wp-content\/uploads\/2022\/07\/dgl180005g0-green-dropper-bottle-sq-scaled.jpg","datePublished":"2022-07-04T11:51:39+00:00","dateModified":"2025-10-16T09:08:46+00:00","description":"Bestellen Sie 5ml gr\u00fcne Durham-Glastropfflaschen bei Origin. In diesen Flaschen k\u00f6nnen verschiedene Produkte aufbewahrt werden. Sie haben eine Vintage-Apotheker-\u00c4sthetik und eine hohe Haltbarkeit.","breadcrumb":{"@id":"https:\/\/originltd.com\/product\/5ml-green-glass-dropper-bottle-durham\/#breadcrumb"},"inLanguage":"de","potentialAction":[{"@type":"ReadAction","target":["https:\/\/originltd.com\/product\/5ml-green-glass-dropper-bottle-durham\/"]}]},{"@type":"ImageObject","inLanguage":"de","@id":"https:\/\/originltd.com\/product\/5ml-green-glass-dropper-bottle-durham\/#primaryimage","url":"https:\/\/originltd.com\/wp-content\/uploads\/2022\/07\/dgl180005g0-green-dropper-bottle-sq-scaled.jpg","contentUrl":"https:\/\/originltd.com\/wp-content\/uploads\/2022\/07\/dgl180005g0-green-dropper-bottle-sq-scaled.jpg","width":1707,"height":2560,"caption":"Green Dropper Bottle"},{"@type":"BreadcrumbList","@id":"https:\/\/originltd.com\/product\/5ml-green-glass-dropper-bottle-durham\/#breadcrumb","itemListElement":[{"@type":"ListItem","position":1,"name":"Home","item":"https:\/\/originltd.com\/"},{"@type":"ListItem","position":2,"name":"Pharmaceutical Packaging Products","item":"https:\/\/originltd.com\/pharmaceutical-packaging\/"},{"@type":"ListItem","position":3,"name":"Wholesale Glass Packaging","item":"https:\/\/originltd.com\/packaging\/glass\/"},{"@type":"ListItem","position":4,"name":"5ml Green Durham Glass Dropper Bottle"}]},{"@type":"WebSite","@id":"https:\/\/originltd.com\/#website","url":"https:\/\/originltd.com\/","name":"Origin Pharma Packaging","description":"","publisher":{"@id":"https:\/\/originltd.com\/#organization"},"alternateName":"Origin Ltd.","potentialAction":[{"@type":"SearchAction","target":{"@type":"EntryPoint","urlTemplate":"https:\/\/originltd.com\/?s={search_term_string}"},"query-input":{"@type":"PropertyValueSpecification","valueRequired":true,"valueName":"search_term_string"}}],"inLanguage":"de"},{"@type":"Organization","@id":"https:\/\/originltd.com\/#organization","name":"Origin Pharma Packaging","url":"https:\/\/originltd.com\/","logo":{"@type":"ImageObject","inLanguage":"de","@id":"https:\/\/originltd.com\/#\/schema\/logo\/image\/","url":"https:\/\/originltd.com\/wp-content\/uploads\/2024\/06\/cropped-Origin-logo-For-Health-For-Life-RGB@10x.png","contentUrl":"https:\/\/originltd.com\/wp-content\/uploads\/2024\/06\/cropped-Origin-logo-For-Health-For-Life-RGB@10x.png","width":227,"height":65,"caption":"Origin Pharma Packaging"},"image":{"@id":"https:\/\/originltd.com\/#\/schema\/logo\/image\/"},"sameAs":["https:\/\/www.facebook.com\/originpharmapackaging","https:\/\/x.com\/originpharma","https:\/\/www.linkedin.com\/company\/origin-packaging-ltd\/","https:\/\/www.youtube.com\/channel\/UCOOJl3eFOiO7lJT6f5qHygA"]}]}},"_links":{"self":[{"href":"https:\/\/originltd.com\/de\/wp-json\/wp\/v2\/product\/8681","targetHints":{"allow":["GET"]}}],"collection":[{"href":"https:\/\/originltd.com\/de\/wp-json\/wp\/v2\/product"}],"about":[{"href":"https:\/\/originltd.com\/de\/wp-json\/wp\/v2\/types\/product"}],"replies":[{"embeddable":true,"href":"https:\/\/originltd.com\/de\/wp-json\/wp\/v2\/comments?post=8681"}],"wp:featuredmedia":[{"embeddable":true,"href":"https:\/\/originltd.com\/de\/wp-json\/wp\/v2\/media\/8821"}],"wp:attachment":[{"href":"https:\/\/originltd.com\/de\/wp-json\/wp\/v2\/media?parent=8681"}],"wp:term":[{"taxonomy":"product_brand","embeddable":true,"href":"https:\/\/originltd.com\/de\/wp-json\/wp\/v2\/product_brand?post=8681"},{"taxonomy":"product_cat","embeddable":true,"href":"https:\/\/originltd.com\/de\/wp-json\/wp\/v2\/product_cat?post=8681"},{"taxonomy":"product_tag","embeddable":true,"href":"https:\/\/originltd.com\/de\/wp-json\/wp\/v2\/product_tag?post=8681"}],"curies":[{"name":"wp","href":"https:\/\/api.w.org\/{rel}","templated":true}]}}