
{"id":8754,"date":"2022-07-07T12:49:37","date_gmt":"2022-07-07T11:49:37","guid":{"rendered":"https:\/\/originltd.in-beta.dev\/?post_type=product&#038;p=8754"},"modified":"2025-10-07T15:46:15","modified_gmt":"2025-10-07T14:46:15","slug":"red-polypropylene-child-resistant-closure","status":"publish","type":"product","link":"https:\/\/originltd.com\/de\/product\/red-polypropylene-child-resistant-closure\/","title":{"rendered":"Kindersicherer PP-Verschluss rot"},"content":{"rendered":"","protected":false},"excerpt":{"rendered":"<p>Origin ist ein britischer Hersteller und Gro\u00dfh\u00e4ndler von roten, kindersicheren Polypropylenverschl\u00fcssen f\u00fcr 10ml-Flaschen. Vollst\u00e4ndig akkreditiert nach ISO8317 - damit Kinder vor der potenziell sch\u00e4dlichen Fl\u00fcssigkeit gesch\u00fctzt sind.<\/p>\n<ul>\n<li>ISO8317-genehmigtes kindersicheres Verschlusssystem<\/li>\n<li>Flaschenvarianten transparent oder undurchsichtig, klar oder farbig<\/li>\n<li>Aufgepr\u00e4gtes Warndreieck auf dem Verschluss<\/li>\n<li>F\u00e4lschungssicheres Band<\/li>\n<li>Hergestellt in Gro\u00dfbritannien<\/li>\n<\/ul>","protected":false},"featured_media":8755,"comment_status":"closed","ping_status":"closed","template":"","meta":{"_acf_changed":false},"product_brand":[],"product_cat":[2224,2160,2158,2208,2227,97,96,2229,2230],"product_tag":[],"class_list":{"0":"post-8754","1":"product","2":"type-product","3":"status-publish","4":"has-post-thumbnail","6":"product_cat-cbd","7":"product_cat-closures","8":"product_cat-child-resistant-packaging","9":"product_cat-controlled-substances-packaging","10":"product_cat-lifestyle","11":"product_cat-closures-dispensers","12":"product_cat-plastic","13":"product_cat-vape-closures-and-dispensers","14":"product_cat-vape-packaging","16":"first","17":"instock","18":"sold-individually","19":"shipping-taxable","20":"product-type-simple"},"acf":[],"yoast_head":"<!-- This site is optimized with the Yoast SEO plugin v27.3 - https:\/\/yoast.com\/product\/yoast-seo-wordpress\/ -->\n<title>Red Polypropylene Child Resistant Closure | Origin Pharma Packaging<\/title>\n<meta name=\"description\" content=\"Find out about our polypropylene child resistant closures available from Origin, bulk supplier of packaging. Order a sample or get in touch for more details.\" \/>\n<meta name=\"robots\" content=\"index, follow, max-snippet:-1, max-image-preview:large, max-video-preview:-1\" \/>\n<link rel=\"canonical\" href=\"https:\/\/originltd.com\/de\/produkt\/red-polypropylene-child-resistant-closure\/\" \/>\n<meta property=\"og:locale\" content=\"de_DE\" \/>\n<meta property=\"og:type\" content=\"article\" \/>\n<meta property=\"og:title\" content=\"Red Polypropylene Child Resistant Closure | Origin Pharma Packaging\" \/>\n<meta property=\"og:description\" content=\"Find out about our polypropylene child resistant closures available from Origin, bulk supplier of packaging. Order a sample or get in touch for more details.\" \/>\n<meta property=\"og:url\" content=\"https:\/\/originltd.com\/de\/produkt\/red-polypropylene-child-resistant-closure\/\" \/>\n<meta property=\"og:site_name\" content=\"Origin Pharma Packaging\" \/>\n<meta property=\"article:publisher\" content=\"https:\/\/www.facebook.com\/originpharmapackaging\" \/>\n<meta property=\"article:modified_time\" content=\"2025-10-07T14:46:15+00:00\" \/>\n<meta property=\"og:image\" content=\"https:\/\/originltd.com\/wp-content\/uploads\/2022\/07\/012accrtep-t-c-ass-scaled.jpg\" \/>\n\t<meta property=\"og:image:width\" content=\"1829\" \/>\n\t<meta property=\"og:image:height\" content=\"2560\" \/>\n\t<meta property=\"og:image:type\" content=\"image\/jpeg\" \/>\n<meta name=\"twitter:card\" content=\"summary_large_image\" \/>\n<meta name=\"twitter:site\" content=\"@originpharma\" \/>\n<meta name=\"twitter:label1\" content=\"Gesch\u00e4tzte Lesezeit\" \/>\n\t<meta name=\"twitter:data1\" content=\"1\u00a0Minute\" \/>\n<script type=\"application\/ld+json\" class=\"yoast-schema-graph\">{\"@context\":\"https:\\\/\\\/schema.org\",\"@graph\":[{\"@type\":\"WebPage\",\"@id\":\"https:\\\/\\\/originltd.com\\\/product\\\/red-polypropylene-child-resistant-closure\\\/\",\"url\":\"https:\\\/\\\/originltd.com\\\/product\\\/red-polypropylene-child-resistant-closure\\\/\",\"name\":\"Red Polypropylene Child Resistant Closure | Origin Pharma Packaging\",\"isPartOf\":{\"@id\":\"https:\\\/\\\/originltd.com\\\/#website\"},\"primaryImageOfPage\":{\"@id\":\"https:\\\/\\\/originltd.com\\\/product\\\/red-polypropylene-child-resistant-closure\\\/#primaryimage\"},\"image\":{\"@id\":\"https:\\\/\\\/originltd.com\\\/product\\\/red-polypropylene-child-resistant-closure\\\/#primaryimage\"},\"thumbnailUrl\":\"https:\\\/\\\/originltd.com\\\/wp-content\\\/uploads\\\/2022\\\/07\\\/012accrtep-t-c-ass-scaled.jpg\",\"datePublished\":\"2022-07-07T11:49:37+00:00\",\"dateModified\":\"2025-10-07T14:46:15+00:00\",\"description\":\"Find out about our polypropylene child resistant closures available from Origin, bulk supplier of packaging. Order a sample or get in touch for more details.\",\"breadcrumb\":{\"@id\":\"https:\\\/\\\/originltd.com\\\/product\\\/red-polypropylene-child-resistant-closure\\\/#breadcrumb\"},\"inLanguage\":\"de\",\"potentialAction\":[{\"@type\":\"ReadAction\",\"target\":[\"https:\\\/\\\/originltd.com\\\/product\\\/red-polypropylene-child-resistant-closure\\\/\"]}]},{\"@type\":\"ImageObject\",\"inLanguage\":\"de\",\"@id\":\"https:\\\/\\\/originltd.com\\\/product\\\/red-polypropylene-child-resistant-closure\\\/#primaryimage\",\"url\":\"https:\\\/\\\/originltd.com\\\/wp-content\\\/uploads\\\/2022\\\/07\\\/012accrtep-t-c-ass-scaled.jpg\",\"contentUrl\":\"https:\\\/\\\/originltd.com\\\/wp-content\\\/uploads\\\/2022\\\/07\\\/012accrtep-t-c-ass-scaled.jpg\",\"width\":1829,\"height\":2560,\"caption\":\"Red polypropylene Child Resistant Closure\"},{\"@type\":\"BreadcrumbList\",\"@id\":\"https:\\\/\\\/originltd.com\\\/product\\\/red-polypropylene-child-resistant-closure\\\/#breadcrumb\",\"itemListElement\":[{\"@type\":\"ListItem\",\"position\":1,\"name\":\"Home\",\"item\":\"https:\\\/\\\/originltd.com\\\/\"},{\"@type\":\"ListItem\",\"position\":2,\"name\":\"Pharmaceutical Packaging Products\",\"item\":\"https:\\\/\\\/originltd.com\\\/pharmaceutical-packaging\\\/\"},{\"@type\":\"ListItem\",\"position\":3,\"name\":\"Pharmaceutical Closures &amp; Dispensers\",\"item\":\"https:\\\/\\\/originltd.com\\\/packaging\\\/closures-dispensers\\\/\"},{\"@type\":\"ListItem\",\"position\":4,\"name\":\"Red Polypropylene Child Resistant Closure\"}]},{\"@type\":\"WebSite\",\"@id\":\"https:\\\/\\\/originltd.com\\\/#website\",\"url\":\"https:\\\/\\\/originltd.com\\\/\",\"name\":\"Origin Pharma Packaging\",\"description\":\"\",\"publisher\":{\"@id\":\"https:\\\/\\\/originltd.com\\\/#organization\"},\"alternateName\":\"Origin Ltd.\",\"potentialAction\":[{\"@type\":\"SearchAction\",\"target\":{\"@type\":\"EntryPoint\",\"urlTemplate\":\"https:\\\/\\\/originltd.com\\\/?s={search_term_string}\"},\"query-input\":{\"@type\":\"PropertyValueSpecification\",\"valueRequired\":true,\"valueName\":\"search_term_string\"}}],\"inLanguage\":\"de\"},{\"@type\":\"Organization\",\"@id\":\"https:\\\/\\\/originltd.com\\\/#organization\",\"name\":\"Origin Pharma Packaging\",\"url\":\"https:\\\/\\\/originltd.com\\\/\",\"logo\":{\"@type\":\"ImageObject\",\"inLanguage\":\"de\",\"@id\":\"https:\\\/\\\/originltd.com\\\/#\\\/schema\\\/logo\\\/image\\\/\",\"url\":\"https:\\\/\\\/originltd.com\\\/wp-content\\\/uploads\\\/2024\\\/06\\\/cropped-Origin-logo-For-Health-For-Life-RGB@10x.png\",\"contentUrl\":\"https:\\\/\\\/originltd.com\\\/wp-content\\\/uploads\\\/2024\\\/06\\\/cropped-Origin-logo-For-Health-For-Life-RGB@10x.png\",\"width\":227,\"height\":65,\"caption\":\"Origin Pharma Packaging\"},\"image\":{\"@id\":\"https:\\\/\\\/originltd.com\\\/#\\\/schema\\\/logo\\\/image\\\/\"},\"sameAs\":[\"https:\\\/\\\/www.facebook.com\\\/originpharmapackaging\",\"https:\\\/\\\/x.com\\\/originpharma\",\"https:\\\/\\\/www.linkedin.com\\\/company\\\/origin-packaging-ltd\\\/\",\"https:\\\/\\\/www.youtube.com\\\/channel\\\/UCOOJl3eFOiO7lJT6f5qHygA\"]}]}<\/script>\n<!-- \/ Yoast SEO plugin. -->","yoast_head_json":{"title":"Roter kindersicherer Polypropylen-Verschluss | Origin Pharma Packaging","description":"Informieren Sie sich \u00fcber unsere kindersicheren Verschl\u00fcsse aus Polypropylen, die bei Origin, dem Gro\u00dfh\u00e4ndler f\u00fcr Verpackungen, erh\u00e4ltlich sind. Bestellen Sie ein Muster oder kontaktieren Sie uns f\u00fcr weitere Informationen.","robots":{"index":"index","follow":"follow","max-snippet":"max-snippet:-1","max-image-preview":"max-image-preview:large","max-video-preview":"max-video-preview:-1"},"canonical":"https:\/\/originltd.com\/de\/produkt\/red-polypropylene-child-resistant-closure\/","og_locale":"de_DE","og_type":"article","og_title":"Red Polypropylene Child Resistant Closure | Origin Pharma Packaging","og_description":"Find out about our polypropylene child resistant closures available from Origin, bulk supplier of packaging. Order a sample or get in touch for more details.","og_url":"https:\/\/originltd.com\/de\/produkt\/red-polypropylene-child-resistant-closure\/","og_site_name":"Origin Pharma Packaging","article_publisher":"https:\/\/www.facebook.com\/originpharmapackaging","article_modified_time":"2025-10-07T14:46:15+00:00","og_image":[{"width":1829,"height":2560,"url":"https:\/\/originltd.com\/wp-content\/uploads\/2022\/07\/012accrtep-t-c-ass-scaled.jpg","type":"image\/jpeg"}],"twitter_card":"summary_large_image","twitter_site":"@originpharma","twitter_misc":{"Gesch\u00e4tzte Lesezeit":"1\u00a0Minute"},"schema":{"@context":"https:\/\/schema.org","@graph":[{"@type":"WebPage","@id":"https:\/\/originltd.com\/product\/red-polypropylene-child-resistant-closure\/","url":"https:\/\/originltd.com\/product\/red-polypropylene-child-resistant-closure\/","name":"Roter kindersicherer Polypropylen-Verschluss | Origin Pharma Packaging","isPartOf":{"@id":"https:\/\/originltd.com\/#website"},"primaryImageOfPage":{"@id":"https:\/\/originltd.com\/product\/red-polypropylene-child-resistant-closure\/#primaryimage"},"image":{"@id":"https:\/\/originltd.com\/product\/red-polypropylene-child-resistant-closure\/#primaryimage"},"thumbnailUrl":"https:\/\/originltd.com\/wp-content\/uploads\/2022\/07\/012accrtep-t-c-ass-scaled.jpg","datePublished":"2022-07-07T11:49:37+00:00","dateModified":"2025-10-07T14:46:15+00:00","description":"Informieren Sie sich \u00fcber unsere kindersicheren Verschl\u00fcsse aus Polypropylen, die bei Origin, dem Gro\u00dfh\u00e4ndler f\u00fcr Verpackungen, erh\u00e4ltlich sind. Bestellen Sie ein Muster oder kontaktieren Sie uns f\u00fcr weitere Informationen.","breadcrumb":{"@id":"https:\/\/originltd.com\/product\/red-polypropylene-child-resistant-closure\/#breadcrumb"},"inLanguage":"de","potentialAction":[{"@type":"ReadAction","target":["https:\/\/originltd.com\/product\/red-polypropylene-child-resistant-closure\/"]}]},{"@type":"ImageObject","inLanguage":"de","@id":"https:\/\/originltd.com\/product\/red-polypropylene-child-resistant-closure\/#primaryimage","url":"https:\/\/originltd.com\/wp-content\/uploads\/2022\/07\/012accrtep-t-c-ass-scaled.jpg","contentUrl":"https:\/\/originltd.com\/wp-content\/uploads\/2022\/07\/012accrtep-t-c-ass-scaled.jpg","width":1829,"height":2560,"caption":"Red polypropylene Child Resistant Closure"},{"@type":"BreadcrumbList","@id":"https:\/\/originltd.com\/product\/red-polypropylene-child-resistant-closure\/#breadcrumb","itemListElement":[{"@type":"ListItem","position":1,"name":"Home","item":"https:\/\/originltd.com\/"},{"@type":"ListItem","position":2,"name":"Pharmaceutical Packaging Products","item":"https:\/\/originltd.com\/pharmaceutical-packaging\/"},{"@type":"ListItem","position":3,"name":"Pharmaceutical Closures &amp; Dispensers","item":"https:\/\/originltd.com\/packaging\/closures-dispensers\/"},{"@type":"ListItem","position":4,"name":"Red Polypropylene Child Resistant Closure"}]},{"@type":"WebSite","@id":"https:\/\/originltd.com\/#website","url":"https:\/\/originltd.com\/","name":"Origin Pharma Packaging","description":"","publisher":{"@id":"https:\/\/originltd.com\/#organization"},"alternateName":"Origin Ltd.","potentialAction":[{"@type":"SearchAction","target":{"@type":"EntryPoint","urlTemplate":"https:\/\/originltd.com\/?s={search_term_string}"},"query-input":{"@type":"PropertyValueSpecification","valueRequired":true,"valueName":"search_term_string"}}],"inLanguage":"de"},{"@type":"Organization","@id":"https:\/\/originltd.com\/#organization","name":"Origin Pharma Packaging","url":"https:\/\/originltd.com\/","logo":{"@type":"ImageObject","inLanguage":"de","@id":"https:\/\/originltd.com\/#\/schema\/logo\/image\/","url":"https:\/\/originltd.com\/wp-content\/uploads\/2024\/06\/cropped-Origin-logo-For-Health-For-Life-RGB@10x.png","contentUrl":"https:\/\/originltd.com\/wp-content\/uploads\/2024\/06\/cropped-Origin-logo-For-Health-For-Life-RGB@10x.png","width":227,"height":65,"caption":"Origin Pharma Packaging"},"image":{"@id":"https:\/\/originltd.com\/#\/schema\/logo\/image\/"},"sameAs":["https:\/\/www.facebook.com\/originpharmapackaging","https:\/\/x.com\/originpharma","https:\/\/www.linkedin.com\/company\/origin-packaging-ltd\/","https:\/\/www.youtube.com\/channel\/UCOOJl3eFOiO7lJT6f5qHygA"]}]}},"_links":{"self":[{"href":"https:\/\/originltd.com\/de\/wp-json\/wp\/v2\/product\/8754","targetHints":{"allow":["GET"]}}],"collection":[{"href":"https:\/\/originltd.com\/de\/wp-json\/wp\/v2\/product"}],"about":[{"href":"https:\/\/originltd.com\/de\/wp-json\/wp\/v2\/types\/product"}],"replies":[{"embeddable":true,"href":"https:\/\/originltd.com\/de\/wp-json\/wp\/v2\/comments?post=8754"}],"wp:featuredmedia":[{"embeddable":true,"href":"https:\/\/originltd.com\/de\/wp-json\/wp\/v2\/media\/8755"}],"wp:attachment":[{"href":"https:\/\/originltd.com\/de\/wp-json\/wp\/v2\/media?parent=8754"}],"wp:term":[{"taxonomy":"product_brand","embeddable":true,"href":"https:\/\/originltd.com\/de\/wp-json\/wp\/v2\/product_brand?post=8754"},{"taxonomy":"product_cat","embeddable":true,"href":"https:\/\/originltd.com\/de\/wp-json\/wp\/v2\/product_cat?post=8754"},{"taxonomy":"product_tag","embeddable":true,"href":"https:\/\/originltd.com\/de\/wp-json\/wp\/v2\/product_tag?post=8754"}],"curies":[{"name":"wp","href":"https:\/\/api.w.org\/{rel}","templated":true}]}}