
{"id":8819,"date":"2022-07-12T09:12:53","date_gmt":"2022-07-12T08:12:53","guid":{"rendered":"https:\/\/originltd.in-beta.dev\/?post_type=product&#038;p=8819"},"modified":"2025-11-07T09:29:11","modified_gmt":"2025-11-07T09:29:11","slug":"500ml-amber-glass-ointment-jar","status":"publish","type":"product","link":"https:\/\/originltd.com\/de\/product\/500ml-amber-glass-ointment-jar\/","title":{"rendered":"500ml Braunglas-Salbentopf"},"content":{"rendered":"<p><span style=\"font-weight: 400;\">Our 500ml amber glass ointment jars are available in smaller sizes, including our <\/span><a href=\"https:\/\/originltd.com\/de\/produkt\/180ml-amber-glass-ointment-jar\/\"><span style=\"font-weight: 400;\">180ml amber glass ointment jars<\/span><\/a><span style=\"font-weight: 400;\"> und <\/span><a href=\"https:\/\/originltd.com\/de\/produkt\/120ml-amber-glass-ointment-jar\/\"><span style=\"font-weight: 400;\">120ml Braunglas-Salbentiegel<\/span><\/a><span style=\"font-weight: 400;\">.<\/span><\/p>","protected":false},"excerpt":{"rendered":"<p><span style=\"font-weight: 400;\">This 500ml traditional glass ointment jar from Origin is designed for the effective storage of creams, lotions, and tablets, coming as part of our range of <\/span><a href=\"https:\/\/originltd.com\/de\/packaging\/lifestyle\/\"><span style=\"font-weight: 400;\">Lifestyle-Verpackungsprodukte<\/span><\/a><span style=\"font-weight: 400;\">. You can order this jar in handy pack sizes and additional bulk orders. In addition to this 500ml amber glass ointment jar, the full range comes in a variety of colours and sizes to offer you the most suitable choice for your next product.<\/span><\/p>\n<p><span style=\"font-weight: 400;\">Diese <\/span><a href=\"https:\/\/originltd.com\/de\/packaging\/glass\/glass-jars\/\"><span style=\"font-weight: 400;\">Braunglasgef\u00e4\u00dfe<\/span><\/a><span style=\"font-weight: 400;\"> are designed to offer UV protection, ensuring that your products don\u2019t degrade due to exposure to sunlight. This line of <\/span><a href=\"https:\/\/originltd.com\/de\/packaging\/cosmetic-jars\/\"><span style=\"font-weight: 400;\">Kosmetikdosen aus Glas<\/span><\/a><span style=\"font-weight: 400;\"> is not pre-capped and features a screw-top mechanism to be used with our many <\/span><a href=\"https:\/\/originltd.com\/de\/packaging\/closures-dispensers\/\"><span style=\"font-weight: 400;\">Verpackungsverschl\u00fcsse<\/span><\/a><span style=\"font-weight: 400;\">.<\/span><\/p>\n<h3><span style=\"font-weight: 400;\">Wesentliche Merkmale:<\/span><\/h3>\n<ul>\n<li style=\"font-weight: 400;\" aria-level=\"1\"><span style=\"font-weight: 400;\">Praktische Packungsgr\u00f6\u00dfen - eine gro\u00dfe Auswahl an Gr\u00f6\u00dfen verf\u00fcgbar<\/span><\/li>\n<li style=\"font-weight: 400;\" aria-level=\"1\"><span style=\"font-weight: 400;\">Besonders f\u00fcr Cremes o. \u00c4. gut geeignet<\/span><\/li>\n<li style=\"font-weight: 400;\" aria-level=\"1\"><span style=\"font-weight: 400;\">In einer Reihe von Farben erh\u00e4ltlich (bespr\u00fcht auf Bestellung)<\/span><\/li>\n<li style=\"font-weight: 400;\" aria-level=\"1\"><span style=\"font-weight: 400;\">Das Braunglas-Design bietet Schutz vor UV-Sch\u00e4den<\/span><\/li>\n<\/ul>\n<h3><span style=\"font-weight: 400;\">Geeignete Verwendungszwecke:<\/span><\/h3>\n<ul>\n<li style=\"font-weight: 400;\" aria-level=\"1\"><span style=\"font-weight: 400;\">F\u00fcr die Aufbewahrung von Cremes, Lotionen und Tabletten<\/span><\/li>\n<li style=\"font-weight: 400;\" aria-level=\"1\"><span style=\"font-weight: 400;\">Zur Verwendung als <\/span><a href=\"https:\/\/originltd.com\/de\/packaging\/cosmetic-containers\/\"><span style=\"font-weight: 400;\">Kosmetik-Verpackung<\/span><\/a><\/li>\n<li style=\"font-weight: 400;\" aria-level=\"1\"><span style=\"font-weight: 400;\">Zur Verwendung als <\/span><a href=\"https:\/\/originltd.com\/de\/packaging\/health-wellbeing-packaging\/\"><span style=\"font-weight: 400;\">Produktverpackung zum Wohlbefinden<\/span><\/a><\/li>\n<li style=\"font-weight: 400;\" aria-level=\"1\"><span style=\"font-weight: 400;\">Zur Verwendung als <\/span><a href=\"https:\/\/originltd.com\/de\/packaging\/pharmaceutical-packaging\/\"><span style=\"font-weight: 400;\">pharmazeutische Verpackungen<\/span><\/a><\/li>\n<\/ul>","protected":false},"featured_media":8820,"comment_status":"closed","ping_status":"closed","template":"","meta":{"_acf_changed":false},"product_brand":[],"product_cat":[2185,2194,2227,2223,95],"product_tag":[],"class_list":{"0":"post-8819","1":"product","2":"type-product","3":"status-publish","4":"has-post-thumbnail","6":"product_cat-cosmetic-containers","7":"product_cat-cosmetic-jars","8":"product_cat-lifestyle","9":"product_cat-skincare-bodycare","10":"product_cat-glass","12":"first","13":"instock","14":"sold-individually","15":"shipping-taxable","16":"product-type-simple"},"acf":[],"yoast_head":"<!-- This site is optimized with the Yoast SEO plugin v27.3 - https:\/\/yoast.com\/product\/yoast-seo-wordpress\/ -->\n<title>500ml Amber Glass Ointment Jar | Origin<\/title>\n<meta name=\"description\" content=\"Order 500ml amber glass ointment jars from Origin in wholesale quantities. This jar is suitable for creams, lotions, &amp; tablets. Contact us today for a free sample.\" \/>\n<meta name=\"robots\" content=\"index, follow, max-snippet:-1, max-image-preview:large, max-video-preview:-1\" \/>\n<link rel=\"canonical\" href=\"https:\/\/originltd.com\/de\/produkt\/500ml-amber-glass-ointment-jar\/\" \/>\n<meta property=\"og:locale\" content=\"de_DE\" \/>\n<meta property=\"og:type\" content=\"article\" \/>\n<meta property=\"og:title\" content=\"500ml Amber Glass Ointment Jar | Origin\" \/>\n<meta property=\"og:description\" content=\"Order 500ml amber glass ointment jars from Origin in wholesale quantities. This jar is suitable for creams, lotions, &amp; tablets. Contact us today for a free sample.\" \/>\n<meta property=\"og:url\" content=\"https:\/\/originltd.com\/de\/produkt\/500ml-amber-glass-ointment-jar\/\" \/>\n<meta property=\"og:site_name\" content=\"Origin Pharma Packaging\" \/>\n<meta property=\"article:publisher\" content=\"https:\/\/www.facebook.com\/originpharmapackaging\" \/>\n<meta property=\"article:modified_time\" content=\"2025-11-07T09:29:11+00:00\" \/>\n<meta property=\"og:image\" content=\"https:\/\/originltd.com\/wp-content\/uploads\/2022\/07\/OJ31000500A-Amber-Ointment-Jar-R3-100-500ml-scaled.jpg\" \/>\n\t<meta property=\"og:image:width\" content=\"2560\" \/>\n\t<meta property=\"og:image:height\" content=\"1707\" \/>\n\t<meta property=\"og:image:type\" content=\"image\/jpeg\" \/>\n<meta name=\"twitter:card\" content=\"summary_large_image\" \/>\n<meta name=\"twitter:site\" content=\"@originpharma\" \/>\n<meta name=\"twitter:label1\" content=\"Gesch\u00e4tzte Lesezeit\" \/>\n\t<meta name=\"twitter:data1\" content=\"1\u00a0Minute\" \/>\n<script type=\"application\/ld+json\" class=\"yoast-schema-graph\">{\"@context\":\"https:\\\/\\\/schema.org\",\"@graph\":[{\"@type\":\"WebPage\",\"@id\":\"https:\\\/\\\/originltd.com\\\/product\\\/500ml-amber-glass-ointment-jar\\\/\",\"url\":\"https:\\\/\\\/originltd.com\\\/product\\\/500ml-amber-glass-ointment-jar\\\/\",\"name\":\"500ml Amber Glass Ointment Jar | Origin\",\"isPartOf\":{\"@id\":\"https:\\\/\\\/originltd.com\\\/#website\"},\"primaryImageOfPage\":{\"@id\":\"https:\\\/\\\/originltd.com\\\/product\\\/500ml-amber-glass-ointment-jar\\\/#primaryimage\"},\"image\":{\"@id\":\"https:\\\/\\\/originltd.com\\\/product\\\/500ml-amber-glass-ointment-jar\\\/#primaryimage\"},\"thumbnailUrl\":\"https:\\\/\\\/originltd.com\\\/wp-content\\\/uploads\\\/2022\\\/07\\\/OJ31000500A-Amber-Ointment-Jar-R3-100-500ml-scaled.jpg\",\"datePublished\":\"2022-07-12T08:12:53+00:00\",\"dateModified\":\"2025-11-07T09:29:11+00:00\",\"description\":\"Order 500ml amber glass ointment jars from Origin in wholesale quantities. This jar is suitable for creams, lotions, & tablets. Contact us today for a free sample.\",\"breadcrumb\":{\"@id\":\"https:\\\/\\\/originltd.com\\\/product\\\/500ml-amber-glass-ointment-jar\\\/#breadcrumb\"},\"inLanguage\":\"de\",\"potentialAction\":[{\"@type\":\"ReadAction\",\"target\":[\"https:\\\/\\\/originltd.com\\\/product\\\/500ml-amber-glass-ointment-jar\\\/\"]}]},{\"@type\":\"ImageObject\",\"inLanguage\":\"de\",\"@id\":\"https:\\\/\\\/originltd.com\\\/product\\\/500ml-amber-glass-ointment-jar\\\/#primaryimage\",\"url\":\"https:\\\/\\\/originltd.com\\\/wp-content\\\/uploads\\\/2022\\\/07\\\/OJ31000500A-Amber-Ointment-Jar-R3-100-500ml-scaled.jpg\",\"contentUrl\":\"https:\\\/\\\/originltd.com\\\/wp-content\\\/uploads\\\/2022\\\/07\\\/OJ31000500A-Amber-Ointment-Jar-R3-100-500ml-scaled.jpg\",\"width\":2560,\"height\":1707,\"caption\":\"Amber Ointment Jar\"},{\"@type\":\"BreadcrumbList\",\"@id\":\"https:\\\/\\\/originltd.com\\\/product\\\/500ml-amber-glass-ointment-jar\\\/#breadcrumb\",\"itemListElement\":[{\"@type\":\"ListItem\",\"position\":1,\"name\":\"Home\",\"item\":\"https:\\\/\\\/originltd.com\\\/\"},{\"@type\":\"ListItem\",\"position\":2,\"name\":\"Pharmaceutical Packaging Products\",\"item\":\"https:\\\/\\\/originltd.com\\\/pharmaceutical-packaging\\\/\"},{\"@type\":\"ListItem\",\"position\":3,\"name\":\"Wholesale Glass Packaging\",\"item\":\"https:\\\/\\\/originltd.com\\\/packaging\\\/glass\\\/\"},{\"@type\":\"ListItem\",\"position\":4,\"name\":\"500ml Amber Glass Ointment Jar\"}]},{\"@type\":\"WebSite\",\"@id\":\"https:\\\/\\\/originltd.com\\\/#website\",\"url\":\"https:\\\/\\\/originltd.com\\\/\",\"name\":\"Origin Pharma Packaging\",\"description\":\"\",\"publisher\":{\"@id\":\"https:\\\/\\\/originltd.com\\\/#organization\"},\"alternateName\":\"Origin Ltd.\",\"potentialAction\":[{\"@type\":\"SearchAction\",\"target\":{\"@type\":\"EntryPoint\",\"urlTemplate\":\"https:\\\/\\\/originltd.com\\\/?s={search_term_string}\"},\"query-input\":{\"@type\":\"PropertyValueSpecification\",\"valueRequired\":true,\"valueName\":\"search_term_string\"}}],\"inLanguage\":\"de\"},{\"@type\":\"Organization\",\"@id\":\"https:\\\/\\\/originltd.com\\\/#organization\",\"name\":\"Origin Pharma Packaging\",\"url\":\"https:\\\/\\\/originltd.com\\\/\",\"logo\":{\"@type\":\"ImageObject\",\"inLanguage\":\"de\",\"@id\":\"https:\\\/\\\/originltd.com\\\/#\\\/schema\\\/logo\\\/image\\\/\",\"url\":\"https:\\\/\\\/originltd.com\\\/wp-content\\\/uploads\\\/2024\\\/06\\\/cropped-Origin-logo-For-Health-For-Life-RGB@10x.png\",\"contentUrl\":\"https:\\\/\\\/originltd.com\\\/wp-content\\\/uploads\\\/2024\\\/06\\\/cropped-Origin-logo-For-Health-For-Life-RGB@10x.png\",\"width\":227,\"height\":65,\"caption\":\"Origin Pharma Packaging\"},\"image\":{\"@id\":\"https:\\\/\\\/originltd.com\\\/#\\\/schema\\\/logo\\\/image\\\/\"},\"sameAs\":[\"https:\\\/\\\/www.facebook.com\\\/originpharmapackaging\",\"https:\\\/\\\/x.com\\\/originpharma\",\"https:\\\/\\\/www.linkedin.com\\\/company\\\/origin-packaging-ltd\\\/\",\"https:\\\/\\\/www.youtube.com\\\/channel\\\/UCOOJl3eFOiO7lJT6f5qHygA\"]}]}<\/script>\n<!-- \/ Yoast SEO plugin. -->","yoast_head_json":{"title":"500ml Amber Glass Ointment Jar | Origin","description":"Order 500ml amber glass ointment jars from Origin in wholesale quantities. This jar is suitable for creams, lotions, & tablets. Contact us today for a free sample.","robots":{"index":"index","follow":"follow","max-snippet":"max-snippet:-1","max-image-preview":"max-image-preview:large","max-video-preview":"max-video-preview:-1"},"canonical":"https:\/\/originltd.com\/de\/produkt\/500ml-amber-glass-ointment-jar\/","og_locale":"de_DE","og_type":"article","og_title":"500ml Amber Glass Ointment Jar | Origin","og_description":"Order 500ml amber glass ointment jars from Origin in wholesale quantities. This jar is suitable for creams, lotions, & tablets. Contact us today for a free sample.","og_url":"https:\/\/originltd.com\/de\/produkt\/500ml-amber-glass-ointment-jar\/","og_site_name":"Origin Pharma Packaging","article_publisher":"https:\/\/www.facebook.com\/originpharmapackaging","article_modified_time":"2025-11-07T09:29:11+00:00","og_image":[{"width":2560,"height":1707,"url":"https:\/\/originltd.com\/wp-content\/uploads\/2022\/07\/OJ31000500A-Amber-Ointment-Jar-R3-100-500ml-scaled.jpg","type":"image\/jpeg"}],"twitter_card":"summary_large_image","twitter_site":"@originpharma","twitter_misc":{"Gesch\u00e4tzte Lesezeit":"1\u00a0Minute"},"schema":{"@context":"https:\/\/schema.org","@graph":[{"@type":"WebPage","@id":"https:\/\/originltd.com\/product\/500ml-amber-glass-ointment-jar\/","url":"https:\/\/originltd.com\/product\/500ml-amber-glass-ointment-jar\/","name":"500ml Amber Glass Ointment Jar | Origin","isPartOf":{"@id":"https:\/\/originltd.com\/#website"},"primaryImageOfPage":{"@id":"https:\/\/originltd.com\/product\/500ml-amber-glass-ointment-jar\/#primaryimage"},"image":{"@id":"https:\/\/originltd.com\/product\/500ml-amber-glass-ointment-jar\/#primaryimage"},"thumbnailUrl":"https:\/\/originltd.com\/wp-content\/uploads\/2022\/07\/OJ31000500A-Amber-Ointment-Jar-R3-100-500ml-scaled.jpg","datePublished":"2022-07-12T08:12:53+00:00","dateModified":"2025-11-07T09:29:11+00:00","description":"Order 500ml amber glass ointment jars from Origin in wholesale quantities. This jar is suitable for creams, lotions, & tablets. Contact us today for a free sample.","breadcrumb":{"@id":"https:\/\/originltd.com\/product\/500ml-amber-glass-ointment-jar\/#breadcrumb"},"inLanguage":"de","potentialAction":[{"@type":"ReadAction","target":["https:\/\/originltd.com\/product\/500ml-amber-glass-ointment-jar\/"]}]},{"@type":"ImageObject","inLanguage":"de","@id":"https:\/\/originltd.com\/product\/500ml-amber-glass-ointment-jar\/#primaryimage","url":"https:\/\/originltd.com\/wp-content\/uploads\/2022\/07\/OJ31000500A-Amber-Ointment-Jar-R3-100-500ml-scaled.jpg","contentUrl":"https:\/\/originltd.com\/wp-content\/uploads\/2022\/07\/OJ31000500A-Amber-Ointment-Jar-R3-100-500ml-scaled.jpg","width":2560,"height":1707,"caption":"Amber Ointment Jar"},{"@type":"BreadcrumbList","@id":"https:\/\/originltd.com\/product\/500ml-amber-glass-ointment-jar\/#breadcrumb","itemListElement":[{"@type":"ListItem","position":1,"name":"Home","item":"https:\/\/originltd.com\/"},{"@type":"ListItem","position":2,"name":"Pharmaceutical Packaging Products","item":"https:\/\/originltd.com\/pharmaceutical-packaging\/"},{"@type":"ListItem","position":3,"name":"Wholesale Glass Packaging","item":"https:\/\/originltd.com\/packaging\/glass\/"},{"@type":"ListItem","position":4,"name":"500ml Amber Glass Ointment Jar"}]},{"@type":"WebSite","@id":"https:\/\/originltd.com\/#website","url":"https:\/\/originltd.com\/","name":"Origin Pharma Packaging","description":"","publisher":{"@id":"https:\/\/originltd.com\/#organization"},"alternateName":"Origin Ltd.","potentialAction":[{"@type":"SearchAction","target":{"@type":"EntryPoint","urlTemplate":"https:\/\/originltd.com\/?s={search_term_string}"},"query-input":{"@type":"PropertyValueSpecification","valueRequired":true,"valueName":"search_term_string"}}],"inLanguage":"de"},{"@type":"Organization","@id":"https:\/\/originltd.com\/#organization","name":"Origin Pharma Packaging","url":"https:\/\/originltd.com\/","logo":{"@type":"ImageObject","inLanguage":"de","@id":"https:\/\/originltd.com\/#\/schema\/logo\/image\/","url":"https:\/\/originltd.com\/wp-content\/uploads\/2024\/06\/cropped-Origin-logo-For-Health-For-Life-RGB@10x.png","contentUrl":"https:\/\/originltd.com\/wp-content\/uploads\/2024\/06\/cropped-Origin-logo-For-Health-For-Life-RGB@10x.png","width":227,"height":65,"caption":"Origin Pharma Packaging"},"image":{"@id":"https:\/\/originltd.com\/#\/schema\/logo\/image\/"},"sameAs":["https:\/\/www.facebook.com\/originpharmapackaging","https:\/\/x.com\/originpharma","https:\/\/www.linkedin.com\/company\/origin-packaging-ltd\/","https:\/\/www.youtube.com\/channel\/UCOOJl3eFOiO7lJT6f5qHygA"]}]}},"_links":{"self":[{"href":"https:\/\/originltd.com\/de\/wp-json\/wp\/v2\/product\/8819","targetHints":{"allow":["GET"]}}],"collection":[{"href":"https:\/\/originltd.com\/de\/wp-json\/wp\/v2\/product"}],"about":[{"href":"https:\/\/originltd.com\/de\/wp-json\/wp\/v2\/types\/product"}],"replies":[{"embeddable":true,"href":"https:\/\/originltd.com\/de\/wp-json\/wp\/v2\/comments?post=8819"}],"wp:featuredmedia":[{"embeddable":true,"href":"https:\/\/originltd.com\/de\/wp-json\/wp\/v2\/media\/8820"}],"wp:attachment":[{"href":"https:\/\/originltd.com\/de\/wp-json\/wp\/v2\/media?parent=8819"}],"wp:term":[{"taxonomy":"product_brand","embeddable":true,"href":"https:\/\/originltd.com\/de\/wp-json\/wp\/v2\/product_brand?post=8819"},{"taxonomy":"product_cat","embeddable":true,"href":"https:\/\/originltd.com\/de\/wp-json\/wp\/v2\/product_cat?post=8819"},{"taxonomy":"product_tag","embeddable":true,"href":"https:\/\/originltd.com\/de\/wp-json\/wp\/v2\/product_tag?post=8819"}],"curies":[{"name":"wp","href":"https:\/\/api.w.org\/{rel}","templated":true}]}}