{"id":10454,"date":"2023-11-03T11:03:24","date_gmt":"2023-11-03T11:03:24","guid":{"rendered":"https:\/\/www.originltd.com\/?post_type=product&#038;p=10454"},"modified":"2024-05-23T11:50:39","modified_gmt":"2024-05-23T10:50:39","slug":"sharps-disposal-containers-and-bins","status":"publish","type":"product","link":"https:\/\/www.originltd.com\/fr\/product\/sharps-disposal-containers-and-bins\/","title":{"rendered":"Conteneurs et bacs d'\u00e9limination des objets tranchants"},"content":{"rendered":"","protected":false},"excerpt":{"rendered":"<p>La gamme de conteneurs pour objets tranchants d'Origin offre une solution s\u00fbre et s\u00e9curis\u00e9e pour la collecte et l'\u00e9limination des objets tranchants.<\/p>\n<p>En offrant de nombreuses options de forme et de capacit\u00e9, le conteneur id\u00e9al peut \u00eatre trouv\u00e9 pour n'importe quel endroit, de la maison \u00e0 l'h\u00f4pital. 4 tailles d'emballage sont disponibles avec des capacit\u00e9s de 0,4 \u00e0 22 litres.<\/p>\n<ul>\n<li>Conception durable garantissant des performances robustes et la s\u00e9curit\u00e9 de l'utilisateur<\/li>\n<li>M\u00e9canisme de verrouillage simple<\/li>\n<li>Des ouvertures intuitives pour une gamme d'exigences en mati\u00e8re d'objets tranchants et piquants<\/li>\n<li>Poign\u00e9es de transport pratiques sur les grandes tailles<\/li>\n<li>Fabriqu\u00e9 en polypropyl\u00e8ne avec un contenu recycl\u00e9 allant jusqu'\u00e0 75% ; contenu recycl\u00e9 de 100% disponible sur demande.<\/li>\n<\/ul>","protected":false},"featured_media":10457,"comment_status":"closed","ping_status":"closed","template":"","meta":{"_acf_changed":false},"product_brand":[],"product_cat":[2169,2205],"product_tag":[],"class_list":{"0":"post-10454","1":"product","2":"type-product","3":"status-publish","4":"has-post-thumbnail","6":"product_cat-pharmacy-packaging","7":"product_cat-sharps-containers","9":"first","10":"instock","11":"sold-individually","12":"shipping-taxable","13":"product-type-simple"},"acf":[],"yoast_head":"<!-- This site is optimized with the Yoast SEO plugin v27.3 - https:\/\/yoast.com\/product\/yoast-seo-wordpress\/ -->\n<title>Sharps Disposal Containers and Bins | Origin Pharma Packaging<\/title>\n<meta name=\"description\" content=\"The Origin Sharps Containers range offers a safe and secure solution to the collection and disposal of sharp objects. Click to find out more.\" \/>\n<meta name=\"robots\" content=\"index, follow, max-snippet:-1, max-image-preview:large, max-video-preview:-1\" \/>\n<link rel=\"canonical\" href=\"https:\/\/www.originltd.com\/fr\/produit\/sharps-disposal-containers-and-bins\/\" \/>\n<meta property=\"og:locale\" content=\"fr_FR\" \/>\n<meta property=\"og:type\" content=\"article\" \/>\n<meta property=\"og:title\" content=\"Sharps Disposal Containers and Bins | Origin Pharma Packaging\" \/>\n<meta property=\"og:description\" content=\"The Origin Sharps Containers range offers a safe and secure solution to the collection and disposal of sharp objects. Click to find out more.\" \/>\n<meta property=\"og:url\" content=\"https:\/\/www.originltd.com\/fr\/produit\/sharps-disposal-containers-and-bins\/\" \/>\n<meta property=\"og:site_name\" content=\"Origin Pharma Packaging\" \/>\n<meta property=\"article:publisher\" content=\"https:\/\/www.facebook.com\/originpharmapackaging\" \/>\n<meta property=\"article:modified_time\" content=\"2024-05-23T10:50:39+00:00\" \/>\n<meta property=\"og:image\" content=\"https:\/\/cdn.originltd.com\/wp-content\/uploads\/2023\/11\/003-copy-scaled.jpg\" \/>\n\t<meta property=\"og:image:width\" content=\"2560\" \/>\n\t<meta property=\"og:image:height\" content=\"1753\" \/>\n\t<meta property=\"og:image:type\" content=\"image\/jpeg\" \/>\n<meta name=\"twitter:card\" content=\"summary_large_image\" \/>\n<meta name=\"twitter:site\" content=\"@originpharma\" \/>\n<meta name=\"twitter:label1\" content=\"Dur\u00e9e de lecture estim\u00e9e\" \/>\n\t<meta name=\"twitter:data1\" content=\"1 minute\" \/>\n<script type=\"application\/ld+json\" class=\"yoast-schema-graph\">{\"@context\":\"https:\\\/\\\/schema.org\",\"@graph\":[{\"@type\":\"WebPage\",\"@id\":\"https:\\\/\\\/www.originltd.com\\\/de\\\/produkt\\\/sharps-disposal-containers-and-bins\\\/\",\"url\":\"https:\\\/\\\/www.originltd.com\\\/de\\\/produkt\\\/sharps-disposal-containers-and-bins\\\/\",\"name\":\"Sharps Disposal Containers and Bins | Origin Pharma Packaging\",\"isPartOf\":{\"@id\":\"https:\\\/\\\/www.originltd.com\\\/#website\"},\"primaryImageOfPage\":{\"@id\":\"https:\\\/\\\/www.originltd.com\\\/de\\\/produkt\\\/sharps-disposal-containers-and-bins\\\/#primaryimage\"},\"image\":{\"@id\":\"https:\\\/\\\/www.originltd.com\\\/de\\\/produkt\\\/sharps-disposal-containers-and-bins\\\/#primaryimage\"},\"thumbnailUrl\":\"https:\\\/\\\/www.originltd.com\\\/wp-content\\\/uploads\\\/2023\\\/11\\\/003-copy-scaled.jpg\",\"datePublished\":\"2023-11-03T11:03:24+00:00\",\"dateModified\":\"2024-05-23T10:50:39+00:00\",\"description\":\"The Origin Sharps Containers range offers a safe and secure solution to the collection and disposal of sharp objects. Click to find out more.\",\"breadcrumb\":{\"@id\":\"https:\\\/\\\/www.originltd.com\\\/de\\\/produkt\\\/sharps-disposal-containers-and-bins\\\/#breadcrumb\"},\"inLanguage\":\"fr-FR\",\"potentialAction\":[{\"@type\":\"ReadAction\",\"target\":[\"https:\\\/\\\/www.originltd.com\\\/de\\\/produkt\\\/sharps-disposal-containers-and-bins\\\/\"]}]},{\"@type\":\"ImageObject\",\"inLanguage\":\"fr-FR\",\"@id\":\"https:\\\/\\\/www.originltd.com\\\/de\\\/produkt\\\/sharps-disposal-containers-and-bins\\\/#primaryimage\",\"url\":\"https:\\\/\\\/www.originltd.com\\\/wp-content\\\/uploads\\\/2023\\\/11\\\/003-copy-scaled.jpg\",\"contentUrl\":\"https:\\\/\\\/www.originltd.com\\\/wp-content\\\/uploads\\\/2023\\\/11\\\/003-copy-scaled.jpg\",\"width\":2560,\"height\":1753,\"caption\":\"Sharps Disposal Containers and Bins\"},{\"@type\":\"BreadcrumbList\",\"@id\":\"https:\\\/\\\/www.originltd.com\\\/de\\\/produkt\\\/sharps-disposal-containers-and-bins\\\/#breadcrumb\",\"itemListElement\":[{\"@type\":\"ListItem\",\"position\":1,\"name\":\"Home\",\"item\":\"https:\\\/\\\/www.originltd.com\\\/\"},{\"@type\":\"ListItem\",\"position\":2,\"name\":\"Pharmaceutical Packaging Products\",\"item\":\"https:\\\/\\\/www.originltd.com\\\/pharmaceutical-packaging\\\/\"},{\"@type\":\"ListItem\",\"position\":3,\"name\":\"Pharmacy Packaging\",\"item\":\"https:\\\/\\\/www.originltd.com\\\/packaging\\\/pharmacy-packaging\\\/\"},{\"@type\":\"ListItem\",\"position\":4,\"name\":\"Sharps Containers\",\"item\":\"https:\\\/\\\/www.originltd.com\\\/packaging\\\/pharmacy-packaging\\\/sharps-containers\\\/\"},{\"@type\":\"ListItem\",\"position\":5,\"name\":\"Sharps Disposal Containers and Bins\"}]},{\"@type\":\"WebSite\",\"@id\":\"https:\\\/\\\/www.originltd.com\\\/#website\",\"url\":\"https:\\\/\\\/www.originltd.com\\\/\",\"name\":\"Origin Pharma Packaging\",\"description\":\"\",\"publisher\":{\"@id\":\"https:\\\/\\\/www.originltd.com\\\/#organization\"},\"alternateName\":\"Origin Ltd.\",\"potentialAction\":[{\"@type\":\"SearchAction\",\"target\":{\"@type\":\"EntryPoint\",\"urlTemplate\":\"https:\\\/\\\/www.originltd.com\\\/?s={search_term_string}\"},\"query-input\":{\"@type\":\"PropertyValueSpecification\",\"valueRequired\":true,\"valueName\":\"search_term_string\"}}],\"inLanguage\":\"fr-FR\"},{\"@type\":\"Organization\",\"@id\":\"https:\\\/\\\/www.originltd.com\\\/#organization\",\"name\":\"Origin Pharma Packaging\",\"url\":\"https:\\\/\\\/www.originltd.com\\\/\",\"logo\":{\"@type\":\"ImageObject\",\"inLanguage\":\"fr-FR\",\"@id\":\"https:\\\/\\\/www.originltd.com\\\/#\\\/schema\\\/logo\\\/image\\\/\",\"url\":\"https:\\\/\\\/www.originltd.com\\\/wp-content\\\/uploads\\\/2024\\\/06\\\/cropped-Origin-logo-For-Health-For-Life-RGB@10x.png\",\"contentUrl\":\"https:\\\/\\\/www.originltd.com\\\/wp-content\\\/uploads\\\/2024\\\/06\\\/cropped-Origin-logo-For-Health-For-Life-RGB@10x.png\",\"width\":227,\"height\":65,\"caption\":\"Origin Pharma Packaging\"},\"image\":{\"@id\":\"https:\\\/\\\/www.originltd.com\\\/#\\\/schema\\\/logo\\\/image\\\/\"},\"sameAs\":[\"https:\\\/\\\/www.facebook.com\\\/originpharmapackaging\",\"https:\\\/\\\/x.com\\\/originpharma\",\"https:\\\/\\\/www.linkedin.com\\\/company\\\/origin-packaging-ltd\\\/\",\"https:\\\/\\\/www.youtube.com\\\/channel\\\/UCOOJl3eFOiO7lJT6f5qHygA\"]}]}<\/script>\n<!-- \/ Yoast SEO plugin. -->","yoast_head_json":{"title":"Conteneurs et bacs d'\u00e9limination des objets tranchants | Origin Pharma Packaging","description":"La gamme de conteneurs pour objets tranchants d'Origin offre une solution s\u00fbre et s\u00e9curis\u00e9e pour la collecte et l'\u00e9limination des objets tranchants. Cliquez ici pour en savoir plus.","robots":{"index":"index","follow":"follow","max-snippet":"max-snippet:-1","max-image-preview":"max-image-preview:large","max-video-preview":"max-video-preview:-1"},"canonical":"https:\/\/www.originltd.com\/fr\/produit\/sharps-disposal-containers-and-bins\/","og_locale":"fr_FR","og_type":"article","og_title":"Sharps Disposal Containers and Bins | Origin Pharma Packaging","og_description":"The Origin Sharps Containers range offers a safe and secure solution to the collection and disposal of sharp objects. Click to find out more.","og_url":"https:\/\/www.originltd.com\/fr\/produit\/sharps-disposal-containers-and-bins\/","og_site_name":"Origin Pharma Packaging","article_publisher":"https:\/\/www.facebook.com\/originpharmapackaging","article_modified_time":"2024-05-23T10:50:39+00:00","og_image":[{"width":2560,"height":1753,"url":"https:\/\/cdn.originltd.com\/wp-content\/uploads\/2023\/11\/003-copy-scaled.jpg","type":"image\/jpeg"}],"twitter_card":"summary_large_image","twitter_site":"@originpharma","twitter_misc":{"Dur\u00e9e de lecture estim\u00e9e":"1 minute"},"schema":{"@context":"https:\/\/schema.org","@graph":[{"@type":"WebPage","@id":"https:\/\/www.originltd.com\/de\/produkt\/sharps-disposal-containers-and-bins\/","url":"https:\/\/www.originltd.com\/de\/produkt\/sharps-disposal-containers-and-bins\/","name":"Conteneurs et bacs d'\u00e9limination des objets tranchants | Origin Pharma Packaging","isPartOf":{"@id":"https:\/\/www.originltd.com\/#website"},"primaryImageOfPage":{"@id":"https:\/\/www.originltd.com\/de\/produkt\/sharps-disposal-containers-and-bins\/#primaryimage"},"image":{"@id":"https:\/\/www.originltd.com\/de\/produkt\/sharps-disposal-containers-and-bins\/#primaryimage"},"thumbnailUrl":"https:\/\/www.originltd.com\/wp-content\/uploads\/2023\/11\/003-copy-scaled.jpg","datePublished":"2023-11-03T11:03:24+00:00","dateModified":"2024-05-23T10:50:39+00:00","description":"La gamme de conteneurs pour objets tranchants d'Origin offre une solution s\u00fbre et s\u00e9curis\u00e9e pour la collecte et l'\u00e9limination des objets tranchants. Cliquez ici pour en savoir plus.","breadcrumb":{"@id":"https:\/\/www.originltd.com\/de\/produkt\/sharps-disposal-containers-and-bins\/#breadcrumb"},"inLanguage":"fr-FR","potentialAction":[{"@type":"ReadAction","target":["https:\/\/www.originltd.com\/de\/produkt\/sharps-disposal-containers-and-bins\/"]}]},{"@type":"ImageObject","inLanguage":"fr-FR","@id":"https:\/\/www.originltd.com\/de\/produkt\/sharps-disposal-containers-and-bins\/#primaryimage","url":"https:\/\/www.originltd.com\/wp-content\/uploads\/2023\/11\/003-copy-scaled.jpg","contentUrl":"https:\/\/www.originltd.com\/wp-content\/uploads\/2023\/11\/003-copy-scaled.jpg","width":2560,"height":1753,"caption":"Sharps Disposal Containers and Bins"},{"@type":"BreadcrumbList","@id":"https:\/\/www.originltd.com\/de\/produkt\/sharps-disposal-containers-and-bins\/#breadcrumb","itemListElement":[{"@type":"ListItem","position":1,"name":"Home","item":"https:\/\/www.originltd.com\/"},{"@type":"ListItem","position":2,"name":"Pharmaceutical Packaging Products","item":"https:\/\/www.originltd.com\/pharmaceutical-packaging\/"},{"@type":"ListItem","position":3,"name":"Pharmacy Packaging","item":"https:\/\/www.originltd.com\/packaging\/pharmacy-packaging\/"},{"@type":"ListItem","position":4,"name":"Sharps Containers","item":"https:\/\/www.originltd.com\/packaging\/pharmacy-packaging\/sharps-containers\/"},{"@type":"ListItem","position":5,"name":"Sharps Disposal Containers and Bins"}]},{"@type":"WebSite","@id":"https:\/\/www.originltd.com\/#website","url":"https:\/\/www.originltd.com\/","name":"Origin Pharma Packaging","description":"","publisher":{"@id":"https:\/\/www.originltd.com\/#organization"},"alternateName":"Origin Ltd.","potentialAction":[{"@type":"SearchAction","target":{"@type":"EntryPoint","urlTemplate":"https:\/\/www.originltd.com\/?s={search_term_string}"},"query-input":{"@type":"PropertyValueSpecification","valueRequired":true,"valueName":"search_term_string"}}],"inLanguage":"fr-FR"},{"@type":"Organization","@id":"https:\/\/www.originltd.com\/#organization","name":"Origin Pharma Packaging","url":"https:\/\/www.originltd.com\/","logo":{"@type":"ImageObject","inLanguage":"fr-FR","@id":"https:\/\/www.originltd.com\/#\/schema\/logo\/image\/","url":"https:\/\/www.originltd.com\/wp-content\/uploads\/2024\/06\/cropped-Origin-logo-For-Health-For-Life-RGB@10x.png","contentUrl":"https:\/\/www.originltd.com\/wp-content\/uploads\/2024\/06\/cropped-Origin-logo-For-Health-For-Life-RGB@10x.png","width":227,"height":65,"caption":"Origin Pharma Packaging"},"image":{"@id":"https:\/\/www.originltd.com\/#\/schema\/logo\/image\/"},"sameAs":["https:\/\/www.facebook.com\/originpharmapackaging","https:\/\/x.com\/originpharma","https:\/\/www.linkedin.com\/company\/origin-packaging-ltd\/","https:\/\/www.youtube.com\/channel\/UCOOJl3eFOiO7lJT6f5qHygA"]}]}},"_links":{"self":[{"href":"https:\/\/www.originltd.com\/fr\/wp-json\/wp\/v2\/product\/10454","targetHints":{"allow":["GET"]}}],"collection":[{"href":"https:\/\/www.originltd.com\/fr\/wp-json\/wp\/v2\/product"}],"about":[{"href":"https:\/\/www.originltd.com\/fr\/wp-json\/wp\/v2\/types\/product"}],"replies":[{"embeddable":true,"href":"https:\/\/www.originltd.com\/fr\/wp-json\/wp\/v2\/comments?post=10454"}],"wp:featuredmedia":[{"embeddable":true,"href":"https:\/\/www.originltd.com\/fr\/wp-json\/wp\/v2\/media\/10457"}],"wp:attachment":[{"href":"https:\/\/www.originltd.com\/fr\/wp-json\/wp\/v2\/media?parent=10454"}],"wp:term":[{"taxonomy":"product_brand","embeddable":true,"href":"https:\/\/www.originltd.com\/fr\/wp-json\/wp\/v2\/product_brand?post=10454"},{"taxonomy":"product_cat","embeddable":true,"href":"https:\/\/www.originltd.com\/fr\/wp-json\/wp\/v2\/product_cat?post=10454"},{"taxonomy":"product_tag","embeddable":true,"href":"https:\/\/www.originltd.com\/fr\/wp-json\/wp\/v2\/product_tag?post=10454"}],"curies":[{"name":"wp","href":"https:\/\/api.w.org\/{rel}","templated":true}]}}