
{"id":1110,"date":"2018-02-07T16:47:46","date_gmt":"2018-02-07T16:47:46","guid":{"rendered":"https:\/\/dev.originltd.com\/?post_type=product&#038;p=1110"},"modified":"2025-10-07T16:18:09","modified_gmt":"2025-10-07T15:18:09","slug":"winchester-bottles","status":"publish","type":"product","link":"https:\/\/originltd.com\/fr\/product\/winchester-bottles\/","title":{"rendered":"Les flacons du mod\u00e8le Winchester de 10 \u00e0 1000 ml"},"content":{"rendered":"<p><span style=\"font-weight: 400;\">Vous pouvez commander nos flacons Winchester en verre transparent ou ambr\u00e9. Notre gamme vari\u00e9e de formats comprend des flacons Winchester de 10 ml, des flacons Winchester en verre de 150 ml, des flacons Winchester de 1000 ml et bien d'autres options encore.<\/span><\/p>","protected":false},"excerpt":{"rendered":"<p><span style=\"font-weight: 400;\">Notre <\/span><span style=\"font-weight: 400;\">10ml-1000ml <\/span><span style=\"font-weight: 400;\">Winchester <\/span><span style=\"font-weight: 400;\">bouteilles<\/span><span style=\"font-weight: 400;\"> sont fabriqu\u00e9s pour \u00eatre tr\u00e8s r\u00e9sistants<\/span><span style=\"font-weight: 400;\">ce qui en fait une option tr\u00e8s polyvalente pour toute une s\u00e9rie de substances. Ils sont <\/span><span style=\"font-weight: 400;\">le meilleur <\/span><a href=\"https:\/\/originltd.com\/fr\/packaging\/glass\/glass-bottles\/\"><span style=\"font-weight: 400;\">emballage des bouteilles en verre<\/span><\/a><span style=\"font-weight: 400;\"> solution pour <\/span><span style=\"font-weight: 400;\">m\u00e9lange, stockage<\/span><span style=\"font-weight: 400;\"> mais aussi <\/span><span style=\"font-weight: 400;\">distribution de produits chimiques<\/span><span style=\"font-weight: 400;\"> les liquides pharmaceutiques et les huiles d'aromath\u00e9rapie.<\/span><\/p>\n<p><span style=\"font-weight: 400;\">Nous fournissons des bouteilles Winchester transparentes et ambr\u00e9es. Nos <\/span><a href=\"https:\/\/originltd.com\/fr\/packaging\/clear-glass-bottles\/\"><span style=\"font-weight: 400;\">bouteilles en verre transparent<\/span><\/a><span style=\"font-weight: 400;\"> permettent de visualiser leur contenu, tandis que nos <\/span><a href=\"https:\/\/originltd.com\/fr\/packaging\/amber-glass-bottles\/\"><span style=\"font-weight: 400;\">bouteilles en verre ambr\u00e9<\/span><\/a><span style=\"font-weight: 400;\"> prot\u00e9ger contre la d\u00e9gradation due aux UV.<\/span><\/p>\n<h3><span style=\"font-weight: 400;\">Caract\u00e9ristiques principales :<\/span><\/h3>\n<ul>\n<li style=\"font-weight: 400;\" aria-level=\"1\"><span style=\"font-weight: 400;\">Bouteilles robustes pour une protection fiable<\/span><\/li>\n<li style=\"font-weight: 400;\" aria-level=\"1\"><span style=\"font-weight: 400;\">Inerte et non r\u00e9actif aux produits chimiques<\/span><\/li>\n<li style=\"font-weight: 400;\" aria-level=\"1\"><span style=\"font-weight: 400;\">Disponible en <\/span><span style=\"font-weight: 400;\">clair<\/span><span style=\"font-weight: 400;\"> mais aussi <\/span><span style=\"font-weight: 400;\">ambre<\/span><\/li>\n<li style=\"font-weight: 400;\" aria-level=\"1\"><span style=\"font-weight: 400;\">Une gamme<\/span><span style=\"font-weight: 400;\"> d'options de fermeture disponibles<\/span><\/li>\n<li style=\"font-weight: 400;\" aria-level=\"1\"><span style=\"font-weight: 400;\">Les tailles s\u00e9lectionn\u00e9es peuvent \u00eatre utilis\u00e9es avec <\/span><a href=\"https:\/\/originltd.com\/fr\/packaging\/child-resistant-packaging\/closures\/\"><span style=\"font-weight: 400;\">fermetures \u00e0 l'\u00e9preuve des enfants<\/span><\/a><\/li>\n<\/ul>\n<h3><span style=\"font-weight: 400;\">Utilisations appropri\u00e9es :<\/span><\/h3>\n<ul>\n<li style=\"font-weight: 400;\" aria-level=\"1\"><span style=\"font-weight: 400;\">Id\u00e9al pour le m\u00e9lange, le stockage et la distribution<\/span><\/li>\n<li style=\"font-weight: 400;\" aria-level=\"1\"><span style=\"font-weight: 400;\">Convient pour les solutions chimiques, les liquides pharmaceutiques et les huiles d'aromath\u00e9rapie.<\/span><\/li>\n<\/ul>","protected":false},"featured_media":4103,"comment_status":"open","ping_status":"closed","template":"","meta":{"_acf_changed":false},"product_brand":[],"product_cat":[2224,2185,119,2225,2227,2228,2226,2223,95],"product_tag":[],"class_list":{"0":"post-1110","1":"product","2":"type-product","3":"status-publish","4":"has-post-thumbnail","6":"product_cat-cbd","7":"product_cat-cosmetic-containers","8":"product_cat-cosmetic-bottles","9":"product_cat-home-fragrance","10":"product_cat-lifestyle","11":"product_cat-perfume","12":"product_cat-personal-fragrance","13":"product_cat-skincare-bodycare","14":"product_cat-glass","16":"first","17":"instock","18":"sold-individually","19":"shipping-taxable","20":"purchasable","21":"product-type-simple"},"acf":[],"yoast_head":"<!-- This site is optimized with the Yoast SEO plugin v27.3 - https:\/\/yoast.com\/product\/yoast-seo-wordpress\/ -->\n<title>10ml-1000ml Winchester Bottles | Origin Pharma Packaging<\/title>\n<meta name=\"description\" content=\"Choose 10ml-1000ml Winchester bottles for wholesale order at Origin. These are available in both clear and amber glass and are highly durable.\" \/>\n<meta name=\"robots\" content=\"index, follow, max-snippet:-1, max-image-preview:large, max-video-preview:-1\" \/>\n<link rel=\"canonical\" href=\"https:\/\/originltd.com\/fr\/produit\/winchester-bottles\/\" \/>\n<meta property=\"og:locale\" content=\"fr_FR\" \/>\n<meta property=\"og:type\" content=\"article\" \/>\n<meta property=\"og:title\" content=\"10ml-1000ml Winchester Bottles | Origin Pharma Packaging\" \/>\n<meta property=\"og:description\" content=\"Choose 10ml-1000ml Winchester bottles for wholesale order at Origin. These are available in both clear and amber glass and are highly durable.\" \/>\n<meta property=\"og:url\" content=\"https:\/\/originltd.com\/fr\/produit\/winchester-bottles\/\" \/>\n<meta property=\"og:site_name\" content=\"Origin Pharma Packaging\" \/>\n<meta property=\"article:publisher\" content=\"https:\/\/www.facebook.com\/originpharmapackaging\" \/>\n<meta property=\"article:modified_time\" content=\"2025-10-07T15:18:09+00:00\" \/>\n<meta property=\"og:image\" content=\"https:\/\/originltd.com\/wp-content\/uploads\/2018\/02\/J4Z41Yjo-scaled.jpeg\" \/>\n\t<meta property=\"og:image:width\" content=\"1707\" \/>\n\t<meta property=\"og:image:height\" content=\"2560\" \/>\n\t<meta property=\"og:image:type\" content=\"image\/jpeg\" \/>\n<meta name=\"twitter:card\" content=\"summary_large_image\" \/>\n<meta name=\"twitter:site\" content=\"@originpharma\" \/>\n<meta name=\"twitter:label1\" content=\"Dur\u00e9e de lecture estim\u00e9e\" \/>\n\t<meta name=\"twitter:data1\" content=\"1 minute\" \/>\n<script type=\"application\/ld+json\" class=\"yoast-schema-graph\">{\"@context\":\"https:\\\/\\\/schema.org\",\"@graph\":[{\"@type\":\"WebPage\",\"@id\":\"https:\\\/\\\/originltd.com\\\/fr\\\/produit\\\/winchester-bottles\\\/\",\"url\":\"https:\\\/\\\/originltd.com\\\/fr\\\/produit\\\/winchester-bottles\\\/\",\"name\":\"10ml-1000ml Winchester Bottles | Origin Pharma Packaging\",\"isPartOf\":{\"@id\":\"https:\\\/\\\/originltd.com\\\/#website\"},\"primaryImageOfPage\":{\"@id\":\"https:\\\/\\\/originltd.com\\\/fr\\\/produit\\\/winchester-bottles\\\/#primaryimage\"},\"image\":{\"@id\":\"https:\\\/\\\/originltd.com\\\/fr\\\/produit\\\/winchester-bottles\\\/#primaryimage\"},\"thumbnailUrl\":\"https:\\\/\\\/originltd.com\\\/wp-content\\\/uploads\\\/2018\\\/02\\\/J4Z41Yjo-scaled.jpeg\",\"datePublished\":\"2018-02-07T16:47:46+00:00\",\"dateModified\":\"2025-10-07T15:18:09+00:00\",\"description\":\"Choose 10ml-1000ml Winchester bottles for wholesale order at Origin. These are available in both clear and amber glass and are highly durable.\",\"breadcrumb\":{\"@id\":\"https:\\\/\\\/originltd.com\\\/fr\\\/produit\\\/winchester-bottles\\\/#breadcrumb\"},\"inLanguage\":\"fr-FR\",\"potentialAction\":[{\"@type\":\"ReadAction\",\"target\":[\"https:\\\/\\\/originltd.com\\\/fr\\\/produit\\\/winchester-bottles\\\/\"]}]},{\"@type\":\"ImageObject\",\"inLanguage\":\"fr-FR\",\"@id\":\"https:\\\/\\\/originltd.com\\\/fr\\\/produit\\\/winchester-bottles\\\/#primaryimage\",\"url\":\"https:\\\/\\\/originltd.com\\\/wp-content\\\/uploads\\\/2018\\\/02\\\/J4Z41Yjo-scaled.jpeg\",\"contentUrl\":\"https:\\\/\\\/originltd.com\\\/wp-content\\\/uploads\\\/2018\\\/02\\\/J4Z41Yjo-scaled.jpeg\",\"width\":1707,\"height\":2560,\"caption\":\"Glass winchester bottle\"},{\"@type\":\"BreadcrumbList\",\"@id\":\"https:\\\/\\\/originltd.com\\\/fr\\\/produit\\\/winchester-bottles\\\/#breadcrumb\",\"itemListElement\":[{\"@type\":\"ListItem\",\"position\":1,\"name\":\"Home\",\"item\":\"https:\\\/\\\/originltd.com\\\/\"},{\"@type\":\"ListItem\",\"position\":2,\"name\":\"Pharmaceutical Packaging Products\",\"item\":\"https:\\\/\\\/originltd.com\\\/pharmaceutical-packaging\\\/\"},{\"@type\":\"ListItem\",\"position\":3,\"name\":\"Wholesale Glass Packaging\",\"item\":\"https:\\\/\\\/originltd.com\\\/packaging\\\/glass\\\/\"},{\"@type\":\"ListItem\",\"position\":4,\"name\":\"10ml-1000ml Winchester Bottles\"}]},{\"@type\":\"WebSite\",\"@id\":\"https:\\\/\\\/originltd.com\\\/#website\",\"url\":\"https:\\\/\\\/originltd.com\\\/\",\"name\":\"Origin Pharma Packaging\",\"description\":\"\",\"publisher\":{\"@id\":\"https:\\\/\\\/originltd.com\\\/#organization\"},\"alternateName\":\"Origin Ltd.\",\"potentialAction\":[{\"@type\":\"SearchAction\",\"target\":{\"@type\":\"EntryPoint\",\"urlTemplate\":\"https:\\\/\\\/originltd.com\\\/?s={search_term_string}\"},\"query-input\":{\"@type\":\"PropertyValueSpecification\",\"valueRequired\":true,\"valueName\":\"search_term_string\"}}],\"inLanguage\":\"fr-FR\"},{\"@type\":\"Organization\",\"@id\":\"https:\\\/\\\/originltd.com\\\/#organization\",\"name\":\"Origin Pharma Packaging\",\"url\":\"https:\\\/\\\/originltd.com\\\/\",\"logo\":{\"@type\":\"ImageObject\",\"inLanguage\":\"fr-FR\",\"@id\":\"https:\\\/\\\/originltd.com\\\/#\\\/schema\\\/logo\\\/image\\\/\",\"url\":\"https:\\\/\\\/originltd.com\\\/wp-content\\\/uploads\\\/2024\\\/06\\\/cropped-Origin-logo-For-Health-For-Life-RGB@10x.png\",\"contentUrl\":\"https:\\\/\\\/originltd.com\\\/wp-content\\\/uploads\\\/2024\\\/06\\\/cropped-Origin-logo-For-Health-For-Life-RGB@10x.png\",\"width\":227,\"height\":65,\"caption\":\"Origin Pharma Packaging\"},\"image\":{\"@id\":\"https:\\\/\\\/originltd.com\\\/#\\\/schema\\\/logo\\\/image\\\/\"},\"sameAs\":[\"https:\\\/\\\/www.facebook.com\\\/originpharmapackaging\",\"https:\\\/\\\/x.com\\\/originpharma\",\"https:\\\/\\\/www.linkedin.com\\\/company\\\/origin-packaging-ltd\\\/\",\"https:\\\/\\\/www.youtube.com\\\/channel\\\/UCOOJl3eFOiO7lJT6f5qHygA\"]}]}<\/script>\n<!-- \/ Yoast SEO plugin. -->","yoast_head_json":{"title":"10ml-1000ml Winchester Bottles | Origin Pharma Packaging","description":"Choisissez les flacons Winchester 10ml-1000ml pour une commande en gros chez Origin. Elles sont disponibles en verre clair ou ambr\u00e9 et sont tr\u00e8s r\u00e9sistantes.","robots":{"index":"index","follow":"follow","max-snippet":"max-snippet:-1","max-image-preview":"max-image-preview:large","max-video-preview":"max-video-preview:-1"},"canonical":"https:\/\/originltd.com\/fr\/produit\/winchester-bottles\/","og_locale":"fr_FR","og_type":"article","og_title":"10ml-1000ml Winchester Bottles | Origin Pharma Packaging","og_description":"Choose 10ml-1000ml Winchester bottles for wholesale order at Origin. These are available in both clear and amber glass and are highly durable.","og_url":"https:\/\/originltd.com\/fr\/produit\/winchester-bottles\/","og_site_name":"Origin Pharma Packaging","article_publisher":"https:\/\/www.facebook.com\/originpharmapackaging","article_modified_time":"2025-10-07T15:18:09+00:00","og_image":[{"width":1707,"height":2560,"url":"https:\/\/originltd.com\/wp-content\/uploads\/2018\/02\/J4Z41Yjo-scaled.jpeg","type":"image\/jpeg"}],"twitter_card":"summary_large_image","twitter_site":"@originpharma","twitter_misc":{"Dur\u00e9e de lecture estim\u00e9e":"1 minute"},"schema":{"@context":"https:\/\/schema.org","@graph":[{"@type":"WebPage","@id":"https:\/\/originltd.com\/fr\/produit\/winchester-bottles\/","url":"https:\/\/originltd.com\/fr\/produit\/winchester-bottles\/","name":"10ml-1000ml Winchester Bottles | Origin Pharma Packaging","isPartOf":{"@id":"https:\/\/originltd.com\/#website"},"primaryImageOfPage":{"@id":"https:\/\/originltd.com\/fr\/produit\/winchester-bottles\/#primaryimage"},"image":{"@id":"https:\/\/originltd.com\/fr\/produit\/winchester-bottles\/#primaryimage"},"thumbnailUrl":"https:\/\/originltd.com\/wp-content\/uploads\/2018\/02\/J4Z41Yjo-scaled.jpeg","datePublished":"2018-02-07T16:47:46+00:00","dateModified":"2025-10-07T15:18:09+00:00","description":"Choisissez les flacons Winchester 10ml-1000ml pour une commande en gros chez Origin. Elles sont disponibles en verre clair ou ambr\u00e9 et sont tr\u00e8s r\u00e9sistantes.","breadcrumb":{"@id":"https:\/\/originltd.com\/fr\/produit\/winchester-bottles\/#breadcrumb"},"inLanguage":"fr-FR","potentialAction":[{"@type":"ReadAction","target":["https:\/\/originltd.com\/fr\/produit\/winchester-bottles\/"]}]},{"@type":"ImageObject","inLanguage":"fr-FR","@id":"https:\/\/originltd.com\/fr\/produit\/winchester-bottles\/#primaryimage","url":"https:\/\/originltd.com\/wp-content\/uploads\/2018\/02\/J4Z41Yjo-scaled.jpeg","contentUrl":"https:\/\/originltd.com\/wp-content\/uploads\/2018\/02\/J4Z41Yjo-scaled.jpeg","width":1707,"height":2560,"caption":"Glass winchester bottle"},{"@type":"BreadcrumbList","@id":"https:\/\/originltd.com\/fr\/produit\/winchester-bottles\/#breadcrumb","itemListElement":[{"@type":"ListItem","position":1,"name":"Home","item":"https:\/\/originltd.com\/"},{"@type":"ListItem","position":2,"name":"Pharmaceutical Packaging Products","item":"https:\/\/originltd.com\/pharmaceutical-packaging\/"},{"@type":"ListItem","position":3,"name":"Wholesale Glass Packaging","item":"https:\/\/originltd.com\/packaging\/glass\/"},{"@type":"ListItem","position":4,"name":"10ml-1000ml Winchester Bottles"}]},{"@type":"WebSite","@id":"https:\/\/originltd.com\/#website","url":"https:\/\/originltd.com\/","name":"Origin Pharma Packaging","description":"","publisher":{"@id":"https:\/\/originltd.com\/#organization"},"alternateName":"Origin Ltd.","potentialAction":[{"@type":"SearchAction","target":{"@type":"EntryPoint","urlTemplate":"https:\/\/originltd.com\/?s={search_term_string}"},"query-input":{"@type":"PropertyValueSpecification","valueRequired":true,"valueName":"search_term_string"}}],"inLanguage":"fr-FR"},{"@type":"Organization","@id":"https:\/\/originltd.com\/#organization","name":"Origin Pharma Packaging","url":"https:\/\/originltd.com\/","logo":{"@type":"ImageObject","inLanguage":"fr-FR","@id":"https:\/\/originltd.com\/#\/schema\/logo\/image\/","url":"https:\/\/originltd.com\/wp-content\/uploads\/2024\/06\/cropped-Origin-logo-For-Health-For-Life-RGB@10x.png","contentUrl":"https:\/\/originltd.com\/wp-content\/uploads\/2024\/06\/cropped-Origin-logo-For-Health-For-Life-RGB@10x.png","width":227,"height":65,"caption":"Origin Pharma Packaging"},"image":{"@id":"https:\/\/originltd.com\/#\/schema\/logo\/image\/"},"sameAs":["https:\/\/www.facebook.com\/originpharmapackaging","https:\/\/x.com\/originpharma","https:\/\/www.linkedin.com\/company\/origin-packaging-ltd\/","https:\/\/www.youtube.com\/channel\/UCOOJl3eFOiO7lJT6f5qHygA"]}]}},"_links":{"self":[{"href":"https:\/\/originltd.com\/fr\/wp-json\/wp\/v2\/product\/1110","targetHints":{"allow":["GET"]}}],"collection":[{"href":"https:\/\/originltd.com\/fr\/wp-json\/wp\/v2\/product"}],"about":[{"href":"https:\/\/originltd.com\/fr\/wp-json\/wp\/v2\/types\/product"}],"replies":[{"embeddable":true,"href":"https:\/\/originltd.com\/fr\/wp-json\/wp\/v2\/comments?post=1110"}],"wp:featuredmedia":[{"embeddable":true,"href":"https:\/\/originltd.com\/fr\/wp-json\/wp\/v2\/media\/4103"}],"wp:attachment":[{"href":"https:\/\/originltd.com\/fr\/wp-json\/wp\/v2\/media?parent=1110"}],"wp:term":[{"taxonomy":"product_brand","embeddable":true,"href":"https:\/\/originltd.com\/fr\/wp-json\/wp\/v2\/product_brand?post=1110"},{"taxonomy":"product_cat","embeddable":true,"href":"https:\/\/originltd.com\/fr\/wp-json\/wp\/v2\/product_cat?post=1110"},{"taxonomy":"product_tag","embeddable":true,"href":"https:\/\/originltd.com\/fr\/wp-json\/wp\/v2\/product_tag?post=1110"}],"curies":[{"name":"wp","href":"https:\/\/api.w.org\/{rel}","templated":true}]}}