
{"id":1181,"date":"2018-02-07T16:48:30","date_gmt":"2018-02-07T16:48:30","guid":{"rendered":"https:\/\/dev.originltd.com\/product\/pet-ready-to-fill-vials\/"},"modified":"2024-05-02T15:31:55","modified_gmt":"2024-05-02T14:31:55","slug":"pet-ready-to-fill-vials","status":"publish","type":"product","link":"https:\/\/originltd.com\/fr\/product\/pet-ready-to-fill-vials\/","title":{"rendered":"Flacons PET pr\u00eats \u00e0 remplir 50ml-500ml"},"content":{"rendered":"","protected":false},"excerpt":{"rendered":"<p>Nos fioles pr\u00eates \u00e0 l'emploi sont produites en respectant des crit\u00e8res de qualit\u00e9 tr\u00e8s stricts et sont ensuite st\u00e9rilis\u00e9es, afin d'\u00e9viter d'avoir \u00e0 d\u00e9ployer tout un bataillon de process industriels pr\u00e9paratoires comme le lavage, le s\u00e9chage et la st\u00e9rilisation, lesquels se d\u00e9roulent g\u00e9n\u00e9ralement sur le site de fabrication des produits pharmaceutiques, \navant le conditionnement dudit m\u00e9dicament.<\/p>\n<p>Ces \u00e9tapes de pr\u00e9traitement g\u00e9n\u00e9ralement effectu\u00e9es sur le site de remplissage repr\u00e9sentent une charge importante pour les fabricants de m\u00e9dicaments qui sont constamment sous pression pour r\u00e9duire les co\u00fbts et am\u00e9liorer l'efficacit\u00e9 de leurs lignes de remplissage. La RTF est de plus en plus reconnue pour ses avantages significatifs et le concept se d\u00e9veloppe sous de nombreuses formes. Les produits tubulaires en verre et les seringues sont d\u00e9sormais courants et l'introduction de flacons RTF st\u00e9riles en plastique est une progression \u00e9vidente.<\/p>\n<p>En bref, ces flacons RTF en plastique (pet) sont produits et emball\u00e9s en Europe \u00e0 l'aide de mat\u00e9riaux conformes aux normes pharmaceutiques, dans un environnement st\u00e9rile et en salle blanche. Les produits sont ensuite st\u00e9rilis\u00e9s dans leur emballage d'origine afin de conserver leur int\u00e9grit\u00e9, avant d'\u00eatre livr\u00e9s directement \u00e0 votre cha\u00eene de production. La cha\u00eene de production st\u00e9rile est ainsi aussi proche que possible de votre propre cha\u00eene de production st\u00e9rile.<\/p>\n<p>En faisant intervenir la cha\u00eene d'approvisionnement de la soci\u00e9t\u00e9 Origin, nous serons \u00e9galement en mesure de vous livrer les quantit\u00e9s exactes souhait\u00e9es, accompagn\u00e9es des documents idoines relatifs au lot consid\u00e9r\u00e9. Les \u00e9conomies r\u00e9alis\u00e9es en termes de co\u00fbts et d' efficacit\u00e9 cr\u00e8vent les yeux!<\/p>\n<p><strong>Elles vous sont aussi propos\u00e9es en polypropyl\u00e8ne.<\/strong><\/p>\n<p>Les flacons pr\u00eats-\u00e0-remplir permettent en g\u00e9n\u00e9ral de :<\/p>\n<ul>\n<li>r\u00e9duire les inspections, essais et modifications ;<\/li>\n<li>mais aussi de r\u00e9duire les documents \u00e0 pr\u00e9senter et autres formalit\u00e9s  ;<\/li>\n<li>et enfin de se d\u00e9barrasser des process pr\u00e9paratoires et du mat\u00e9riel n\u00e9cessaire au lavage.<\/li>\n<li>r\u00e9duire l'espace n\u00e9cessaire \u00e0 la production ;<\/li>\n<li>diminuer les stocks et la cadence des travaux en cours ;<\/li>\n<li>d'all\u00e9ger la planification des ressources de production.<\/li>\n<\/ul>\n<p>Nous sommes impatients de pouvoir envisager ensemble les modalit\u00e9s nous permettant \nd'adapter nos prestations aux attentes particuli\u00e8res qui seront les v\u00f4tres.<\/p>","protected":false},"featured_media":3503,"comment_status":"open","ping_status":"closed","template":"","meta":{"_acf_changed":false},"product_brand":[],"product_cat":[107,2206,96,2188],"product_tag":[],"class_list":{"0":"post-1181","1":"product","2":"type-product","3":"status-publish","4":"has-post-thumbnail","6":"product_cat-pet-bottles","7":"product_cat-pharmaceutical-packaging","8":"product_cat-plastic","9":"product_cat-round-bottles","11":"first","12":"instock","13":"sold-individually","14":"shipping-taxable","15":"purchasable","16":"product-type-simple"},"acf":[],"yoast_head":"<!-- This site is optimized with the Yoast SEO plugin v27.4 - https:\/\/yoast.com\/product\/yoast-seo-wordpress\/ -->\n<title>PET Ready to Fill Vials | Origin Pharma Packaging<\/title>\n<meta name=\"description\" content=\"Find out about &lt;ready to fill vials available from Origin, bulk supplier of packaging for use in the pharmaceutical industry. Order a sample or get in touch for more details.\" \/>\n<meta name=\"robots\" content=\"index, follow, max-snippet:-1, max-image-preview:large, max-video-preview:-1\" \/>\n<link rel=\"canonical\" href=\"https:\/\/originltd.com\/fr\/produit\/pet-ready-to-fill-vials\/\" \/>\n<meta property=\"og:locale\" content=\"fr_FR\" \/>\n<meta property=\"og:type\" content=\"article\" \/>\n<meta property=\"og:title\" content=\"PET Ready to Fill Vials | Origin Pharma Packaging\" \/>\n<meta property=\"og:description\" content=\"Find out about &lt;ready to fill vials available from Origin, bulk supplier of packaging for use in the pharmaceutical industry. Order a sample or get in touch for more details.\" \/>\n<meta property=\"og:url\" content=\"https:\/\/originltd.com\/fr\/produit\/pet-ready-to-fill-vials\/\" \/>\n<meta property=\"og:site_name\" content=\"Origin Pharma Packaging\" \/>\n<meta property=\"article:publisher\" content=\"https:\/\/www.facebook.com\/originpharmapackaging\" \/>\n<meta property=\"article:modified_time\" content=\"2024-05-02T14:31:55+00:00\" \/>\n<meta property=\"og:image\" content=\"https:\/\/originltd.com\/wp-content\/uploads\/2018\/03\/vial-vet-scaled.jpg\" \/>\n\t<meta property=\"og:image:width\" content=\"1707\" \/>\n\t<meta property=\"og:image:height\" content=\"2560\" \/>\n\t<meta property=\"og:image:type\" content=\"image\/jpeg\" \/>\n<meta name=\"twitter:card\" content=\"summary_large_image\" \/>\n<meta name=\"twitter:site\" content=\"@originpharma\" \/>\n<meta name=\"twitter:label1\" content=\"Dur\u00e9e de lecture estim\u00e9e\" \/>\n\t<meta name=\"twitter:data1\" content=\"1 minute\" \/>\n<script type=\"application\/ld+json\" class=\"yoast-schema-graph\">{\"@context\":\"https:\\\/\\\/schema.org\",\"@graph\":[{\"@type\":\"WebPage\",\"@id\":\"https:\\\/\\\/originltd.com\\\/product\\\/pet-ready-to-fill-vials\\\/\",\"url\":\"https:\\\/\\\/originltd.com\\\/product\\\/pet-ready-to-fill-vials\\\/\",\"name\":\"PET Ready to Fill Vials | Origin Pharma Packaging\",\"isPartOf\":{\"@id\":\"https:\\\/\\\/originltd.com\\\/#website\"},\"primaryImageOfPage\":{\"@id\":\"https:\\\/\\\/originltd.com\\\/product\\\/pet-ready-to-fill-vials\\\/#primaryimage\"},\"image\":{\"@id\":\"https:\\\/\\\/originltd.com\\\/product\\\/pet-ready-to-fill-vials\\\/#primaryimage\"},\"thumbnailUrl\":\"https:\\\/\\\/originltd.com\\\/wp-content\\\/uploads\\\/2018\\\/03\\\/vial-vet-scaled.jpg\",\"datePublished\":\"2018-02-07T16:48:30+00:00\",\"dateModified\":\"2024-05-02T14:31:55+00:00\",\"description\":\"Find out about &lt;ready to fill vials available from Origin, bulk supplier of packaging for use in the pharmaceutical industry. Order a sample or get in touch for more details.\",\"breadcrumb\":{\"@id\":\"https:\\\/\\\/originltd.com\\\/product\\\/pet-ready-to-fill-vials\\\/#breadcrumb\"},\"inLanguage\":\"fr-FR\",\"potentialAction\":[{\"@type\":\"ReadAction\",\"target\":[\"https:\\\/\\\/originltd.com\\\/product\\\/pet-ready-to-fill-vials\\\/\"]}]},{\"@type\":\"ImageObject\",\"inLanguage\":\"fr-FR\",\"@id\":\"https:\\\/\\\/originltd.com\\\/product\\\/pet-ready-to-fill-vials\\\/#primaryimage\",\"url\":\"https:\\\/\\\/originltd.com\\\/wp-content\\\/uploads\\\/2018\\\/03\\\/vial-vet-scaled.jpg\",\"contentUrl\":\"https:\\\/\\\/originltd.com\\\/wp-content\\\/uploads\\\/2018\\\/03\\\/vial-vet-scaled.jpg\",\"width\":1707,\"height\":2560,\"caption\":\"Ready to Use Vial\"},{\"@type\":\"BreadcrumbList\",\"@id\":\"https:\\\/\\\/originltd.com\\\/product\\\/pet-ready-to-fill-vials\\\/#breadcrumb\",\"itemListElement\":[{\"@type\":\"ListItem\",\"position\":1,\"name\":\"Home\",\"item\":\"https:\\\/\\\/originltd.com\\\/\"},{\"@type\":\"ListItem\",\"position\":2,\"name\":\"Pharmaceutical Packaging Products\",\"item\":\"https:\\\/\\\/originltd.com\\\/pharmaceutical-packaging\\\/\"},{\"@type\":\"ListItem\",\"position\":3,\"name\":\"Plastic Packaging\",\"item\":\"https:\\\/\\\/originltd.com\\\/packaging\\\/plastic\\\/\"},{\"@type\":\"ListItem\",\"position\":4,\"name\":\"50ml-500ml PET Ready to Fill Vials\"}]},{\"@type\":\"WebSite\",\"@id\":\"https:\\\/\\\/originltd.com\\\/#website\",\"url\":\"https:\\\/\\\/originltd.com\\\/\",\"name\":\"Origin Pharma Packaging\",\"description\":\"\",\"publisher\":{\"@id\":\"https:\\\/\\\/originltd.com\\\/#organization\"},\"alternateName\":\"Origin Ltd.\",\"potentialAction\":[{\"@type\":\"SearchAction\",\"target\":{\"@type\":\"EntryPoint\",\"urlTemplate\":\"https:\\\/\\\/originltd.com\\\/?s={search_term_string}\"},\"query-input\":{\"@type\":\"PropertyValueSpecification\",\"valueRequired\":true,\"valueName\":\"search_term_string\"}}],\"inLanguage\":\"fr-FR\"},{\"@type\":\"Organization\",\"@id\":\"https:\\\/\\\/originltd.com\\\/#organization\",\"name\":\"Origin Pharma Packaging\",\"url\":\"https:\\\/\\\/originltd.com\\\/\",\"logo\":{\"@type\":\"ImageObject\",\"inLanguage\":\"fr-FR\",\"@id\":\"https:\\\/\\\/originltd.com\\\/#\\\/schema\\\/logo\\\/image\\\/\",\"url\":\"https:\\\/\\\/originltd.com\\\/wp-content\\\/uploads\\\/2024\\\/06\\\/cropped-Origin-logo-For-Health-For-Life-RGB@10x.png\",\"contentUrl\":\"https:\\\/\\\/originltd.com\\\/wp-content\\\/uploads\\\/2024\\\/06\\\/cropped-Origin-logo-For-Health-For-Life-RGB@10x.png\",\"width\":227,\"height\":65,\"caption\":\"Origin Pharma Packaging\"},\"image\":{\"@id\":\"https:\\\/\\\/originltd.com\\\/#\\\/schema\\\/logo\\\/image\\\/\"},\"sameAs\":[\"https:\\\/\\\/www.facebook.com\\\/originpharmapackaging\",\"https:\\\/\\\/x.com\\\/originpharma\",\"https:\\\/\\\/www.linkedin.com\\\/company\\\/origin-packaging-ltd\\\/\",\"https:\\\/\\\/www.youtube.com\\\/channel\\\/UCOOJl3eFOiO7lJT6f5qHygA\"]}]}<\/script>\n<!-- \/ Yoast SEO plugin. -->","yoast_head_json":{"title":"Flacons PET pr\u00eats \u00e0 remplir - Origin Pharma Packaging","description":"D\u00e9couvrez les flacons pr\u00eats \u00e0 remplir disponibles chez Origin, fournisseur d'emballages en vrac pour l'industrie pharmaceutique. Commandez un \u00e9chantillon ou contactez-nous pour plus d'informations.","robots":{"index":"index","follow":"follow","max-snippet":"max-snippet:-1","max-image-preview":"max-image-preview:large","max-video-preview":"max-video-preview:-1"},"canonical":"https:\/\/originltd.com\/fr\/produit\/pet-ready-to-fill-vials\/","og_locale":"fr_FR","og_type":"article","og_title":"PET Ready to Fill Vials | Origin Pharma Packaging","og_description":"Find out about &lt;ready to fill vials available from Origin, bulk supplier of packaging for use in the pharmaceutical industry. Order a sample or get in touch for more details.","og_url":"https:\/\/originltd.com\/fr\/produit\/pet-ready-to-fill-vials\/","og_site_name":"Origin Pharma Packaging","article_publisher":"https:\/\/www.facebook.com\/originpharmapackaging","article_modified_time":"2024-05-02T14:31:55+00:00","og_image":[{"width":1707,"height":2560,"url":"https:\/\/originltd.com\/wp-content\/uploads\/2018\/03\/vial-vet-scaled.jpg","type":"image\/jpeg"}],"twitter_card":"summary_large_image","twitter_site":"@originpharma","twitter_misc":{"Dur\u00e9e de lecture estim\u00e9e":"1 minute"},"schema":{"@context":"https:\/\/schema.org","@graph":[{"@type":"WebPage","@id":"https:\/\/originltd.com\/product\/pet-ready-to-fill-vials\/","url":"https:\/\/originltd.com\/product\/pet-ready-to-fill-vials\/","name":"Flacons PET pr\u00eats \u00e0 remplir - Origin Pharma Packaging","isPartOf":{"@id":"https:\/\/originltd.com\/#website"},"primaryImageOfPage":{"@id":"https:\/\/originltd.com\/product\/pet-ready-to-fill-vials\/#primaryimage"},"image":{"@id":"https:\/\/originltd.com\/product\/pet-ready-to-fill-vials\/#primaryimage"},"thumbnailUrl":"https:\/\/originltd.com\/wp-content\/uploads\/2018\/03\/vial-vet-scaled.jpg","datePublished":"2018-02-07T16:48:30+00:00","dateModified":"2024-05-02T14:31:55+00:00","description":"D\u00e9couvrez les flacons pr\u00eats \u00e0 remplir disponibles chez Origin, fournisseur d'emballages en vrac pour l'industrie pharmaceutique. Commandez un \u00e9chantillon ou contactez-nous pour plus d'informations.","breadcrumb":{"@id":"https:\/\/originltd.com\/product\/pet-ready-to-fill-vials\/#breadcrumb"},"inLanguage":"fr-FR","potentialAction":[{"@type":"ReadAction","target":["https:\/\/originltd.com\/product\/pet-ready-to-fill-vials\/"]}]},{"@type":"ImageObject","inLanguage":"fr-FR","@id":"https:\/\/originltd.com\/product\/pet-ready-to-fill-vials\/#primaryimage","url":"https:\/\/originltd.com\/wp-content\/uploads\/2018\/03\/vial-vet-scaled.jpg","contentUrl":"https:\/\/originltd.com\/wp-content\/uploads\/2018\/03\/vial-vet-scaled.jpg","width":1707,"height":2560,"caption":"Ready to Use Vial"},{"@type":"BreadcrumbList","@id":"https:\/\/originltd.com\/product\/pet-ready-to-fill-vials\/#breadcrumb","itemListElement":[{"@type":"ListItem","position":1,"name":"Home","item":"https:\/\/originltd.com\/"},{"@type":"ListItem","position":2,"name":"Pharmaceutical Packaging Products","item":"https:\/\/originltd.com\/pharmaceutical-packaging\/"},{"@type":"ListItem","position":3,"name":"Plastic Packaging","item":"https:\/\/originltd.com\/packaging\/plastic\/"},{"@type":"ListItem","position":4,"name":"50ml-500ml PET Ready to Fill Vials"}]},{"@type":"WebSite","@id":"https:\/\/originltd.com\/#website","url":"https:\/\/originltd.com\/","name":"Origin Pharma Packaging","description":"","publisher":{"@id":"https:\/\/originltd.com\/#organization"},"alternateName":"Origin Ltd.","potentialAction":[{"@type":"SearchAction","target":{"@type":"EntryPoint","urlTemplate":"https:\/\/originltd.com\/?s={search_term_string}"},"query-input":{"@type":"PropertyValueSpecification","valueRequired":true,"valueName":"search_term_string"}}],"inLanguage":"fr-FR"},{"@type":"Organization","@id":"https:\/\/originltd.com\/#organization","name":"Origin Pharma Packaging","url":"https:\/\/originltd.com\/","logo":{"@type":"ImageObject","inLanguage":"fr-FR","@id":"https:\/\/originltd.com\/#\/schema\/logo\/image\/","url":"https:\/\/originltd.com\/wp-content\/uploads\/2024\/06\/cropped-Origin-logo-For-Health-For-Life-RGB@10x.png","contentUrl":"https:\/\/originltd.com\/wp-content\/uploads\/2024\/06\/cropped-Origin-logo-For-Health-For-Life-RGB@10x.png","width":227,"height":65,"caption":"Origin Pharma Packaging"},"image":{"@id":"https:\/\/originltd.com\/#\/schema\/logo\/image\/"},"sameAs":["https:\/\/www.facebook.com\/originpharmapackaging","https:\/\/x.com\/originpharma","https:\/\/www.linkedin.com\/company\/origin-packaging-ltd\/","https:\/\/www.youtube.com\/channel\/UCOOJl3eFOiO7lJT6f5qHygA"]}]}},"_links":{"self":[{"href":"https:\/\/originltd.com\/fr\/wp-json\/wp\/v2\/product\/1181","targetHints":{"allow":["GET"]}}],"collection":[{"href":"https:\/\/originltd.com\/fr\/wp-json\/wp\/v2\/product"}],"about":[{"href":"https:\/\/originltd.com\/fr\/wp-json\/wp\/v2\/types\/product"}],"replies":[{"embeddable":true,"href":"https:\/\/originltd.com\/fr\/wp-json\/wp\/v2\/comments?post=1181"}],"wp:featuredmedia":[{"embeddable":true,"href":"https:\/\/originltd.com\/fr\/wp-json\/wp\/v2\/media\/3503"}],"wp:attachment":[{"href":"https:\/\/originltd.com\/fr\/wp-json\/wp\/v2\/media?parent=1181"}],"wp:term":[{"taxonomy":"product_brand","embeddable":true,"href":"https:\/\/originltd.com\/fr\/wp-json\/wp\/v2\/product_brand?post=1181"},{"taxonomy":"product_cat","embeddable":true,"href":"https:\/\/originltd.com\/fr\/wp-json\/wp\/v2\/product_cat?post=1181"},{"taxonomy":"product_tag","embeddable":true,"href":"https:\/\/originltd.com\/fr\/wp-json\/wp\/v2\/product_tag?post=1181"}],"curies":[{"name":"wp","href":"https:\/\/api.w.org\/{rel}","templated":true}]}}