
{"id":11888,"date":"2024-08-13T09:52:23","date_gmt":"2024-08-13T08:52:23","guid":{"rendered":"https:\/\/originltd.in-beta.dev\/?post_type=product&#038;p=11888"},"modified":"2025-10-07T15:14:53","modified_gmt":"2025-10-07T14:14:53","slug":"ready-to-use-sterile-type-1-vials","status":"publish","type":"product","link":"https:\/\/originltd.com\/fr\/product\/ready-to-use-sterile-type-1-vials\/","title":{"rendered":"Pr\u00eat \u00e0 l'emploi, flacons st\u00e9riles de type 1"},"content":{"rendered":"","protected":false},"excerpt":{"rendered":"<p>Origin assure les activit\u00e9s essentielles \u00e0 la pr\u00e9paration du verre avant le remplissage st\u00e9rile ou aseptique, facilitant ainsi des op\u00e9rations de remplissage plus dynamiques et r\u00e9duisant le co\u00fbt total de possession.<\/p>\n<p>Id\u00e9al pour les installations de volume moyen avec des changements de taille de remplissage ou d'autres changements de production, r\u00e9duisant les co\u00fbts et les risques associ\u00e9s aux activit\u00e9s WFI et depyro en ligne.<\/p>\n<ul>\n<li>Moul\u00e9 ou tubulaire<\/li>\n<li>WFI (Water For Injection) Lav\u00e9<\/li>\n<li>D\u00e9pyrog\u00e9n\u00e9s \/ Endotoxines contr\u00f4l\u00e9es<\/li>\n<li>St\u00e9rile valid\u00e9<\/li>\n<li>Format d'emballage des tubes ou plateaux embo\u00eet\u00e9s<\/li>\n<\/ul>","protected":false},"featured_media":11890,"comment_status":"closed","ping_status":"closed","template":"","meta":{"_acf_changed":false},"product_brand":[],"product_cat":[2185,2225,2227,95],"product_tag":[],"class_list":{"0":"post-11888","1":"product","2":"type-product","3":"status-publish","4":"has-post-thumbnail","6":"product_cat-cosmetic-containers","7":"product_cat-home-fragrance","8":"product_cat-lifestyle","9":"product_cat-glass","11":"first","12":"instock","13":"sold-individually","14":"shipping-taxable","15":"product-type-simple"},"acf":[],"yoast_head":"<!-- This site is optimized with the Yoast SEO plugin v27.3 - https:\/\/yoast.com\/product\/yoast-seo-wordpress\/ -->\n<title>Ready To Use, Sterile Type 1 Vials | Origin Pharma Packaging<\/title>\n<meta name=\"description\" content=\"Find out about injection vials available from Origin, bulk supplier of packaging for use in the pharmaceutical industry. Order a sample today.\" \/>\n<meta name=\"robots\" content=\"index, follow, max-snippet:-1, max-image-preview:large, max-video-preview:-1\" \/>\n<link rel=\"canonical\" href=\"https:\/\/originltd.com\/fr\/produit\/ready-to-use-sterile-type-1-vials\/\" \/>\n<meta property=\"og:locale\" content=\"fr_FR\" \/>\n<meta property=\"og:type\" content=\"article\" \/>\n<meta property=\"og:title\" content=\"Ready To Use, Sterile Type 1 Vials | Origin Pharma Packaging\" \/>\n<meta property=\"og:description\" content=\"Find out about injection vials available from Origin, bulk supplier of packaging for use in the pharmaceutical industry. Order a sample today.\" \/>\n<meta property=\"og:url\" content=\"https:\/\/originltd.com\/fr\/produit\/ready-to-use-sterile-type-1-vials\/\" \/>\n<meta property=\"og:site_name\" content=\"Origin Pharma Packaging\" \/>\n<meta property=\"article:publisher\" content=\"https:\/\/www.facebook.com\/originpharmapackaging\" \/>\n<meta property=\"article:modified_time\" content=\"2025-10-07T14:14:53+00:00\" \/>\n<meta property=\"og:image\" content=\"https:\/\/originltd.com\/wp-content\/uploads\/2024\/08\/type-1-moulded-and-rubber-scaled.jpg\" \/>\n\t<meta property=\"og:image:width\" content=\"1908\" \/>\n\t<meta property=\"og:image:height\" content=\"2560\" \/>\n\t<meta property=\"og:image:type\" content=\"image\/jpeg\" \/>\n<meta name=\"twitter:card\" content=\"summary_large_image\" \/>\n<meta name=\"twitter:site\" content=\"@originpharma\" \/>\n<meta name=\"twitter:label1\" content=\"Dur\u00e9e de lecture estim\u00e9e\" \/>\n\t<meta name=\"twitter:data1\" content=\"1 minute\" \/>\n<script type=\"application\/ld+json\" class=\"yoast-schema-graph\">{\"@context\":\"https:\\\/\\\/schema.org\",\"@graph\":[{\"@type\":\"WebPage\",\"@id\":\"https:\\\/\\\/originltd.com\\\/product\\\/ready-to-use-sterile-type-1-vials\\\/\",\"url\":\"https:\\\/\\\/originltd.com\\\/product\\\/ready-to-use-sterile-type-1-vials\\\/\",\"name\":\"Ready To Use, Sterile Type 1 Vials | Origin Pharma Packaging\",\"isPartOf\":{\"@id\":\"https:\\\/\\\/originltd.com\\\/#website\"},\"primaryImageOfPage\":{\"@id\":\"https:\\\/\\\/originltd.com\\\/product\\\/ready-to-use-sterile-type-1-vials\\\/#primaryimage\"},\"image\":{\"@id\":\"https:\\\/\\\/originltd.com\\\/product\\\/ready-to-use-sterile-type-1-vials\\\/#primaryimage\"},\"thumbnailUrl\":\"https:\\\/\\\/originltd.com\\\/wp-content\\\/uploads\\\/2024\\\/08\\\/type-1-moulded-and-rubber-scaled.jpg\",\"datePublished\":\"2024-08-13T08:52:23+00:00\",\"dateModified\":\"2025-10-07T14:14:53+00:00\",\"description\":\"Find out about injection vials available from Origin, bulk supplier of packaging for use in the pharmaceutical industry. Order a sample today.\",\"breadcrumb\":{\"@id\":\"https:\\\/\\\/originltd.com\\\/product\\\/ready-to-use-sterile-type-1-vials\\\/#breadcrumb\"},\"inLanguage\":\"fr-FR\",\"potentialAction\":[{\"@type\":\"ReadAction\",\"target\":[\"https:\\\/\\\/originltd.com\\\/product\\\/ready-to-use-sterile-type-1-vials\\\/\"]}]},{\"@type\":\"ImageObject\",\"inLanguage\":\"fr-FR\",\"@id\":\"https:\\\/\\\/originltd.com\\\/product\\\/ready-to-use-sterile-type-1-vials\\\/#primaryimage\",\"url\":\"https:\\\/\\\/originltd.com\\\/wp-content\\\/uploads\\\/2024\\\/08\\\/type-1-moulded-and-rubber-scaled.jpg\",\"contentUrl\":\"https:\\\/\\\/originltd.com\\\/wp-content\\\/uploads\\\/2024\\\/08\\\/type-1-moulded-and-rubber-scaled.jpg\",\"width\":1908,\"height\":2560,\"caption\":\"Ready To Use, Sterile Type 1 Vials\"},{\"@type\":\"BreadcrumbList\",\"@id\":\"https:\\\/\\\/originltd.com\\\/product\\\/ready-to-use-sterile-type-1-vials\\\/#breadcrumb\",\"itemListElement\":[{\"@type\":\"ListItem\",\"position\":1,\"name\":\"Home\",\"item\":\"https:\\\/\\\/originltd.com\\\/\"},{\"@type\":\"ListItem\",\"position\":2,\"name\":\"Pharmaceutical Packaging Products\",\"item\":\"https:\\\/\\\/originltd.com\\\/pharmaceutical-packaging\\\/\"},{\"@type\":\"ListItem\",\"position\":3,\"name\":\"Cosmetic Packaging\",\"item\":\"https:\\\/\\\/originltd.com\\\/packaging\\\/cosmetic-containers\\\/\"},{\"@type\":\"ListItem\",\"position\":4,\"name\":\"Ready To Use, Sterile Type 1 Vials\"}]},{\"@type\":\"WebSite\",\"@id\":\"https:\\\/\\\/originltd.com\\\/#website\",\"url\":\"https:\\\/\\\/originltd.com\\\/\",\"name\":\"Origin Pharma Packaging\",\"description\":\"\",\"publisher\":{\"@id\":\"https:\\\/\\\/originltd.com\\\/#organization\"},\"alternateName\":\"Origin Ltd.\",\"potentialAction\":[{\"@type\":\"SearchAction\",\"target\":{\"@type\":\"EntryPoint\",\"urlTemplate\":\"https:\\\/\\\/originltd.com\\\/?s={search_term_string}\"},\"query-input\":{\"@type\":\"PropertyValueSpecification\",\"valueRequired\":true,\"valueName\":\"search_term_string\"}}],\"inLanguage\":\"fr-FR\"},{\"@type\":\"Organization\",\"@id\":\"https:\\\/\\\/originltd.com\\\/#organization\",\"name\":\"Origin Pharma Packaging\",\"url\":\"https:\\\/\\\/originltd.com\\\/\",\"logo\":{\"@type\":\"ImageObject\",\"inLanguage\":\"fr-FR\",\"@id\":\"https:\\\/\\\/originltd.com\\\/#\\\/schema\\\/logo\\\/image\\\/\",\"url\":\"https:\\\/\\\/originltd.com\\\/wp-content\\\/uploads\\\/2024\\\/06\\\/cropped-Origin-logo-For-Health-For-Life-RGB@10x.png\",\"contentUrl\":\"https:\\\/\\\/originltd.com\\\/wp-content\\\/uploads\\\/2024\\\/06\\\/cropped-Origin-logo-For-Health-For-Life-RGB@10x.png\",\"width\":227,\"height\":65,\"caption\":\"Origin Pharma Packaging\"},\"image\":{\"@id\":\"https:\\\/\\\/originltd.com\\\/#\\\/schema\\\/logo\\\/image\\\/\"},\"sameAs\":[\"https:\\\/\\\/www.facebook.com\\\/originpharmapackaging\",\"https:\\\/\\\/x.com\\\/originpharma\",\"https:\\\/\\\/www.linkedin.com\\\/company\\\/origin-packaging-ltd\\\/\",\"https:\\\/\\\/www.youtube.com\\\/channel\\\/UCOOJl3eFOiO7lJT6f5qHygA\"]}]}<\/script>\n<!-- \/ Yoast SEO plugin. -->","yoast_head_json":{"title":"Emballages de type 1 st\u00e9riles et pr\u00eats \u00e0 l'emploi | Origin Pharma Packaging","description":"D\u00e9couvrez les flacons d'injection disponibles chez Origin, fournisseur d'emballages en vrac pour l'industrie pharmaceutique. Commandez un \u00e9chantillon d\u00e8s aujourd'hui.","robots":{"index":"index","follow":"follow","max-snippet":"max-snippet:-1","max-image-preview":"max-image-preview:large","max-video-preview":"max-video-preview:-1"},"canonical":"https:\/\/originltd.com\/fr\/produit\/ready-to-use-sterile-type-1-vials\/","og_locale":"fr_FR","og_type":"article","og_title":"Ready To Use, Sterile Type 1 Vials | Origin Pharma Packaging","og_description":"Find out about injection vials available from Origin, bulk supplier of packaging for use in the pharmaceutical industry. Order a sample today.","og_url":"https:\/\/originltd.com\/fr\/produit\/ready-to-use-sterile-type-1-vials\/","og_site_name":"Origin Pharma Packaging","article_publisher":"https:\/\/www.facebook.com\/originpharmapackaging","article_modified_time":"2025-10-07T14:14:53+00:00","og_image":[{"width":1908,"height":2560,"url":"https:\/\/originltd.com\/wp-content\/uploads\/2024\/08\/type-1-moulded-and-rubber-scaled.jpg","type":"image\/jpeg"}],"twitter_card":"summary_large_image","twitter_site":"@originpharma","twitter_misc":{"Dur\u00e9e de lecture estim\u00e9e":"1 minute"},"schema":{"@context":"https:\/\/schema.org","@graph":[{"@type":"WebPage","@id":"https:\/\/originltd.com\/product\/ready-to-use-sterile-type-1-vials\/","url":"https:\/\/originltd.com\/product\/ready-to-use-sterile-type-1-vials\/","name":"Emballages de type 1 st\u00e9riles et pr\u00eats \u00e0 l'emploi | Origin Pharma Packaging","isPartOf":{"@id":"https:\/\/originltd.com\/#website"},"primaryImageOfPage":{"@id":"https:\/\/originltd.com\/product\/ready-to-use-sterile-type-1-vials\/#primaryimage"},"image":{"@id":"https:\/\/originltd.com\/product\/ready-to-use-sterile-type-1-vials\/#primaryimage"},"thumbnailUrl":"https:\/\/originltd.com\/wp-content\/uploads\/2024\/08\/type-1-moulded-and-rubber-scaled.jpg","datePublished":"2024-08-13T08:52:23+00:00","dateModified":"2025-10-07T14:14:53+00:00","description":"D\u00e9couvrez les flacons d'injection disponibles chez Origin, fournisseur d'emballages en vrac pour l'industrie pharmaceutique. Commandez un \u00e9chantillon d\u00e8s aujourd'hui.","breadcrumb":{"@id":"https:\/\/originltd.com\/product\/ready-to-use-sterile-type-1-vials\/#breadcrumb"},"inLanguage":"fr-FR","potentialAction":[{"@type":"ReadAction","target":["https:\/\/originltd.com\/product\/ready-to-use-sterile-type-1-vials\/"]}]},{"@type":"ImageObject","inLanguage":"fr-FR","@id":"https:\/\/originltd.com\/product\/ready-to-use-sterile-type-1-vials\/#primaryimage","url":"https:\/\/originltd.com\/wp-content\/uploads\/2024\/08\/type-1-moulded-and-rubber-scaled.jpg","contentUrl":"https:\/\/originltd.com\/wp-content\/uploads\/2024\/08\/type-1-moulded-and-rubber-scaled.jpg","width":1908,"height":2560,"caption":"Ready To Use, Sterile Type 1 Vials"},{"@type":"BreadcrumbList","@id":"https:\/\/originltd.com\/product\/ready-to-use-sterile-type-1-vials\/#breadcrumb","itemListElement":[{"@type":"ListItem","position":1,"name":"Home","item":"https:\/\/originltd.com\/"},{"@type":"ListItem","position":2,"name":"Pharmaceutical Packaging Products","item":"https:\/\/originltd.com\/pharmaceutical-packaging\/"},{"@type":"ListItem","position":3,"name":"Cosmetic Packaging","item":"https:\/\/originltd.com\/packaging\/cosmetic-containers\/"},{"@type":"ListItem","position":4,"name":"Ready To Use, Sterile Type 1 Vials"}]},{"@type":"WebSite","@id":"https:\/\/originltd.com\/#website","url":"https:\/\/originltd.com\/","name":"Origin Pharma Packaging","description":"","publisher":{"@id":"https:\/\/originltd.com\/#organization"},"alternateName":"Origin Ltd.","potentialAction":[{"@type":"SearchAction","target":{"@type":"EntryPoint","urlTemplate":"https:\/\/originltd.com\/?s={search_term_string}"},"query-input":{"@type":"PropertyValueSpecification","valueRequired":true,"valueName":"search_term_string"}}],"inLanguage":"fr-FR"},{"@type":"Organization","@id":"https:\/\/originltd.com\/#organization","name":"Origin Pharma Packaging","url":"https:\/\/originltd.com\/","logo":{"@type":"ImageObject","inLanguage":"fr-FR","@id":"https:\/\/originltd.com\/#\/schema\/logo\/image\/","url":"https:\/\/originltd.com\/wp-content\/uploads\/2024\/06\/cropped-Origin-logo-For-Health-For-Life-RGB@10x.png","contentUrl":"https:\/\/originltd.com\/wp-content\/uploads\/2024\/06\/cropped-Origin-logo-For-Health-For-Life-RGB@10x.png","width":227,"height":65,"caption":"Origin Pharma Packaging"},"image":{"@id":"https:\/\/originltd.com\/#\/schema\/logo\/image\/"},"sameAs":["https:\/\/www.facebook.com\/originpharmapackaging","https:\/\/x.com\/originpharma","https:\/\/www.linkedin.com\/company\/origin-packaging-ltd\/","https:\/\/www.youtube.com\/channel\/UCOOJl3eFOiO7lJT6f5qHygA"]}]}},"_links":{"self":[{"href":"https:\/\/originltd.com\/fr\/wp-json\/wp\/v2\/product\/11888","targetHints":{"allow":["GET"]}}],"collection":[{"href":"https:\/\/originltd.com\/fr\/wp-json\/wp\/v2\/product"}],"about":[{"href":"https:\/\/originltd.com\/fr\/wp-json\/wp\/v2\/types\/product"}],"replies":[{"embeddable":true,"href":"https:\/\/originltd.com\/fr\/wp-json\/wp\/v2\/comments?post=11888"}],"wp:featuredmedia":[{"embeddable":true,"href":"https:\/\/originltd.com\/fr\/wp-json\/wp\/v2\/media\/11890"}],"wp:attachment":[{"href":"https:\/\/originltd.com\/fr\/wp-json\/wp\/v2\/media?parent=11888"}],"wp:term":[{"taxonomy":"product_brand","embeddable":true,"href":"https:\/\/originltd.com\/fr\/wp-json\/wp\/v2\/product_brand?post=11888"},{"taxonomy":"product_cat","embeddable":true,"href":"https:\/\/originltd.com\/fr\/wp-json\/wp\/v2\/product_cat?post=11888"},{"taxonomy":"product_tag","embeddable":true,"href":"https:\/\/originltd.com\/fr\/wp-json\/wp\/v2\/product_tag?post=11888"}],"curies":[{"name":"wp","href":"https:\/\/api.w.org\/{rel}","templated":true}]}}