
{"id":8626,"date":"2022-06-27T11:44:09","date_gmt":"2022-06-27T10:44:09","guid":{"rendered":"https:\/\/originltd.in-beta.dev\/?post_type=product&#038;p=8626"},"modified":"2025-06-09T12:06:57","modified_gmt":"2025-06-09T11:06:57","slug":"120ml-unopac-amber-round-pet-tablet-bottles","status":"publish","type":"product","link":"https:\/\/originltd.com\/fr\/product\/120ml-unopac-amber-round-pet-tablet-bottles\/","title":{"rendered":"120ml UnoPac\u00ae Bouteille ronde en PET ambre pour comprim\u00e9s"},"content":{"rendered":"<p><span style=\"font-weight: 400;\">Notre flacon de comprim\u00e9s UnoPac Amber de 120 ml est disponible dans de nombreuses tailles, allant de 25 ml \u00e0 200 ml.<\/span><\/p>","protected":false},"excerpt":{"rendered":"<p><span style=\"font-weight: 400;\">Notre<\/span><span style=\"font-weight: 400;\"> Le flacon de comprim\u00e9s UnoPac ambre de 120 ml est utilis\u00e9.<\/span><span style=\"font-weight: 400;\"> pour les m\u00e9dicaments \u00e0 dose solide <\/span><span style=\"font-weight: 400;\">et est id\u00e9al<\/span><span style=\"font-weight: 400;\"> pour <\/span><a href=\"https:\/\/originltd.com\/fr\/packaging\/pharmaceutical-packaging\/\"><span style=\"font-weight: 400;\">emballage pharmaceutique en gros<\/span><\/a><span style=\"font-weight: 400;\"> mais aussi <\/span><a href=\"https:\/\/originltd.com\/fr\/packaging\/pharmacy-packaging\/\"><span style=\"font-weight: 400;\">emballage des produits pharmaceutiques<\/span><\/a><span style=\"font-weight: 400;\">-Organisations bas\u00e9es sur les droits de l'homme<\/span><span style=\"font-weight: 400;\">. Le parfait pr\u00e9-capuchonn\u00e9 <\/span><a href=\"https:\/\/originltd.com\/fr\/packaging\/child-resistant-packaging\/bottles\/\"><span style=\"font-weight: 400;\">bouteille \u00e0 l'\u00e9preuve des enfants<\/span><\/a><span style=\"font-weight: 400;\"> garantit la s\u00e9curit\u00e9 et promeut l'int\u00e9grit\u00e9 de votre produit et les valeurs de s\u00e9curit\u00e9 des enfants.<\/span><\/p>\n<h3><span style=\"font-weight: 400;\">Caract\u00e9ristiques principales :<\/span><\/h3>\n<ul>\n<li style=\"font-weight: 400;\" aria-level=\"1\"><span style=\"font-weight: 400;\">Pr\u00e9-capuchonn\u00e9 avec bouchon Clic-Loc<\/span><\/li>\n<li style=\"font-weight: 400;\" aria-level=\"1\"><span style=\"font-weight: 400;\">Codage UV invisible pour une tra\u00e7abilit\u00e9 compl\u00e8te de l'emballage<\/span><\/li>\n<li style=\"font-weight: 400;\" aria-level=\"1\"><span style=\"font-weight: 400;\">Conforme enti\u00e8rement <\/span><span style=\"font-weight: 400;\">avec emballage \u00e0 l'\u00e9preuve des enfants R\u00e9glementation des flacons de m\u00e9dicaments \u00e0 dose solide<\/span><\/li>\n<li style=\"font-weight: 400;\" aria-level=\"1\"><span style=\"font-weight: 400;\">Sans contamination<\/span><span style=\"font-weight: 400;\">\u00a0<\/span><\/li>\n<li style=\"font-weight: 400;\" aria-level=\"1\"><span style=\"font-weight: 400;\">respectueux de l'environnement ! Jusqu'\u00e0 20% du contenu en PET est recyclable.<\/span><\/li>\n<\/ul>\n<h3><span style=\"font-weight: 400;\">Utilisations appropri\u00e9es :<\/span><\/h3>\n<ul>\n<li style=\"font-weight: 400;\" aria-level=\"1\"><span style=\"font-weight: 400;\">Conservation des comprim\u00e9s et des g\u00e9lules<\/span><\/li>\n<li style=\"font-weight: 400;\" aria-level=\"1\"><span style=\"font-weight: 400;\">Conservation des m\u00e9dicaments sensibles \u00e0 la lumi\u00e8re<\/span><\/li>\n<\/ul>","protected":false},"featured_media":8602,"comment_status":"closed","ping_status":"closed","template":"","meta":{"_acf_changed":false},"product_brand":[],"product_cat":[107,2169,2184,96,2188],"product_tag":[],"class_list":{"0":"post-8626","1":"product","2":"type-product","3":"status-publish","4":"has-post-thumbnail","6":"product_cat-pet-bottles","7":"product_cat-pharmacy-packaging","8":"product_cat-bottles","9":"product_cat-plastic","10":"product_cat-round-bottles","12":"first","13":"instock","14":"sold-individually","15":"shipping-taxable","16":"product-type-simple"},"acf":[],"yoast_head":"<!-- This site is optimized with the Yoast SEO plugin v27.3 - https:\/\/yoast.com\/product\/yoast-seo-wordpress\/ -->\n<title>120ml UnoPac Amber Tablet Bottle | Origin Pharma Packaging<\/title>\n<meta name=\"description\" content=\"Order the highest quality 120ml UnoPac amber tablet bottle from Origin. These bottles are ideal for carrying doses of medicine with child-safe caps for security.\" \/>\n<meta name=\"robots\" content=\"index, follow, max-snippet:-1, max-image-preview:large, max-video-preview:-1\" \/>\n<link rel=\"canonical\" href=\"https:\/\/originltd.com\/fr\/produit\/120ml-unopac-amber-round-pet-tablet-bottles\/\" \/>\n<meta property=\"og:locale\" content=\"fr_FR\" \/>\n<meta property=\"og:type\" content=\"article\" \/>\n<meta property=\"og:title\" content=\"120ml UnoPac Amber Tablet Bottle | Origin Pharma Packaging\" \/>\n<meta property=\"og:description\" content=\"Order the highest quality 120ml UnoPac amber tablet bottle from Origin. These bottles are ideal for carrying doses of medicine with child-safe caps for security.\" \/>\n<meta property=\"og:url\" content=\"https:\/\/originltd.com\/fr\/produit\/120ml-unopac-amber-round-pet-tablet-bottles\/\" \/>\n<meta property=\"og:site_name\" content=\"Origin Pharma Packaging\" \/>\n<meta property=\"article:publisher\" content=\"https:\/\/www.facebook.com\/originpharmapackaging\" \/>\n<meta property=\"article:modified_time\" content=\"2025-06-09T11:06:57+00:00\" \/>\n<meta property=\"og:image\" content=\"https:\/\/originltd.com\/wp-content\/uploads\/2022\/06\/UP120AC-1-scaled.jpg\" \/>\n\t<meta property=\"og:image:width\" content=\"1707\" \/>\n\t<meta property=\"og:image:height\" content=\"2560\" \/>\n\t<meta property=\"og:image:type\" content=\"image\/jpeg\" \/>\n<meta name=\"twitter:card\" content=\"summary_large_image\" \/>\n<meta name=\"twitter:site\" content=\"@originpharma\" \/>\n<meta name=\"twitter:label1\" content=\"Dur\u00e9e de lecture estim\u00e9e\" \/>\n\t<meta name=\"twitter:data1\" content=\"1 minute\" \/>\n<script type=\"application\/ld+json\" class=\"yoast-schema-graph\">{\"@context\":\"https:\\\/\\\/schema.org\",\"@graph\":[{\"@type\":\"WebPage\",\"@id\":\"https:\\\/\\\/originltd.com\\\/product\\\/120ml-unopac-amber-round-pet-tablet-bottles\\\/\",\"url\":\"https:\\\/\\\/originltd.com\\\/product\\\/120ml-unopac-amber-round-pet-tablet-bottles\\\/\",\"name\":\"120ml UnoPac Amber Tablet Bottle | Origin Pharma Packaging\",\"isPartOf\":{\"@id\":\"https:\\\/\\\/originltd.com\\\/#website\"},\"primaryImageOfPage\":{\"@id\":\"https:\\\/\\\/originltd.com\\\/product\\\/120ml-unopac-amber-round-pet-tablet-bottles\\\/#primaryimage\"},\"image\":{\"@id\":\"https:\\\/\\\/originltd.com\\\/product\\\/120ml-unopac-amber-round-pet-tablet-bottles\\\/#primaryimage\"},\"thumbnailUrl\":\"https:\\\/\\\/originltd.com\\\/wp-content\\\/uploads\\\/2022\\\/06\\\/UP120AC-1-scaled.jpg\",\"datePublished\":\"2022-06-27T10:44:09+00:00\",\"dateModified\":\"2025-06-09T11:06:57+00:00\",\"description\":\"Order the highest quality 120ml UnoPac amber tablet bottle from Origin. These bottles are ideal for carrying doses of medicine with child-safe caps for security.\",\"breadcrumb\":{\"@id\":\"https:\\\/\\\/originltd.com\\\/product\\\/120ml-unopac-amber-round-pet-tablet-bottles\\\/#breadcrumb\"},\"inLanguage\":\"fr-FR\",\"potentialAction\":[{\"@type\":\"ReadAction\",\"target\":[\"https:\\\/\\\/originltd.com\\\/product\\\/120ml-unopac-amber-round-pet-tablet-bottles\\\/\"]}]},{\"@type\":\"ImageObject\",\"inLanguage\":\"fr-FR\",\"@id\":\"https:\\\/\\\/originltd.com\\\/product\\\/120ml-unopac-amber-round-pet-tablet-bottles\\\/#primaryimage\",\"url\":\"https:\\\/\\\/originltd.com\\\/wp-content\\\/uploads\\\/2022\\\/06\\\/UP120AC-1-scaled.jpg\",\"contentUrl\":\"https:\\\/\\\/originltd.com\\\/wp-content\\\/uploads\\\/2022\\\/06\\\/UP120AC-1-scaled.jpg\",\"width\":1707,\"height\":2560,\"caption\":\"UP120AC\"},{\"@type\":\"BreadcrumbList\",\"@id\":\"https:\\\/\\\/originltd.com\\\/product\\\/120ml-unopac-amber-round-pet-tablet-bottles\\\/#breadcrumb\",\"itemListElement\":[{\"@type\":\"ListItem\",\"position\":1,\"name\":\"Home\",\"item\":\"https:\\\/\\\/originltd.com\\\/\"},{\"@type\":\"ListItem\",\"position\":2,\"name\":\"Pharmaceutical Packaging Products\",\"item\":\"https:\\\/\\\/originltd.com\\\/pharmaceutical-packaging\\\/\"},{\"@type\":\"ListItem\",\"position\":3,\"name\":\"Plastic Packaging\",\"item\":\"https:\\\/\\\/originltd.com\\\/packaging\\\/plastic\\\/\"},{\"@type\":\"ListItem\",\"position\":4,\"name\":\"120ml UnoPac\u00ae Amber Round PET Tablet Bottle\"}]},{\"@type\":\"WebSite\",\"@id\":\"https:\\\/\\\/originltd.com\\\/#website\",\"url\":\"https:\\\/\\\/originltd.com\\\/\",\"name\":\"Origin Pharma Packaging\",\"description\":\"\",\"publisher\":{\"@id\":\"https:\\\/\\\/originltd.com\\\/#organization\"},\"alternateName\":\"Origin Ltd.\",\"potentialAction\":[{\"@type\":\"SearchAction\",\"target\":{\"@type\":\"EntryPoint\",\"urlTemplate\":\"https:\\\/\\\/originltd.com\\\/?s={search_term_string}\"},\"query-input\":{\"@type\":\"PropertyValueSpecification\",\"valueRequired\":true,\"valueName\":\"search_term_string\"}}],\"inLanguage\":\"fr-FR\"},{\"@type\":\"Organization\",\"@id\":\"https:\\\/\\\/originltd.com\\\/#organization\",\"name\":\"Origin Pharma Packaging\",\"url\":\"https:\\\/\\\/originltd.com\\\/\",\"logo\":{\"@type\":\"ImageObject\",\"inLanguage\":\"fr-FR\",\"@id\":\"https:\\\/\\\/originltd.com\\\/#\\\/schema\\\/logo\\\/image\\\/\",\"url\":\"https:\\\/\\\/originltd.com\\\/wp-content\\\/uploads\\\/2024\\\/06\\\/cropped-Origin-logo-For-Health-For-Life-RGB@10x.png\",\"contentUrl\":\"https:\\\/\\\/originltd.com\\\/wp-content\\\/uploads\\\/2024\\\/06\\\/cropped-Origin-logo-For-Health-For-Life-RGB@10x.png\",\"width\":227,\"height\":65,\"caption\":\"Origin Pharma Packaging\"},\"image\":{\"@id\":\"https:\\\/\\\/originltd.com\\\/#\\\/schema\\\/logo\\\/image\\\/\"},\"sameAs\":[\"https:\\\/\\\/www.facebook.com\\\/originpharmapackaging\",\"https:\\\/\\\/x.com\\\/originpharma\",\"https:\\\/\\\/www.linkedin.com\\\/company\\\/origin-packaging-ltd\\\/\",\"https:\\\/\\\/www.youtube.com\\\/channel\\\/UCOOJl3eFOiO7lJT6f5qHygA\"]}]}<\/script>\n<!-- \/ Yoast SEO plugin. -->","yoast_head_json":{"title":"Flacon de comprim\u00e9s UnoPac ambre 120ml | Origin Pharma Packaging","description":"Commandez le flacon de comprim\u00e9s UnoPac ambre de 120 ml de la plus haute qualit\u00e9 aupr\u00e8s d'Origin. Ces flacons sont id\u00e9aux pour transporter des doses de m\u00e9dicaments et sont dot\u00e9s d'un bouchon de s\u00e9curit\u00e9 pour les enfants.","robots":{"index":"index","follow":"follow","max-snippet":"max-snippet:-1","max-image-preview":"max-image-preview:large","max-video-preview":"max-video-preview:-1"},"canonical":"https:\/\/originltd.com\/fr\/produit\/120ml-unopac-amber-round-pet-tablet-bottles\/","og_locale":"fr_FR","og_type":"article","og_title":"120ml UnoPac Amber Tablet Bottle | Origin Pharma Packaging","og_description":"Order the highest quality 120ml UnoPac amber tablet bottle from Origin. These bottles are ideal for carrying doses of medicine with child-safe caps for security.","og_url":"https:\/\/originltd.com\/fr\/produit\/120ml-unopac-amber-round-pet-tablet-bottles\/","og_site_name":"Origin Pharma Packaging","article_publisher":"https:\/\/www.facebook.com\/originpharmapackaging","article_modified_time":"2025-06-09T11:06:57+00:00","og_image":[{"width":1707,"height":2560,"url":"https:\/\/originltd.com\/wp-content\/uploads\/2022\/06\/UP120AC-1-scaled.jpg","type":"image\/jpeg"}],"twitter_card":"summary_large_image","twitter_site":"@originpharma","twitter_misc":{"Dur\u00e9e de lecture estim\u00e9e":"1 minute"},"schema":{"@context":"https:\/\/schema.org","@graph":[{"@type":"WebPage","@id":"https:\/\/originltd.com\/product\/120ml-unopac-amber-round-pet-tablet-bottles\/","url":"https:\/\/originltd.com\/product\/120ml-unopac-amber-round-pet-tablet-bottles\/","name":"Flacon de comprim\u00e9s UnoPac ambre 120ml | Origin Pharma Packaging","isPartOf":{"@id":"https:\/\/originltd.com\/#website"},"primaryImageOfPage":{"@id":"https:\/\/originltd.com\/product\/120ml-unopac-amber-round-pet-tablet-bottles\/#primaryimage"},"image":{"@id":"https:\/\/originltd.com\/product\/120ml-unopac-amber-round-pet-tablet-bottles\/#primaryimage"},"thumbnailUrl":"https:\/\/originltd.com\/wp-content\/uploads\/2022\/06\/UP120AC-1-scaled.jpg","datePublished":"2022-06-27T10:44:09+00:00","dateModified":"2025-06-09T11:06:57+00:00","description":"Commandez le flacon de comprim\u00e9s UnoPac ambre de 120 ml de la plus haute qualit\u00e9 aupr\u00e8s d'Origin. Ces flacons sont id\u00e9aux pour transporter des doses de m\u00e9dicaments et sont dot\u00e9s d'un bouchon de s\u00e9curit\u00e9 pour les enfants.","breadcrumb":{"@id":"https:\/\/originltd.com\/product\/120ml-unopac-amber-round-pet-tablet-bottles\/#breadcrumb"},"inLanguage":"fr-FR","potentialAction":[{"@type":"ReadAction","target":["https:\/\/originltd.com\/product\/120ml-unopac-amber-round-pet-tablet-bottles\/"]}]},{"@type":"ImageObject","inLanguage":"fr-FR","@id":"https:\/\/originltd.com\/product\/120ml-unopac-amber-round-pet-tablet-bottles\/#primaryimage","url":"https:\/\/originltd.com\/wp-content\/uploads\/2022\/06\/UP120AC-1-scaled.jpg","contentUrl":"https:\/\/originltd.com\/wp-content\/uploads\/2022\/06\/UP120AC-1-scaled.jpg","width":1707,"height":2560,"caption":"UP120AC"},{"@type":"BreadcrumbList","@id":"https:\/\/originltd.com\/product\/120ml-unopac-amber-round-pet-tablet-bottles\/#breadcrumb","itemListElement":[{"@type":"ListItem","position":1,"name":"Home","item":"https:\/\/originltd.com\/"},{"@type":"ListItem","position":2,"name":"Pharmaceutical Packaging Products","item":"https:\/\/originltd.com\/pharmaceutical-packaging\/"},{"@type":"ListItem","position":3,"name":"Plastic Packaging","item":"https:\/\/originltd.com\/packaging\/plastic\/"},{"@type":"ListItem","position":4,"name":"120ml UnoPac\u00ae Amber Round PET Tablet Bottle"}]},{"@type":"WebSite","@id":"https:\/\/originltd.com\/#website","url":"https:\/\/originltd.com\/","name":"Origin Pharma Packaging","description":"","publisher":{"@id":"https:\/\/originltd.com\/#organization"},"alternateName":"Origin Ltd.","potentialAction":[{"@type":"SearchAction","target":{"@type":"EntryPoint","urlTemplate":"https:\/\/originltd.com\/?s={search_term_string}"},"query-input":{"@type":"PropertyValueSpecification","valueRequired":true,"valueName":"search_term_string"}}],"inLanguage":"fr-FR"},{"@type":"Organization","@id":"https:\/\/originltd.com\/#organization","name":"Origin Pharma Packaging","url":"https:\/\/originltd.com\/","logo":{"@type":"ImageObject","inLanguage":"fr-FR","@id":"https:\/\/originltd.com\/#\/schema\/logo\/image\/","url":"https:\/\/originltd.com\/wp-content\/uploads\/2024\/06\/cropped-Origin-logo-For-Health-For-Life-RGB@10x.png","contentUrl":"https:\/\/originltd.com\/wp-content\/uploads\/2024\/06\/cropped-Origin-logo-For-Health-For-Life-RGB@10x.png","width":227,"height":65,"caption":"Origin Pharma Packaging"},"image":{"@id":"https:\/\/originltd.com\/#\/schema\/logo\/image\/"},"sameAs":["https:\/\/www.facebook.com\/originpharmapackaging","https:\/\/x.com\/originpharma","https:\/\/www.linkedin.com\/company\/origin-packaging-ltd\/","https:\/\/www.youtube.com\/channel\/UCOOJl3eFOiO7lJT6f5qHygA"]}]}},"_links":{"self":[{"href":"https:\/\/originltd.com\/fr\/wp-json\/wp\/v2\/product\/8626","targetHints":{"allow":["GET"]}}],"collection":[{"href":"https:\/\/originltd.com\/fr\/wp-json\/wp\/v2\/product"}],"about":[{"href":"https:\/\/originltd.com\/fr\/wp-json\/wp\/v2\/types\/product"}],"replies":[{"embeddable":true,"href":"https:\/\/originltd.com\/fr\/wp-json\/wp\/v2\/comments?post=8626"}],"wp:featuredmedia":[{"embeddable":true,"href":"https:\/\/originltd.com\/fr\/wp-json\/wp\/v2\/media\/8602"}],"wp:attachment":[{"href":"https:\/\/originltd.com\/fr\/wp-json\/wp\/v2\/media?parent=8626"}],"wp:term":[{"taxonomy":"product_brand","embeddable":true,"href":"https:\/\/originltd.com\/fr\/wp-json\/wp\/v2\/product_brand?post=8626"},{"taxonomy":"product_cat","embeddable":true,"href":"https:\/\/originltd.com\/fr\/wp-json\/wp\/v2\/product_cat?post=8626"},{"taxonomy":"product_tag","embeddable":true,"href":"https:\/\/originltd.com\/fr\/wp-json\/wp\/v2\/product_tag?post=8626"}],"curies":[{"name":"wp","href":"https:\/\/api.w.org\/{rel}","templated":true}]}}