
{"id":8641,"date":"2022-06-29T13:04:27","date_gmt":"2022-06-29T12:04:27","guid":{"rendered":"https:\/\/originltd.in-beta.dev\/?post_type=product&#038;p=8641"},"modified":"2025-10-07T15:57:59","modified_gmt":"2025-10-07T14:57:59","slug":"250ml-amber-glass-reagent-bottle-ground-stopper","status":"publish","type":"product","link":"https:\/\/originltd.com\/fr\/product\/250ml-amber-glass-reagent-bottle-ground-stopper\/","title":{"rendered":"Flacon en verre ambr\u00e9 de 250 ml pour r\u00e9actif et son bouchon rod\u00e9"},"content":{"rendered":"","protected":false},"excerpt":{"rendered":"<p>Bouteille et bouchon en verre ambr\u00e9, avec de fortes propri\u00e9t\u00e9s chimiques et physiques. Pour une utilisation dans des applications qui ne sont pas associ\u00e9es \u00e0 des charges thermiques \u00e9lev\u00e9es. Bouchon en verre rond, stable et robuste, qui se fixe solidement pour emp\u00eacher la contamination du produit \u00e0 l'int\u00e9rieur de la bouteille - convient pour un usage m\u00e9dical.<\/p>\n<ul>\n<li>Un goulot large adapt\u00e9 au liquide ou \u00e0 un format solide ;<\/li>\n<li>il pr\u00e9sente un bec verseur anti-goutte ;<\/li>\n<\/ul>","protected":false},"featured_media":8633,"comment_status":"closed","ping_status":"closed","template":"","meta":{"_acf_changed":false},"product_brand":[],"product_cat":[2185,119,2225,2227,2228,2226,95],"product_tag":[],"class_list":{"0":"post-8641","1":"product","2":"type-product","3":"status-publish","4":"has-post-thumbnail","6":"product_cat-cosmetic-containers","7":"product_cat-cosmetic-bottles","8":"product_cat-home-fragrance","9":"product_cat-lifestyle","10":"product_cat-perfume","11":"product_cat-personal-fragrance","12":"product_cat-glass","14":"first","15":"instock","16":"sold-individually","17":"shipping-taxable","18":"product-type-simple"},"acf":[],"yoast_head":"<!-- This site is optimized with the Yoast SEO plugin v27.3 - https:\/\/yoast.com\/product\/yoast-seo-wordpress\/ -->\n<title>250ml Amber Glass Reagent Bottle &amp; Ground Stopper | Origin Pharma Packaging<\/title>\n<meta name=\"description\" content=\"Find out about 250ml reagent bottles &amp; ground stoppers available from Origin, bulk supplier of packaging for use in the pharmaceutical industry. Order a sample or get in touch for more details.\" \/>\n<meta name=\"robots\" content=\"index, follow, max-snippet:-1, max-image-preview:large, max-video-preview:-1\" \/>\n<link rel=\"canonical\" href=\"https:\/\/originltd.com\/fr\/produit\/250ml-amber-glass-reagent-bottle-ground-stopper\/\" \/>\n<meta property=\"og:locale\" content=\"fr_FR\" \/>\n<meta property=\"og:type\" content=\"article\" \/>\n<meta property=\"og:title\" content=\"250ml Amber Glass Reagent Bottle &amp; Ground Stopper | Origin Pharma Packaging\" \/>\n<meta property=\"og:description\" content=\"Find out about 250ml reagent bottles &amp; ground stoppers available from Origin, bulk supplier of packaging for use in the pharmaceutical industry. Order a sample or get in touch for more details.\" \/>\n<meta property=\"og:url\" content=\"https:\/\/originltd.com\/fr\/produit\/250ml-amber-glass-reagent-bottle-ground-stopper\/\" \/>\n<meta property=\"og:site_name\" content=\"Origin Pharma Packaging\" \/>\n<meta property=\"article:publisher\" content=\"https:\/\/www.facebook.com\/originpharmapackaging\" \/>\n<meta property=\"article:modified_time\" content=\"2025-10-07T14:57:59+00:00\" \/>\n<meta property=\"og:image\" content=\"https:\/\/originltd.com\/wp-content\/uploads\/2022\/06\/rbg430250a-250ml-amber-reagent-bottle-ground-stopper-scaled.jpg\" \/>\n\t<meta property=\"og:image:width\" content=\"1707\" \/>\n\t<meta property=\"og:image:height\" content=\"2560\" \/>\n\t<meta property=\"og:image:type\" content=\"image\/jpeg\" \/>\n<meta name=\"twitter:card\" content=\"summary_large_image\" \/>\n<meta name=\"twitter:site\" content=\"@originpharma\" \/>\n<meta name=\"twitter:label1\" content=\"Dur\u00e9e de lecture estim\u00e9e\" \/>\n\t<meta name=\"twitter:data1\" content=\"1 minute\" \/>\n<script type=\"application\/ld+json\" class=\"yoast-schema-graph\">{\"@context\":\"https:\\\/\\\/schema.org\",\"@graph\":[{\"@type\":\"WebPage\",\"@id\":\"https:\\\/\\\/originltd.com\\\/product\\\/250ml-amber-glass-reagent-bottle-ground-stopper\\\/\",\"url\":\"https:\\\/\\\/originltd.com\\\/product\\\/250ml-amber-glass-reagent-bottle-ground-stopper\\\/\",\"name\":\"250ml Amber Glass Reagent Bottle & Ground Stopper | Origin Pharma Packaging\",\"isPartOf\":{\"@id\":\"https:\\\/\\\/originltd.com\\\/#website\"},\"primaryImageOfPage\":{\"@id\":\"https:\\\/\\\/originltd.com\\\/product\\\/250ml-amber-glass-reagent-bottle-ground-stopper\\\/#primaryimage\"},\"image\":{\"@id\":\"https:\\\/\\\/originltd.com\\\/product\\\/250ml-amber-glass-reagent-bottle-ground-stopper\\\/#primaryimage\"},\"thumbnailUrl\":\"https:\\\/\\\/originltd.com\\\/wp-content\\\/uploads\\\/2022\\\/06\\\/rbg430250a-250ml-amber-reagent-bottle-ground-stopper-scaled.jpg\",\"datePublished\":\"2022-06-29T12:04:27+00:00\",\"dateModified\":\"2025-10-07T14:57:59+00:00\",\"description\":\"Find out about 250ml reagent bottles & ground stoppers available from Origin, bulk supplier of packaging for use in the pharmaceutical industry. Order a sample or get in touch for more details.\",\"breadcrumb\":{\"@id\":\"https:\\\/\\\/originltd.com\\\/product\\\/250ml-amber-glass-reagent-bottle-ground-stopper\\\/#breadcrumb\"},\"inLanguage\":\"fr-FR\",\"potentialAction\":[{\"@type\":\"ReadAction\",\"target\":[\"https:\\\/\\\/originltd.com\\\/product\\\/250ml-amber-glass-reagent-bottle-ground-stopper\\\/\"]}]},{\"@type\":\"ImageObject\",\"inLanguage\":\"fr-FR\",\"@id\":\"https:\\\/\\\/originltd.com\\\/product\\\/250ml-amber-glass-reagent-bottle-ground-stopper\\\/#primaryimage\",\"url\":\"https:\\\/\\\/originltd.com\\\/wp-content\\\/uploads\\\/2022\\\/06\\\/rbg430250a-250ml-amber-reagent-bottle-ground-stopper-scaled.jpg\",\"contentUrl\":\"https:\\\/\\\/originltd.com\\\/wp-content\\\/uploads\\\/2022\\\/06\\\/rbg430250a-250ml-amber-reagent-bottle-ground-stopper-scaled.jpg\",\"width\":1707,\"height\":2560,\"caption\":\"250ml-amber-reagent-bottle-ground-stopper\"},{\"@type\":\"BreadcrumbList\",\"@id\":\"https:\\\/\\\/originltd.com\\\/product\\\/250ml-amber-glass-reagent-bottle-ground-stopper\\\/#breadcrumb\",\"itemListElement\":[{\"@type\":\"ListItem\",\"position\":1,\"name\":\"Home\",\"item\":\"https:\\\/\\\/originltd.com\\\/\"},{\"@type\":\"ListItem\",\"position\":2,\"name\":\"Pharmaceutical Packaging Products\",\"item\":\"https:\\\/\\\/originltd.com\\\/pharmaceutical-packaging\\\/\"},{\"@type\":\"ListItem\",\"position\":3,\"name\":\"Wholesale Glass Packaging\",\"item\":\"https:\\\/\\\/originltd.com\\\/packaging\\\/glass\\\/\"},{\"@type\":\"ListItem\",\"position\":4,\"name\":\"250ml Amber Glass Reagent Bottle &#038; Ground Stopper\"}]},{\"@type\":\"WebSite\",\"@id\":\"https:\\\/\\\/originltd.com\\\/#website\",\"url\":\"https:\\\/\\\/originltd.com\\\/\",\"name\":\"Origin Pharma Packaging\",\"description\":\"\",\"publisher\":{\"@id\":\"https:\\\/\\\/originltd.com\\\/#organization\"},\"alternateName\":\"Origin Ltd.\",\"potentialAction\":[{\"@type\":\"SearchAction\",\"target\":{\"@type\":\"EntryPoint\",\"urlTemplate\":\"https:\\\/\\\/originltd.com\\\/?s={search_term_string}\"},\"query-input\":{\"@type\":\"PropertyValueSpecification\",\"valueRequired\":true,\"valueName\":\"search_term_string\"}}],\"inLanguage\":\"fr-FR\"},{\"@type\":\"Organization\",\"@id\":\"https:\\\/\\\/originltd.com\\\/#organization\",\"name\":\"Origin Pharma Packaging\",\"url\":\"https:\\\/\\\/originltd.com\\\/\",\"logo\":{\"@type\":\"ImageObject\",\"inLanguage\":\"fr-FR\",\"@id\":\"https:\\\/\\\/originltd.com\\\/#\\\/schema\\\/logo\\\/image\\\/\",\"url\":\"https:\\\/\\\/originltd.com\\\/wp-content\\\/uploads\\\/2024\\\/06\\\/cropped-Origin-logo-For-Health-For-Life-RGB@10x.png\",\"contentUrl\":\"https:\\\/\\\/originltd.com\\\/wp-content\\\/uploads\\\/2024\\\/06\\\/cropped-Origin-logo-For-Health-For-Life-RGB@10x.png\",\"width\":227,\"height\":65,\"caption\":\"Origin Pharma Packaging\"},\"image\":{\"@id\":\"https:\\\/\\\/originltd.com\\\/#\\\/schema\\\/logo\\\/image\\\/\"},\"sameAs\":[\"https:\\\/\\\/www.facebook.com\\\/originpharmapackaging\",\"https:\\\/\\\/x.com\\\/originpharma\",\"https:\\\/\\\/www.linkedin.com\\\/company\\\/origin-packaging-ltd\\\/\",\"https:\\\/\\\/www.youtube.com\\\/channel\\\/UCOOJl3eFOiO7lJT6f5qHygA\"]}]}<\/script>\n<!-- \/ Yoast SEO plugin. -->","yoast_head_json":{"title":"Bouteille de r\u00e9actif en verre ambr\u00e9 de 250ml avec bouchon en terre | Origin Pharma Packaging","description":"D\u00e9couvrez les flacons pour r\u00e9actifs de 250 ml et les bouchons de sol disponibles aupr\u00e8s d'Origin, fournisseur d'emballages en vrac pour l'industrie pharmaceutique. Commandez un \u00e9chantillon ou contactez-nous pour plus d'informations.","robots":{"index":"index","follow":"follow","max-snippet":"max-snippet:-1","max-image-preview":"max-image-preview:large","max-video-preview":"max-video-preview:-1"},"canonical":"https:\/\/originltd.com\/fr\/produit\/250ml-amber-glass-reagent-bottle-ground-stopper\/","og_locale":"fr_FR","og_type":"article","og_title":"250ml Amber Glass Reagent Bottle & Ground Stopper | Origin Pharma Packaging","og_description":"Find out about 250ml reagent bottles & ground stoppers available from Origin, bulk supplier of packaging for use in the pharmaceutical industry. Order a sample or get in touch for more details.","og_url":"https:\/\/originltd.com\/fr\/produit\/250ml-amber-glass-reagent-bottle-ground-stopper\/","og_site_name":"Origin Pharma Packaging","article_publisher":"https:\/\/www.facebook.com\/originpharmapackaging","article_modified_time":"2025-10-07T14:57:59+00:00","og_image":[{"width":1707,"height":2560,"url":"https:\/\/originltd.com\/wp-content\/uploads\/2022\/06\/rbg430250a-250ml-amber-reagent-bottle-ground-stopper-scaled.jpg","type":"image\/jpeg"}],"twitter_card":"summary_large_image","twitter_site":"@originpharma","twitter_misc":{"Dur\u00e9e de lecture estim\u00e9e":"1 minute"},"schema":{"@context":"https:\/\/schema.org","@graph":[{"@type":"WebPage","@id":"https:\/\/originltd.com\/product\/250ml-amber-glass-reagent-bottle-ground-stopper\/","url":"https:\/\/originltd.com\/product\/250ml-amber-glass-reagent-bottle-ground-stopper\/","name":"Bouteille de r\u00e9actif en verre ambr\u00e9 de 250ml avec bouchon en terre | Origin Pharma Packaging","isPartOf":{"@id":"https:\/\/originltd.com\/#website"},"primaryImageOfPage":{"@id":"https:\/\/originltd.com\/product\/250ml-amber-glass-reagent-bottle-ground-stopper\/#primaryimage"},"image":{"@id":"https:\/\/originltd.com\/product\/250ml-amber-glass-reagent-bottle-ground-stopper\/#primaryimage"},"thumbnailUrl":"https:\/\/originltd.com\/wp-content\/uploads\/2022\/06\/rbg430250a-250ml-amber-reagent-bottle-ground-stopper-scaled.jpg","datePublished":"2022-06-29T12:04:27+00:00","dateModified":"2025-10-07T14:57:59+00:00","description":"D\u00e9couvrez les flacons pour r\u00e9actifs de 250 ml et les bouchons de sol disponibles aupr\u00e8s d'Origin, fournisseur d'emballages en vrac pour l'industrie pharmaceutique. Commandez un \u00e9chantillon ou contactez-nous pour plus d'informations.","breadcrumb":{"@id":"https:\/\/originltd.com\/product\/250ml-amber-glass-reagent-bottle-ground-stopper\/#breadcrumb"},"inLanguage":"fr-FR","potentialAction":[{"@type":"ReadAction","target":["https:\/\/originltd.com\/product\/250ml-amber-glass-reagent-bottle-ground-stopper\/"]}]},{"@type":"ImageObject","inLanguage":"fr-FR","@id":"https:\/\/originltd.com\/product\/250ml-amber-glass-reagent-bottle-ground-stopper\/#primaryimage","url":"https:\/\/originltd.com\/wp-content\/uploads\/2022\/06\/rbg430250a-250ml-amber-reagent-bottle-ground-stopper-scaled.jpg","contentUrl":"https:\/\/originltd.com\/wp-content\/uploads\/2022\/06\/rbg430250a-250ml-amber-reagent-bottle-ground-stopper-scaled.jpg","width":1707,"height":2560,"caption":"250ml-amber-reagent-bottle-ground-stopper"},{"@type":"BreadcrumbList","@id":"https:\/\/originltd.com\/product\/250ml-amber-glass-reagent-bottle-ground-stopper\/#breadcrumb","itemListElement":[{"@type":"ListItem","position":1,"name":"Home","item":"https:\/\/originltd.com\/"},{"@type":"ListItem","position":2,"name":"Pharmaceutical Packaging Products","item":"https:\/\/originltd.com\/pharmaceutical-packaging\/"},{"@type":"ListItem","position":3,"name":"Wholesale Glass Packaging","item":"https:\/\/originltd.com\/packaging\/glass\/"},{"@type":"ListItem","position":4,"name":"250ml Amber Glass Reagent Bottle &#038; Ground Stopper"}]},{"@type":"WebSite","@id":"https:\/\/originltd.com\/#website","url":"https:\/\/originltd.com\/","name":"Origin Pharma Packaging","description":"","publisher":{"@id":"https:\/\/originltd.com\/#organization"},"alternateName":"Origin Ltd.","potentialAction":[{"@type":"SearchAction","target":{"@type":"EntryPoint","urlTemplate":"https:\/\/originltd.com\/?s={search_term_string}"},"query-input":{"@type":"PropertyValueSpecification","valueRequired":true,"valueName":"search_term_string"}}],"inLanguage":"fr-FR"},{"@type":"Organization","@id":"https:\/\/originltd.com\/#organization","name":"Origin Pharma Packaging","url":"https:\/\/originltd.com\/","logo":{"@type":"ImageObject","inLanguage":"fr-FR","@id":"https:\/\/originltd.com\/#\/schema\/logo\/image\/","url":"https:\/\/originltd.com\/wp-content\/uploads\/2024\/06\/cropped-Origin-logo-For-Health-For-Life-RGB@10x.png","contentUrl":"https:\/\/originltd.com\/wp-content\/uploads\/2024\/06\/cropped-Origin-logo-For-Health-For-Life-RGB@10x.png","width":227,"height":65,"caption":"Origin Pharma Packaging"},"image":{"@id":"https:\/\/originltd.com\/#\/schema\/logo\/image\/"},"sameAs":["https:\/\/www.facebook.com\/originpharmapackaging","https:\/\/x.com\/originpharma","https:\/\/www.linkedin.com\/company\/origin-packaging-ltd\/","https:\/\/www.youtube.com\/channel\/UCOOJl3eFOiO7lJT6f5qHygA"]}]}},"_links":{"self":[{"href":"https:\/\/originltd.com\/fr\/wp-json\/wp\/v2\/product\/8641","targetHints":{"allow":["GET"]}}],"collection":[{"href":"https:\/\/originltd.com\/fr\/wp-json\/wp\/v2\/product"}],"about":[{"href":"https:\/\/originltd.com\/fr\/wp-json\/wp\/v2\/types\/product"}],"replies":[{"embeddable":true,"href":"https:\/\/originltd.com\/fr\/wp-json\/wp\/v2\/comments?post=8641"}],"wp:featuredmedia":[{"embeddable":true,"href":"https:\/\/originltd.com\/fr\/wp-json\/wp\/v2\/media\/8633"}],"wp:attachment":[{"href":"https:\/\/originltd.com\/fr\/wp-json\/wp\/v2\/media?parent=8641"}],"wp:term":[{"taxonomy":"product_brand","embeddable":true,"href":"https:\/\/originltd.com\/fr\/wp-json\/wp\/v2\/product_brand?post=8641"},{"taxonomy":"product_cat","embeddable":true,"href":"https:\/\/originltd.com\/fr\/wp-json\/wp\/v2\/product_cat?post=8641"},{"taxonomy":"product_tag","embeddable":true,"href":"https:\/\/originltd.com\/fr\/wp-json\/wp\/v2\/product_tag?post=8641"}],"curies":[{"name":"wp","href":"https:\/\/api.w.org\/{rel}","templated":true}]}}