
{"id":8720,"date":"2022-07-06T07:36:26","date_gmt":"2022-07-06T06:36:26","guid":{"rendered":"https:\/\/originltd.in-beta.dev\/?post_type=product&#038;p=8720"},"modified":"2024-04-24T15:45:00","modified_gmt":"2024-04-24T14:45:00","slug":"50ml-standard-snap-lock-system-hdpe-bottle","status":"publish","type":"product","link":"https:\/\/originltd.com\/fr\/product\/50ml-standard-snap-lock-system-hdpe-bottle\/","title":{"rendered":"Flacons standard de 50 ml en PE-HD \u00e0 fermeture par pression"},"content":{"rendered":"","protected":false},"excerpt":{"rendered":"<p>Nous avons recours \u00e0 notre dispositif de blocage s\u00e9curis\u00e9 par pression pour conserver les m\u00e9dicaments sous forme solide pour un dosage pr\u00e9vu \u00e0 l'avance gr\u00e2ce notre fermeture in\u00e9gal\u00e9e sur le march\u00e9, qui constitue ainsi le nec plus ultra en mati\u00e8re de s\u00e9curit\u00e9 dans l'administration des \nm\u00e9dicaments. Le mode de fabrication est le moulage par injection, ou bien le moulage par soufflage. Le contenant principal est con\u00e7u en HP-DE, tandis que le dispositif de fermeture est en LDPE. L'ensemble est produit en chambre blanche r\u00e9unissant toutes les conditions d'hygi\u00e8ne pr\u00e9conis\u00e9es en la mati\u00e8re.<\/p>\n<ul>\n<li>R\u00e9pertori\u00e9s FDA, DMF (\"Drug Master File\", U.SA.) de Type I , DMF N\u00b0 12077 ;<\/li>\n<li>13 tailles \u00e9chelonn\u00e9es de 50 \u00e0 300 ml ;<\/li>\n<li>disponibles avec capsule d\u00e9shydratante int\u00e9gr\u00e9e et fix\u00e9e \u00e0 4 g ;<\/li>\n<li>dispositif de fermeture s\u00e9curis\u00e9e \u00e0 pression ;<\/li>\n<li>un col \u00e9troit par sa conception ;<\/li>\n<li>un dispositif d'ouverture facilit\u00e9e du bouchon ;<\/li>\n<li>des bouchons disponibles en plusieurs coloris ;<\/li>\n<li>bague d'inviolabilit\u00e9 ;<\/li>\n<\/ul>","protected":false},"featured_media":8719,"comment_status":"closed","ping_status":"closed","template":"","meta":{"_acf_changed":false},"product_brand":[],"product_cat":[2207,2206,2184,96,2188,2190,2191,109],"product_tag":[],"class_list":{"0":"post-8720","1":"product","2":"type-product","3":"status-publish","4":"has-post-thumbnail","6":"product_cat-health-wellbeing-packaging","7":"product_cat-pharmaceutical-packaging","8":"product_cat-bottles","9":"product_cat-plastic","10":"product_cat-round-bottles","11":"product_cat-tamper-proof","12":"product_cat-white-bottles","13":"product_cat-hdpe-bottles","15":"first","16":"instock","17":"sold-individually","18":"shipping-taxable","19":"product-type-simple"},"acf":[],"yoast_head":"<!-- This site is optimized with the Yoast SEO plugin v27.3 - https:\/\/yoast.com\/product\/yoast-seo-wordpress\/ -->\n<title>50ml Standard Snap Lock System HDPE Bottle | Origin Pharma Packaging<\/title>\n<meta name=\"description\" content=\"Find out about standard snap lock system HDPE bottles available from Origin, bulk supplier of packaging for use in the pharmaceutical industry. Order a sample or get in touch for more details.\" \/>\n<meta name=\"robots\" content=\"index, follow, max-snippet:-1, max-image-preview:large, max-video-preview:-1\" \/>\n<link rel=\"canonical\" href=\"https:\/\/originltd.com\/fr\/produit\/50ml-standard-snap-lock-system-hdpe-bottle\/\" \/>\n<meta property=\"og:locale\" content=\"fr_FR\" \/>\n<meta property=\"og:type\" content=\"article\" \/>\n<meta property=\"og:title\" content=\"50ml Standard Snap Lock System HDPE Bottle | Origin Pharma Packaging\" \/>\n<meta property=\"og:description\" content=\"Find out about standard snap lock system HDPE bottles available from Origin, bulk supplier of packaging for use in the pharmaceutical industry. Order a sample or get in touch for more details.\" \/>\n<meta property=\"og:url\" content=\"https:\/\/originltd.com\/fr\/produit\/50ml-standard-snap-lock-system-hdpe-bottle\/\" \/>\n<meta property=\"og:site_name\" content=\"Origin Pharma Packaging\" \/>\n<meta property=\"article:publisher\" content=\"https:\/\/www.facebook.com\/originpharmapackaging\" \/>\n<meta property=\"article:modified_time\" content=\"2024-04-24T14:45:00+00:00\" \/>\n<meta property=\"og:image\" content=\"https:\/\/originltd.com\/wp-content\/uploads\/2022\/07\/031050-0000-scaled.jpg\" \/>\n\t<meta property=\"og:image:width\" content=\"1707\" \/>\n\t<meta property=\"og:image:height\" content=\"2560\" \/>\n\t<meta property=\"og:image:type\" content=\"image\/jpeg\" \/>\n<meta name=\"twitter:card\" content=\"summary_large_image\" \/>\n<meta name=\"twitter:site\" content=\"@originpharma\" \/>\n<meta name=\"twitter:label1\" content=\"Dur\u00e9e de lecture estim\u00e9e\" \/>\n\t<meta name=\"twitter:data1\" content=\"1 minute\" \/>\n<script type=\"application\/ld+json\" class=\"yoast-schema-graph\">{\"@context\":\"https:\\\/\\\/schema.org\",\"@graph\":[{\"@type\":\"WebPage\",\"@id\":\"https:\\\/\\\/originltd.com\\\/product\\\/50ml-standard-snap-lock-system-hdpe-bottle\\\/\",\"url\":\"https:\\\/\\\/originltd.com\\\/product\\\/50ml-standard-snap-lock-system-hdpe-bottle\\\/\",\"name\":\"50ml Standard Snap Lock System HDPE Bottle | Origin Pharma Packaging\",\"isPartOf\":{\"@id\":\"https:\\\/\\\/originltd.com\\\/#website\"},\"primaryImageOfPage\":{\"@id\":\"https:\\\/\\\/originltd.com\\\/product\\\/50ml-standard-snap-lock-system-hdpe-bottle\\\/#primaryimage\"},\"image\":{\"@id\":\"https:\\\/\\\/originltd.com\\\/product\\\/50ml-standard-snap-lock-system-hdpe-bottle\\\/#primaryimage\"},\"thumbnailUrl\":\"https:\\\/\\\/originltd.com\\\/wp-content\\\/uploads\\\/2022\\\/07\\\/031050-0000-scaled.jpg\",\"datePublished\":\"2022-07-06T06:36:26+00:00\",\"dateModified\":\"2024-04-24T14:45:00+00:00\",\"description\":\"Find out about standard snap lock system HDPE bottles available from Origin, bulk supplier of packaging for use in the pharmaceutical industry. Order a sample or get in touch for more details.\",\"breadcrumb\":{\"@id\":\"https:\\\/\\\/originltd.com\\\/product\\\/50ml-standard-snap-lock-system-hdpe-bottle\\\/#breadcrumb\"},\"inLanguage\":\"fr-FR\",\"potentialAction\":[{\"@type\":\"ReadAction\",\"target\":[\"https:\\\/\\\/originltd.com\\\/product\\\/50ml-standard-snap-lock-system-hdpe-bottle\\\/\"]}]},{\"@type\":\"ImageObject\",\"inLanguage\":\"fr-FR\",\"@id\":\"https:\\\/\\\/originltd.com\\\/product\\\/50ml-standard-snap-lock-system-hdpe-bottle\\\/#primaryimage\",\"url\":\"https:\\\/\\\/originltd.com\\\/wp-content\\\/uploads\\\/2022\\\/07\\\/031050-0000-scaled.jpg\",\"contentUrl\":\"https:\\\/\\\/originltd.com\\\/wp-content\\\/uploads\\\/2022\\\/07\\\/031050-0000-scaled.jpg\",\"width\":1707,\"height\":2560,\"caption\":\"Medicine Jar\"},{\"@type\":\"BreadcrumbList\",\"@id\":\"https:\\\/\\\/originltd.com\\\/product\\\/50ml-standard-snap-lock-system-hdpe-bottle\\\/#breadcrumb\",\"itemListElement\":[{\"@type\":\"ListItem\",\"position\":1,\"name\":\"Home\",\"item\":\"https:\\\/\\\/originltd.com\\\/\"},{\"@type\":\"ListItem\",\"position\":2,\"name\":\"Pharmaceutical Packaging Products\",\"item\":\"https:\\\/\\\/originltd.com\\\/pharmaceutical-packaging\\\/\"},{\"@type\":\"ListItem\",\"position\":3,\"name\":\"Plastic Packaging\",\"item\":\"https:\\\/\\\/originltd.com\\\/packaging\\\/plastic\\\/\"},{\"@type\":\"ListItem\",\"position\":4,\"name\":\"Plastic Bottle Packaging\",\"item\":\"https:\\\/\\\/originltd.com\\\/packaging\\\/plastic\\\/bottles\\\/\"},{\"@type\":\"ListItem\",\"position\":5,\"name\":\"50ml Standard Snap Lock System HDPE Bottle\"}]},{\"@type\":\"WebSite\",\"@id\":\"https:\\\/\\\/originltd.com\\\/#website\",\"url\":\"https:\\\/\\\/originltd.com\\\/\",\"name\":\"Origin Pharma Packaging\",\"description\":\"\",\"publisher\":{\"@id\":\"https:\\\/\\\/originltd.com\\\/#organization\"},\"alternateName\":\"Origin Ltd.\",\"potentialAction\":[{\"@type\":\"SearchAction\",\"target\":{\"@type\":\"EntryPoint\",\"urlTemplate\":\"https:\\\/\\\/originltd.com\\\/?s={search_term_string}\"},\"query-input\":{\"@type\":\"PropertyValueSpecification\",\"valueRequired\":true,\"valueName\":\"search_term_string\"}}],\"inLanguage\":\"fr-FR\"},{\"@type\":\"Organization\",\"@id\":\"https:\\\/\\\/originltd.com\\\/#organization\",\"name\":\"Origin Pharma Packaging\",\"url\":\"https:\\\/\\\/originltd.com\\\/\",\"logo\":{\"@type\":\"ImageObject\",\"inLanguage\":\"fr-FR\",\"@id\":\"https:\\\/\\\/originltd.com\\\/#\\\/schema\\\/logo\\\/image\\\/\",\"url\":\"https:\\\/\\\/originltd.com\\\/wp-content\\\/uploads\\\/2024\\\/06\\\/cropped-Origin-logo-For-Health-For-Life-RGB@10x.png\",\"contentUrl\":\"https:\\\/\\\/originltd.com\\\/wp-content\\\/uploads\\\/2024\\\/06\\\/cropped-Origin-logo-For-Health-For-Life-RGB@10x.png\",\"width\":227,\"height\":65,\"caption\":\"Origin Pharma Packaging\"},\"image\":{\"@id\":\"https:\\\/\\\/originltd.com\\\/#\\\/schema\\\/logo\\\/image\\\/\"},\"sameAs\":[\"https:\\\/\\\/www.facebook.com\\\/originpharmapackaging\",\"https:\\\/\\\/x.com\\\/originpharma\",\"https:\\\/\\\/www.linkedin.com\\\/company\\\/origin-packaging-ltd\\\/\",\"https:\\\/\\\/www.youtube.com\\\/channel\\\/UCOOJl3eFOiO7lJT6f5qHygA\"]}]}<\/script>\n<!-- \/ Yoast SEO plugin. -->","yoast_head_json":{"title":"Bouteille HDPE 50ml Standard Snap Lock System | Origin Pharma Packaging","description":"D\u00e9couvrez les bouteilles HDPE standard avec syst\u00e8me de fermeture \u00e0 pression disponibles aupr\u00e8s d'Origin, fournisseur d'emballages en vrac destin\u00e9s \u00e0 l'industrie pharmaceutique. Commandez un \u00e9chantillon ou contactez-nous pour plus d'informations.","robots":{"index":"index","follow":"follow","max-snippet":"max-snippet:-1","max-image-preview":"max-image-preview:large","max-video-preview":"max-video-preview:-1"},"canonical":"https:\/\/originltd.com\/fr\/produit\/50ml-standard-snap-lock-system-hdpe-bottle\/","og_locale":"fr_FR","og_type":"article","og_title":"50ml Standard Snap Lock System HDPE Bottle | Origin Pharma Packaging","og_description":"Find out about standard snap lock system HDPE bottles available from Origin, bulk supplier of packaging for use in the pharmaceutical industry. Order a sample or get in touch for more details.","og_url":"https:\/\/originltd.com\/fr\/produit\/50ml-standard-snap-lock-system-hdpe-bottle\/","og_site_name":"Origin Pharma Packaging","article_publisher":"https:\/\/www.facebook.com\/originpharmapackaging","article_modified_time":"2024-04-24T14:45:00+00:00","og_image":[{"width":1707,"height":2560,"url":"https:\/\/originltd.com\/wp-content\/uploads\/2022\/07\/031050-0000-scaled.jpg","type":"image\/jpeg"}],"twitter_card":"summary_large_image","twitter_site":"@originpharma","twitter_misc":{"Dur\u00e9e de lecture estim\u00e9e":"1 minute"},"schema":{"@context":"https:\/\/schema.org","@graph":[{"@type":"WebPage","@id":"https:\/\/originltd.com\/product\/50ml-standard-snap-lock-system-hdpe-bottle\/","url":"https:\/\/originltd.com\/product\/50ml-standard-snap-lock-system-hdpe-bottle\/","name":"Bouteille HDPE 50ml Standard Snap Lock System | Origin Pharma Packaging","isPartOf":{"@id":"https:\/\/originltd.com\/#website"},"primaryImageOfPage":{"@id":"https:\/\/originltd.com\/product\/50ml-standard-snap-lock-system-hdpe-bottle\/#primaryimage"},"image":{"@id":"https:\/\/originltd.com\/product\/50ml-standard-snap-lock-system-hdpe-bottle\/#primaryimage"},"thumbnailUrl":"https:\/\/originltd.com\/wp-content\/uploads\/2022\/07\/031050-0000-scaled.jpg","datePublished":"2022-07-06T06:36:26+00:00","dateModified":"2024-04-24T14:45:00+00:00","description":"D\u00e9couvrez les bouteilles HDPE standard avec syst\u00e8me de fermeture \u00e0 pression disponibles aupr\u00e8s d'Origin, fournisseur d'emballages en vrac destin\u00e9s \u00e0 l'industrie pharmaceutique. Commandez un \u00e9chantillon ou contactez-nous pour plus d'informations.","breadcrumb":{"@id":"https:\/\/originltd.com\/product\/50ml-standard-snap-lock-system-hdpe-bottle\/#breadcrumb"},"inLanguage":"fr-FR","potentialAction":[{"@type":"ReadAction","target":["https:\/\/originltd.com\/product\/50ml-standard-snap-lock-system-hdpe-bottle\/"]}]},{"@type":"ImageObject","inLanguage":"fr-FR","@id":"https:\/\/originltd.com\/product\/50ml-standard-snap-lock-system-hdpe-bottle\/#primaryimage","url":"https:\/\/originltd.com\/wp-content\/uploads\/2022\/07\/031050-0000-scaled.jpg","contentUrl":"https:\/\/originltd.com\/wp-content\/uploads\/2022\/07\/031050-0000-scaled.jpg","width":1707,"height":2560,"caption":"Medicine Jar"},{"@type":"BreadcrumbList","@id":"https:\/\/originltd.com\/product\/50ml-standard-snap-lock-system-hdpe-bottle\/#breadcrumb","itemListElement":[{"@type":"ListItem","position":1,"name":"Home","item":"https:\/\/originltd.com\/"},{"@type":"ListItem","position":2,"name":"Pharmaceutical Packaging Products","item":"https:\/\/originltd.com\/pharmaceutical-packaging\/"},{"@type":"ListItem","position":3,"name":"Plastic Packaging","item":"https:\/\/originltd.com\/packaging\/plastic\/"},{"@type":"ListItem","position":4,"name":"Plastic Bottle Packaging","item":"https:\/\/originltd.com\/packaging\/plastic\/bottles\/"},{"@type":"ListItem","position":5,"name":"50ml Standard Snap Lock System HDPE Bottle"}]},{"@type":"WebSite","@id":"https:\/\/originltd.com\/#website","url":"https:\/\/originltd.com\/","name":"Origin Pharma Packaging","description":"","publisher":{"@id":"https:\/\/originltd.com\/#organization"},"alternateName":"Origin Ltd.","potentialAction":[{"@type":"SearchAction","target":{"@type":"EntryPoint","urlTemplate":"https:\/\/originltd.com\/?s={search_term_string}"},"query-input":{"@type":"PropertyValueSpecification","valueRequired":true,"valueName":"search_term_string"}}],"inLanguage":"fr-FR"},{"@type":"Organization","@id":"https:\/\/originltd.com\/#organization","name":"Origin Pharma Packaging","url":"https:\/\/originltd.com\/","logo":{"@type":"ImageObject","inLanguage":"fr-FR","@id":"https:\/\/originltd.com\/#\/schema\/logo\/image\/","url":"https:\/\/originltd.com\/wp-content\/uploads\/2024\/06\/cropped-Origin-logo-For-Health-For-Life-RGB@10x.png","contentUrl":"https:\/\/originltd.com\/wp-content\/uploads\/2024\/06\/cropped-Origin-logo-For-Health-For-Life-RGB@10x.png","width":227,"height":65,"caption":"Origin Pharma Packaging"},"image":{"@id":"https:\/\/originltd.com\/#\/schema\/logo\/image\/"},"sameAs":["https:\/\/www.facebook.com\/originpharmapackaging","https:\/\/x.com\/originpharma","https:\/\/www.linkedin.com\/company\/origin-packaging-ltd\/","https:\/\/www.youtube.com\/channel\/UCOOJl3eFOiO7lJT6f5qHygA"]}]}},"_links":{"self":[{"href":"https:\/\/originltd.com\/fr\/wp-json\/wp\/v2\/product\/8720","targetHints":{"allow":["GET"]}}],"collection":[{"href":"https:\/\/originltd.com\/fr\/wp-json\/wp\/v2\/product"}],"about":[{"href":"https:\/\/originltd.com\/fr\/wp-json\/wp\/v2\/types\/product"}],"replies":[{"embeddable":true,"href":"https:\/\/originltd.com\/fr\/wp-json\/wp\/v2\/comments?post=8720"}],"wp:featuredmedia":[{"embeddable":true,"href":"https:\/\/originltd.com\/fr\/wp-json\/wp\/v2\/media\/8719"}],"wp:attachment":[{"href":"https:\/\/originltd.com\/fr\/wp-json\/wp\/v2\/media?parent=8720"}],"wp:term":[{"taxonomy":"product_brand","embeddable":true,"href":"https:\/\/originltd.com\/fr\/wp-json\/wp\/v2\/product_brand?post=8720"},{"taxonomy":"product_cat","embeddable":true,"href":"https:\/\/originltd.com\/fr\/wp-json\/wp\/v2\/product_cat?post=8720"},{"taxonomy":"product_tag","embeddable":true,"href":"https:\/\/originltd.com\/fr\/wp-json\/wp\/v2\/product_tag?post=8720"}],"curies":[{"name":"wp","href":"https:\/\/api.w.org\/{rel}","templated":true}]}}